{"id":8301,"date":"2025-06-29T10:21:21","date_gmt":"2025-06-29T08:21:21","guid":{"rendered":"https:\/\/uj.adatbank.ro\/lexikon\/termek\/friedmann-zsigmond\/"},"modified":"2025-06-29T10:21:21","modified_gmt":"2025-06-29T08:21:21","slug":"friedmann-zsigmond","status":"publish","type":"product","link":"https:\/\/uj.adatbank.ro\/lexikon\/termek\/friedmann-zsigmond\/","title":{"rendered":"FRIEDMANN Zsigmond"},"content":{"rendered":"<p>Erd\u0151szentgy\u00f6rgy, 1903., \u2020\u00a0? : keresked\u0151. \u2013 Iskol\u00e1it Mv.-en v\u00e9gezte, majd a keresked\u0151i p\u00e1ly\u00e1ra l\u00e9pett, a seg\u00e9d\u00e9vek let\u00f6lt\u00e9se ut\u00e1n \u00f6n\u00e1ll\u00f3 lett Ny\u00e1r\u00e1dszered\u00e1ban (1935). <br \/><strong>Irod.:<\/strong> Sz\u00e9kelyf\u00f6ld \u00ed. k<\/br><\/p>\n","protected":false},"excerpt":{"rendered":"<p>Erd\u0151szentgy\u00f6rgy, 1903., \u2020\u00a0? : keresked\u0151. \u2013 Iskol\u00e1it Mv.-en v\u00e9gezte, majd a keresked\u0151i p\u00e1ly\u00e1ra l\u00e9pett, a seg\u00e9d\u00e9vek let\u00f6lt\u00e9se ut\u00e1n \u00f6n\u00e1ll\u00f3 lett Ny\u00e1r\u00e1dszered\u00e1ban (1935). Irod.: Sz\u00e9kelyf\u00f6ld \u00ed. k<\/p>\n","protected":false},"featured_media":0,"comment_status":"open","ping_status":"closed","template":"","meta":[],"product_brand":[],"product_cat":[137],"product_tag":[],"class_list":{"0":"post-8301","1":"product","2":"type-product","3":"status-publish","5":"product_cat-maros-megyei-eletrajzi-lexikon","7":"first","8":"instock","9":"shipping-taxable","10":"product-type-simple"},"_links":{"self":[{"href":"https:\/\/uj.adatbank.ro\/lexikon\/wp-json\/wp\/v2\/product\/8301","targetHints":{"allow":["GET"]}}],"collection":[{"href":"https:\/\/uj.adatbank.ro\/lexikon\/wp-json\/wp\/v2\/product"}],"about":[{"href":"https:\/\/uj.adatbank.ro\/lexikon\/wp-json\/wp\/v2\/types\/product"}],"replies":[{"embeddable":true,"href":"https:\/\/uj.adatbank.ro\/lexikon\/wp-json\/wp\/v2\/comments?post=8301"}],"wp:attachment":[{"href":"https:\/\/uj.adatbank.ro\/lexikon\/wp-json\/wp\/v2\/media?parent=8301"}],"wp:term":[{"taxonomy":"product_brand","embeddable":true,"href":"https:\/\/uj.adatbank.ro\/lexikon\/wp-json\/wp\/v2\/product_brand?post=8301"},{"taxonomy":"product_cat","embeddable":true,"href":"https:\/\/uj.adatbank.ro\/lexikon\/wp-json\/wp\/v2\/product_cat?post=8301"},{"taxonomy":"product_tag","embeddable":true,"href":"https:\/\/uj.adatbank.ro\/lexikon\/wp-json\/wp\/v2\/product_tag?post=8301"}],"curies":[{"name":"wp","href":"https:\/\/api.w.org\/{rel}","templated":true}]}}