{"id":8303,"date":"2025-06-29T10:21:25","date_gmt":"2025-06-29T08:21:25","guid":{"rendered":"https:\/\/uj.adatbank.ro\/lexikon\/termek\/friedrich-istvan-fridrich-istvan\/"},"modified":"2025-06-29T10:21:25","modified_gmt":"2025-06-29T08:21:25","slug":"friedrich-istvan-fridrich-istvan","status":"publish","type":"product","link":"https:\/\/uj.adatbank.ro\/lexikon\/termek\/friedrich-istvan-fridrich-istvan\/","title":{"rendered":"FRIEDRICH Istv\u00e1n, Fridrich Istv\u00e1n"},"content":{"rendered":"<p>1813.?, \u2020\u00a0Mv., 1877. m\u00e1rc. 23.: titk\u00e1r. \u2013 Feles\u00e9ge: M\u00e1th\u00e9 \u00c1gnes. Gyermekeik: Istv\u00e1n, J\u00f3zsef, Alajos. \u2013 Cs. kir. ker\u00fcleti titk\u00e1r volt. <br \/><strong>Irod.:<\/strong> Gy\u00e1szjelent\u0151<\/br><\/p>\n","protected":false},"excerpt":{"rendered":"<p>1813.?, \u2020\u00a0Mv., 1877. m\u00e1rc. 23.: titk\u00e1r. \u2013 Feles\u00e9ge: M\u00e1th\u00e9 \u00c1gnes. Gyermekeik: Istv\u00e1n, J\u00f3zsef, Alajos. \u2013 Cs. kir. ker\u00fcleti titk\u00e1r volt. Irod.: Gy\u00e1szjelent\u0151<\/p>\n","protected":false},"featured_media":0,"comment_status":"open","ping_status":"closed","template":"","meta":[],"product_brand":[],"product_cat":[137],"product_tag":[],"class_list":{"0":"post-8303","1":"product","2":"type-product","3":"status-publish","5":"product_cat-maros-megyei-eletrajzi-lexikon","7":"first","8":"instock","9":"shipping-taxable","10":"product-type-simple"},"_links":{"self":[{"href":"https:\/\/uj.adatbank.ro\/lexikon\/wp-json\/wp\/v2\/product\/8303","targetHints":{"allow":["GET"]}}],"collection":[{"href":"https:\/\/uj.adatbank.ro\/lexikon\/wp-json\/wp\/v2\/product"}],"about":[{"href":"https:\/\/uj.adatbank.ro\/lexikon\/wp-json\/wp\/v2\/types\/product"}],"replies":[{"embeddable":true,"href":"https:\/\/uj.adatbank.ro\/lexikon\/wp-json\/wp\/v2\/comments?post=8303"}],"wp:attachment":[{"href":"https:\/\/uj.adatbank.ro\/lexikon\/wp-json\/wp\/v2\/media?parent=8303"}],"wp:term":[{"taxonomy":"product_brand","embeddable":true,"href":"https:\/\/uj.adatbank.ro\/lexikon\/wp-json\/wp\/v2\/product_brand?post=8303"},{"taxonomy":"product_cat","embeddable":true,"href":"https:\/\/uj.adatbank.ro\/lexikon\/wp-json\/wp\/v2\/product_cat?post=8303"},{"taxonomy":"product_tag","embeddable":true,"href":"https:\/\/uj.adatbank.ro\/lexikon\/wp-json\/wp\/v2\/product_tag?post=8303"}],"curies":[{"name":"wp","href":"https:\/\/api.w.org\/{rel}","templated":true}]}}