{"id":8304,"date":"2025-06-29T10:21:28","date_gmt":"2025-06-29T08:21:28","guid":{"rendered":"https:\/\/uj.adatbank.ro\/lexikon\/termek\/friedrich-istvan-friereich-istvan-alnevei-frater-istvan-gorcsoni-denes\/"},"modified":"2025-06-29T10:21:28","modified_gmt":"2025-06-29T08:21:28","slug":"friedrich-istvan-friereich-istvan-alnevei-frater-istvan-gorcsoni-denes","status":"publish","type":"product","link":"https:\/\/uj.adatbank.ro\/lexikon\/termek\/friedrich-istvan-friereich-istvan-alnevei-frater-istvan-gorcsoni-denes\/","title":{"rendered":"FRIEDRICH Istv\u00e1n, Friereich Istv\u00e1n, \u00c1lnevei: Fr\u00e1ter Istv\u00e1n, G\u00f6rcs\u00f6ni D\u00e9nes"},"content":{"rendered":"<p>Gernyeszeg, 1878. nov. 11., \u2020\u00a0Bp., 1914. m\u00e1rc. 1.: tan\u00e1r, \u00edr\u00f3, publicista. \u2013 Tanulm\u00e1nyait Kv., Bp. v\u00e9gezte (1903). Bp.-en tan\u00e1r (1903\u201314). R\u00e9szt vett a r. k. t\u00e1rsadalmi mozgalmakban, el\u0151ad\u00f3 kat. nagygy\u0171l\u00e9seken, a P\u00e1zm\u00e1ny Egyes\u00fclet eln\u00f6ke. Cikkeit k\u00f6z\u00f6lte az: Alkotm\u00e1ny, Bp.-i Szemle, Egyh\u00e1zi K\u00f6zlem\u00e9nyek, Huszadik Sz\u00e1zad, Irodalomt\u00f6rt\u00e9neti K\u00f6zlem\u00e9nyek, Katholikus Szemle, N\u00e9pnevel\u0151, XX. sz\u00e1zad-ban. \u2013 <strong>F. m.:<\/strong> Sz\u00e9chenyi m\u0171vei: R\u00f6pirat (Bp., 1904); A Singer-Marczali-\u00fcgy hiteles t\u00f6rt\u00e9nete. G\u00f6rcs\u00f6ni D\u00e9nes n\u00e9ven (Bp., 1912); Gr. Sz\u00e9chenyi Istv\u00e1n \u00e9lete (Bp., 1914\u201315). <br \/><strong>Irod.:<\/strong> Guly\u00e1s; Gy\u00e1szjelent\u0151; M\u00c9L\u00a0; Pint\u00e9r; Pint\u00e9r Jen\u0151; RNL; \u00daM\u00c9L; UIL<\/br><\/p>\n","protected":false},"excerpt":{"rendered":"<p>Gernyeszeg, 1878. nov. 11., \u2020\u00a0Bp., 1914. m\u00e1rc. 1.: tan\u00e1r, \u00edr\u00f3, publicista. \u2013 Tanulm\u00e1nyait Kv., Bp. v\u00e9gezte (1903). Bp.-en tan\u00e1r (1903\u201314). R\u00e9szt vett a r. k. t\u00e1rsadalmi mozgalmakban, el\u0151ad\u00f3 kat. nagygy\u0171l\u00e9seken, a P\u00e1zm\u00e1ny Egyes\u00fclet eln\u00f6ke. Cikkeit k\u00f6z\u00f6lte az: Alkotm\u00e1ny, Bp.-i Szemle, Egyh\u00e1zi K\u00f6zlem\u00e9nyek, Huszadik Sz\u00e1zad, Irodalomt\u00f6rt\u00e9neti K\u00f6zlem\u00e9nyek, Katholikus Szemle, N\u00e9pnevel\u0151, XX. sz\u00e1zad-ban. \u2013 F. m.: Sz\u00e9chenyi [&hellip;]<\/p>\n","protected":false},"featured_media":0,"comment_status":"open","ping_status":"closed","template":"","meta":[],"product_brand":[],"product_cat":[137],"product_tag":[],"class_list":{"0":"post-8304","1":"product","2":"type-product","3":"status-publish","5":"product_cat-maros-megyei-eletrajzi-lexikon","7":"first","8":"instock","9":"shipping-taxable","10":"product-type-simple"},"_links":{"self":[{"href":"https:\/\/uj.adatbank.ro\/lexikon\/wp-json\/wp\/v2\/product\/8304","targetHints":{"allow":["GET"]}}],"collection":[{"href":"https:\/\/uj.adatbank.ro\/lexikon\/wp-json\/wp\/v2\/product"}],"about":[{"href":"https:\/\/uj.adatbank.ro\/lexikon\/wp-json\/wp\/v2\/types\/product"}],"replies":[{"embeddable":true,"href":"https:\/\/uj.adatbank.ro\/lexikon\/wp-json\/wp\/v2\/comments?post=8304"}],"wp:attachment":[{"href":"https:\/\/uj.adatbank.ro\/lexikon\/wp-json\/wp\/v2\/media?parent=8304"}],"wp:term":[{"taxonomy":"product_brand","embeddable":true,"href":"https:\/\/uj.adatbank.ro\/lexikon\/wp-json\/wp\/v2\/product_brand?post=8304"},{"taxonomy":"product_cat","embeddable":true,"href":"https:\/\/uj.adatbank.ro\/lexikon\/wp-json\/wp\/v2\/product_cat?post=8304"},{"taxonomy":"product_tag","embeddable":true,"href":"https:\/\/uj.adatbank.ro\/lexikon\/wp-json\/wp\/v2\/product_tag?post=8304"}],"curies":[{"name":"wp","href":"https:\/\/api.w.org\/{rel}","templated":true}]}}