{"id":8305,"date":"2025-06-29T10:21:30","date_gmt":"2025-06-29T08:21:30","guid":{"rendered":"https:\/\/uj.adatbank.ro\/lexikon\/termek\/friedsmann-moritz\/"},"modified":"2025-06-29T10:21:30","modified_gmt":"2025-06-29T08:21:30","slug":"friedsmann-moritz","status":"publish","type":"product","link":"https:\/\/uj.adatbank.ro\/lexikon\/termek\/friedsmann-moritz\/","title":{"rendered":"FRIEDSMANN Moritz"},"content":{"rendered":"<p>Jakabfalva, 1835. j\u00fan. 13, \u2020\u00a0? : tan\u00e1r. &#8211; Apja pap. \u2013 A k\u00f6z\u00e9piskol\u00e1t Segesv\u00e1ron v\u00e9gezte, az egyetemet a b\u00e9csi M\u0171egyetemen (1854\u201355), a Th\u00fcbingeni Egy Hittud. \u00e9s B\u00f6lcs\u00e9szeti kar\u00e1n (1855\u201357). Sz\u00e1szr\u00e9genben le\u00e1nyiskolai tan\u00e1r, k\u00e9s\u0151bb Fogarason szolg\u00e1lt mint lelk\u00e9sz. <br \/><strong>Irod.:<\/strong> Szab\u00f3\u2013Simon\u2013Sz\u00f6gi<\/br><\/p>\n","protected":false},"excerpt":{"rendered":"<p>Jakabfalva, 1835. j\u00fan. 13, \u2020\u00a0? : tan\u00e1r. &#8211; Apja pap. \u2013 A k\u00f6z\u00e9piskol\u00e1t Segesv\u00e1ron v\u00e9gezte, az egyetemet a b\u00e9csi M\u0171egyetemen (1854\u201355), a Th\u00fcbingeni Egy Hittud. \u00e9s B\u00f6lcs\u00e9szeti kar\u00e1n (1855\u201357). Sz\u00e1szr\u00e9genben le\u00e1nyiskolai tan\u00e1r, k\u00e9s\u0151bb Fogarason szolg\u00e1lt mint lelk\u00e9sz. Irod.: Szab\u00f3\u2013Simon\u2013Sz\u00f6gi<\/p>\n","protected":false},"featured_media":0,"comment_status":"open","ping_status":"closed","template":"","meta":[],"product_brand":[],"product_cat":[137],"product_tag":[],"class_list":{"0":"post-8305","1":"product","2":"type-product","3":"status-publish","5":"product_cat-maros-megyei-eletrajzi-lexikon","7":"first","8":"instock","9":"shipping-taxable","10":"product-type-simple"},"_links":{"self":[{"href":"https:\/\/uj.adatbank.ro\/lexikon\/wp-json\/wp\/v2\/product\/8305","targetHints":{"allow":["GET"]}}],"collection":[{"href":"https:\/\/uj.adatbank.ro\/lexikon\/wp-json\/wp\/v2\/product"}],"about":[{"href":"https:\/\/uj.adatbank.ro\/lexikon\/wp-json\/wp\/v2\/types\/product"}],"replies":[{"embeddable":true,"href":"https:\/\/uj.adatbank.ro\/lexikon\/wp-json\/wp\/v2\/comments?post=8305"}],"wp:attachment":[{"href":"https:\/\/uj.adatbank.ro\/lexikon\/wp-json\/wp\/v2\/media?parent=8305"}],"wp:term":[{"taxonomy":"product_brand","embeddable":true,"href":"https:\/\/uj.adatbank.ro\/lexikon\/wp-json\/wp\/v2\/product_brand?post=8305"},{"taxonomy":"product_cat","embeddable":true,"href":"https:\/\/uj.adatbank.ro\/lexikon\/wp-json\/wp\/v2\/product_cat?post=8305"},{"taxonomy":"product_tag","embeddable":true,"href":"https:\/\/uj.adatbank.ro\/lexikon\/wp-json\/wp\/v2\/product_tag?post=8305"}],"curies":[{"name":"wp","href":"https:\/\/api.w.org\/{rel}","templated":true}]}}