{"id":8307,"date":"2025-06-29T10:21:38","date_gmt":"2025-06-29T08:21:38","guid":{"rendered":"https:\/\/uj.adatbank.ro\/lexikon\/termek\/frink-sandor\/"},"modified":"2025-06-29T10:21:38","modified_gmt":"2025-06-29T08:21:38","slug":"frink-sandor","status":"publish","type":"product","link":"https:\/\/uj.adatbank.ro\/lexikon\/termek\/frink-sandor\/","title":{"rendered":"FRINK S\u00e1ndor"},"content":{"rendered":"<p>Somostelke, 1892., \u2020\u00a0? : jegyz\u0151. \u2013 Tanulm\u00e1nyait a mv.-i R. K. F\u0151gimn.-ban v\u00e9gezte, majd a k\u00f6zigazgat\u00e1si p\u00e1ly\u00e1ra l\u00e9pett. Az els\u0151 vh.-ban az 50. gy. ezred k\u00f6tel\u00e9k\u00e9ben harcolt, sebes\u00fclten ker\u00fclt haza. Vezet\u0151jegyz\u0151k\u00e9nt m\u0171k\u00f6d\u00f6tt (1916\u2013) Szentp\u00e1lon, Somostelken, M\u00e1ross\u00e1rpatakon (1936\u2013). <br \/><strong>Irod.:<\/strong> Sz\u00e9kelyf\u00f6ld \u00ed. k<\/br><\/p>\n","protected":false},"excerpt":{"rendered":"<p>Somostelke, 1892., \u2020\u00a0? : jegyz\u0151. \u2013 Tanulm\u00e1nyait a mv.-i R. K. F\u0151gimn.-ban v\u00e9gezte, majd a k\u00f6zigazgat\u00e1si p\u00e1ly\u00e1ra l\u00e9pett. Az els\u0151 vh.-ban az 50. gy. ezred k\u00f6tel\u00e9k\u00e9ben harcolt, sebes\u00fclten ker\u00fclt haza. Vezet\u0151jegyz\u0151k\u00e9nt m\u0171k\u00f6d\u00f6tt (1916\u2013) Szentp\u00e1lon, Somostelken, M\u00e1ross\u00e1rpatakon (1936\u2013). Irod.: Sz\u00e9kelyf\u00f6ld \u00ed. k<\/p>\n","protected":false},"featured_media":0,"comment_status":"open","ping_status":"closed","template":"","meta":[],"product_brand":[],"product_cat":[137],"product_tag":[],"class_list":{"0":"post-8307","1":"product","2":"type-product","3":"status-publish","5":"product_cat-maros-megyei-eletrajzi-lexikon","7":"first","8":"instock","9":"shipping-taxable","10":"product-type-simple"},"_links":{"self":[{"href":"https:\/\/uj.adatbank.ro\/lexikon\/wp-json\/wp\/v2\/product\/8307","targetHints":{"allow":["GET"]}}],"collection":[{"href":"https:\/\/uj.adatbank.ro\/lexikon\/wp-json\/wp\/v2\/product"}],"about":[{"href":"https:\/\/uj.adatbank.ro\/lexikon\/wp-json\/wp\/v2\/types\/product"}],"replies":[{"embeddable":true,"href":"https:\/\/uj.adatbank.ro\/lexikon\/wp-json\/wp\/v2\/comments?post=8307"}],"wp:attachment":[{"href":"https:\/\/uj.adatbank.ro\/lexikon\/wp-json\/wp\/v2\/media?parent=8307"}],"wp:term":[{"taxonomy":"product_brand","embeddable":true,"href":"https:\/\/uj.adatbank.ro\/lexikon\/wp-json\/wp\/v2\/product_brand?post=8307"},{"taxonomy":"product_cat","embeddable":true,"href":"https:\/\/uj.adatbank.ro\/lexikon\/wp-json\/wp\/v2\/product_cat?post=8307"},{"taxonomy":"product_tag","embeddable":true,"href":"https:\/\/uj.adatbank.ro\/lexikon\/wp-json\/wp\/v2\/product_tag?post=8307"}],"curies":[{"name":"wp","href":"https:\/\/api.w.org\/{rel}","templated":true}]}}