{"id":8308,"date":"2025-06-29T10:21:39","date_gmt":"2025-06-29T08:21:39","guid":{"rendered":"https:\/\/uj.adatbank.ro\/lexikon\/termek\/friss-gyula\/"},"modified":"2025-06-29T10:21:39","modified_gmt":"2025-06-29T08:21:39","slug":"friss-gyula","status":"publish","type":"product","link":"https:\/\/uj.adatbank.ro\/lexikon\/termek\/friss-gyula\/","title":{"rendered":"FRISS Gyula"},"content":{"rendered":"<p>Bede, 1922. m\u00e1j. 8. \u2020\u00a0? : gazd\u00e1lkod\u00f3. \u2013 A v\u00e1d szerint a t\u00e1rsadalmi rend elleni t\u00e9nyked\u00e9s v\u00e1dj\u00e1val \u00e1ll\u00edtott\u00e1k a b\u00edr\u00f3s\u00e1g el\u00e9. T\u00edz \u00e9vre \u00edt\u00e9lt\u00e9k. Szabadult 1964. m\u00e1rc. 18. <br \/><strong>Irod.:<\/strong> 1956 Erd\u00e9lyben<\/br><\/p>\n","protected":false},"excerpt":{"rendered":"<p>Bede, 1922. m\u00e1j. 8. \u2020\u00a0? : gazd\u00e1lkod\u00f3. \u2013 A v\u00e1d szerint a t\u00e1rsadalmi rend elleni t\u00e9nyked\u00e9s v\u00e1dj\u00e1val \u00e1ll\u00edtott\u00e1k a b\u00edr\u00f3s\u00e1g el\u00e9. T\u00edz \u00e9vre \u00edt\u00e9lt\u00e9k. Szabadult 1964. m\u00e1rc. 18. Irod.: 1956 Erd\u00e9lyben<\/p>\n","protected":false},"featured_media":0,"comment_status":"open","ping_status":"closed","template":"","meta":[],"product_brand":[],"product_cat":[137],"product_tag":[],"class_list":{"0":"post-8308","1":"product","2":"type-product","3":"status-publish","5":"product_cat-maros-megyei-eletrajzi-lexikon","7":"first","8":"instock","9":"shipping-taxable","10":"product-type-simple"},"_links":{"self":[{"href":"https:\/\/uj.adatbank.ro\/lexikon\/wp-json\/wp\/v2\/product\/8308","targetHints":{"allow":["GET"]}}],"collection":[{"href":"https:\/\/uj.adatbank.ro\/lexikon\/wp-json\/wp\/v2\/product"}],"about":[{"href":"https:\/\/uj.adatbank.ro\/lexikon\/wp-json\/wp\/v2\/types\/product"}],"replies":[{"embeddable":true,"href":"https:\/\/uj.adatbank.ro\/lexikon\/wp-json\/wp\/v2\/comments?post=8308"}],"wp:attachment":[{"href":"https:\/\/uj.adatbank.ro\/lexikon\/wp-json\/wp\/v2\/media?parent=8308"}],"wp:term":[{"taxonomy":"product_brand","embeddable":true,"href":"https:\/\/uj.adatbank.ro\/lexikon\/wp-json\/wp\/v2\/product_brand?post=8308"},{"taxonomy":"product_cat","embeddable":true,"href":"https:\/\/uj.adatbank.ro\/lexikon\/wp-json\/wp\/v2\/product_cat?post=8308"},{"taxonomy":"product_tag","embeddable":true,"href":"https:\/\/uj.adatbank.ro\/lexikon\/wp-json\/wp\/v2\/product_tag?post=8308"}],"curies":[{"name":"wp","href":"https:\/\/api.w.org\/{rel}","templated":true}]}}