{"id":8309,"date":"2025-06-29T10:21:41","date_gmt":"2025-06-29T08:21:41","guid":{"rendered":"https:\/\/uj.adatbank.ro\/lexikon\/termek\/friss-sandor\/"},"modified":"2025-06-29T10:21:41","modified_gmt":"2025-06-29T08:21:41","slug":"friss-sandor","status":"publish","type":"product","link":"https:\/\/uj.adatbank.ro\/lexikon\/termek\/friss-sandor\/","title":{"rendered":"FRISS S\u00e1ndor"},"content":{"rendered":"<p>Szenth\u00e1roms\u00e1g, 1911. m\u00e1rc. 3., \u2020\u00a0Kuty, 1944. j\u00fal. 29 : honv\u00e9d. \u2013 Anyja Fazekas Julianna. \u2013 A 57\/III. z\u00e1szl\u00f3alj honv\u00e9dje. Eltemett\u00e9k Rostrace (v. Tudi\u00f3w) h\u0151si temet\u0151be. <br \/><strong>Irod.:<\/strong> Berekm\u00e9ri 2015<\/br><\/p>\n","protected":false},"excerpt":{"rendered":"<p>Szenth\u00e1roms\u00e1g, 1911. m\u00e1rc. 3., \u2020\u00a0Kuty, 1944. j\u00fal. 29 : honv\u00e9d. \u2013 Anyja Fazekas Julianna. \u2013 A 57\/III. z\u00e1szl\u00f3alj honv\u00e9dje. Eltemett\u00e9k Rostrace (v. Tudi\u00f3w) h\u0151si temet\u0151be. Irod.: Berekm\u00e9ri 2015<\/p>\n","protected":false},"featured_media":0,"comment_status":"open","ping_status":"closed","template":"","meta":[],"product_brand":[],"product_cat":[137],"product_tag":[],"class_list":{"0":"post-8309","1":"product","2":"type-product","3":"status-publish","5":"product_cat-maros-megyei-eletrajzi-lexikon","7":"first","8":"instock","9":"shipping-taxable","10":"product-type-simple"},"_links":{"self":[{"href":"https:\/\/uj.adatbank.ro\/lexikon\/wp-json\/wp\/v2\/product\/8309","targetHints":{"allow":["GET"]}}],"collection":[{"href":"https:\/\/uj.adatbank.ro\/lexikon\/wp-json\/wp\/v2\/product"}],"about":[{"href":"https:\/\/uj.adatbank.ro\/lexikon\/wp-json\/wp\/v2\/types\/product"}],"replies":[{"embeddable":true,"href":"https:\/\/uj.adatbank.ro\/lexikon\/wp-json\/wp\/v2\/comments?post=8309"}],"wp:attachment":[{"href":"https:\/\/uj.adatbank.ro\/lexikon\/wp-json\/wp\/v2\/media?parent=8309"}],"wp:term":[{"taxonomy":"product_brand","embeddable":true,"href":"https:\/\/uj.adatbank.ro\/lexikon\/wp-json\/wp\/v2\/product_brand?post=8309"},{"taxonomy":"product_cat","embeddable":true,"href":"https:\/\/uj.adatbank.ro\/lexikon\/wp-json\/wp\/v2\/product_cat?post=8309"},{"taxonomy":"product_tag","embeddable":true,"href":"https:\/\/uj.adatbank.ro\/lexikon\/wp-json\/wp\/v2\/product_tag?post=8309"}],"curies":[{"name":"wp","href":"https:\/\/api.w.org\/{rel}","templated":true}]}}