{"id":8310,"date":"2025-06-29T10:21:43","date_gmt":"2025-06-29T08:21:43","guid":{"rendered":"https:\/\/uj.adatbank.ro\/lexikon\/termek\/frits-rezso\/"},"modified":"2025-06-29T10:21:43","modified_gmt":"2025-06-29T08:21:43","slug":"frits-rezso","status":"publish","type":"product","link":"https:\/\/uj.adatbank.ro\/lexikon\/termek\/frits-rezso\/","title":{"rendered":"FRITS Rezs\u0151"},"content":{"rendered":"<p>? \u2020\u00a0? : szolgab\u00edr\u00f3. \u2013 Dics\u0151szentm\u00e1rtonban az EMKE alap\u00edt\u00f3tagja, r\u00e9szt vett a kv.-i alap\u00edt\u00f3\u00fcl\u00e9sen (1885. \u00e1pr. 12), a dics\u0151szentm\u00e1rtoni megyei v\u00e1lasztm\u00e1ny els\u0151 eln\u00f6ke. <br \/><strong>Irod.:<\/strong> S\u00e1ndor<\/br><\/p>\n","protected":false},"excerpt":{"rendered":"<p>? \u2020\u00a0? : szolgab\u00edr\u00f3. \u2013 Dics\u0151szentm\u00e1rtonban az EMKE alap\u00edt\u00f3tagja, r\u00e9szt vett a kv.-i alap\u00edt\u00f3\u00fcl\u00e9sen (1885. \u00e1pr. 12), a dics\u0151szentm\u00e1rtoni megyei v\u00e1lasztm\u00e1ny els\u0151 eln\u00f6ke. Irod.: S\u00e1ndor<\/p>\n","protected":false},"featured_media":0,"comment_status":"open","ping_status":"closed","template":"","meta":[],"product_brand":[],"product_cat":[137],"product_tag":[],"class_list":{"0":"post-8310","1":"product","2":"type-product","3":"status-publish","5":"product_cat-maros-megyei-eletrajzi-lexikon","7":"first","8":"instock","9":"shipping-taxable","10":"product-type-simple"},"_links":{"self":[{"href":"https:\/\/uj.adatbank.ro\/lexikon\/wp-json\/wp\/v2\/product\/8310","targetHints":{"allow":["GET"]}}],"collection":[{"href":"https:\/\/uj.adatbank.ro\/lexikon\/wp-json\/wp\/v2\/product"}],"about":[{"href":"https:\/\/uj.adatbank.ro\/lexikon\/wp-json\/wp\/v2\/types\/product"}],"replies":[{"embeddable":true,"href":"https:\/\/uj.adatbank.ro\/lexikon\/wp-json\/wp\/v2\/comments?post=8310"}],"wp:attachment":[{"href":"https:\/\/uj.adatbank.ro\/lexikon\/wp-json\/wp\/v2\/media?parent=8310"}],"wp:term":[{"taxonomy":"product_brand","embeddable":true,"href":"https:\/\/uj.adatbank.ro\/lexikon\/wp-json\/wp\/v2\/product_brand?post=8310"},{"taxonomy":"product_cat","embeddable":true,"href":"https:\/\/uj.adatbank.ro\/lexikon\/wp-json\/wp\/v2\/product_cat?post=8310"},{"taxonomy":"product_tag","embeddable":true,"href":"https:\/\/uj.adatbank.ro\/lexikon\/wp-json\/wp\/v2\/product_tag?post=8310"}],"curies":[{"name":"wp","href":"https:\/\/api.w.org\/{rel}","templated":true}]}}