{"id":8312,"date":"2025-06-29T10:21:46","date_gmt":"2025-06-29T08:21:46","guid":{"rendered":"https:\/\/uj.adatbank.ro\/lexikon\/termek\/fritsch-carl-oswald\/"},"modified":"2025-06-29T10:21:46","modified_gmt":"2025-06-29T08:21:46","slug":"fritsch-carl-oswald","status":"publish","type":"product","link":"https:\/\/uj.adatbank.ro\/lexikon\/termek\/fritsch-carl-oswald\/","title":{"rendered":"FRITSCH Carl Oswald"},"content":{"rendered":"<p>Sz\u00e1szr\u00e9gen, 1853. m\u00e1rc. 19., \u2020 Sz\u00e1szr\u00e9gen, 1928. febr. 25.: orvos. \u2013 Apja \u00fcgyv\u00e9d. Orvosi okl. -t B\u00e9csben szerzett (1872\u201377) a m. cs. kir. honv\u00e9d \u2013 gyalogezred\u00e9ben katonaorvosk\u00e9nt szolg\u00e1lt Beszterc\u00e9n \u00e9s Nagyv\u00e1radon. Vez\u00e9rkari orvosk\u00e9nt vonult nyugd\u00edjba (1928. febr. 25.). Az csal\u00e1di birtok, 4097 hold egyr\u00e9sz\u00e9t (31, 97%) kisaj\u00e1t\u00edtotta a rom\u00e1n \u00e1llam a f\u00f6ldreformkor (1921). <br \/><strong>Irod.:<\/strong> Abaf\u00e1ja; Pan\u0103; Reghin, militari<\/br><\/p>\n","protected":false},"excerpt":{"rendered":"<p>Sz\u00e1szr\u00e9gen, 1853. m\u00e1rc. 19., \u2020 Sz\u00e1szr\u00e9gen, 1928. febr. 25.: orvos. \u2013 Apja \u00fcgyv\u00e9d. Orvosi okl. -t B\u00e9csben szerzett (1872\u201377) a m. cs. kir. honv\u00e9d \u2013 gyalogezred\u00e9ben katonaorvosk\u00e9nt szolg\u00e1lt Beszterc\u00e9n \u00e9s Nagyv\u00e1radon. Vez\u00e9rkari orvosk\u00e9nt vonult nyugd\u00edjba (1928. febr. 25.). Az csal\u00e1di birtok, 4097 hold egyr\u00e9sz\u00e9t (31, 97%) kisaj\u00e1t\u00edtotta a rom\u00e1n \u00e1llam a f\u00f6ldreformkor (1921). Irod.: Abaf\u00e1ja; [&hellip;]<\/p>\n","protected":false},"featured_media":0,"comment_status":"open","ping_status":"closed","template":"","meta":[],"product_brand":[],"product_cat":[137],"product_tag":[],"class_list":{"0":"post-8312","1":"product","2":"type-product","3":"status-publish","5":"product_cat-maros-megyei-eletrajzi-lexikon","7":"first","8":"instock","9":"shipping-taxable","10":"product-type-simple"},"_links":{"self":[{"href":"https:\/\/uj.adatbank.ro\/lexikon\/wp-json\/wp\/v2\/product\/8312","targetHints":{"allow":["GET"]}}],"collection":[{"href":"https:\/\/uj.adatbank.ro\/lexikon\/wp-json\/wp\/v2\/product"}],"about":[{"href":"https:\/\/uj.adatbank.ro\/lexikon\/wp-json\/wp\/v2\/types\/product"}],"replies":[{"embeddable":true,"href":"https:\/\/uj.adatbank.ro\/lexikon\/wp-json\/wp\/v2\/comments?post=8312"}],"wp:attachment":[{"href":"https:\/\/uj.adatbank.ro\/lexikon\/wp-json\/wp\/v2\/media?parent=8312"}],"wp:term":[{"taxonomy":"product_brand","embeddable":true,"href":"https:\/\/uj.adatbank.ro\/lexikon\/wp-json\/wp\/v2\/product_brand?post=8312"},{"taxonomy":"product_cat","embeddable":true,"href":"https:\/\/uj.adatbank.ro\/lexikon\/wp-json\/wp\/v2\/product_cat?post=8312"},{"taxonomy":"product_tag","embeddable":true,"href":"https:\/\/uj.adatbank.ro\/lexikon\/wp-json\/wp\/v2\/product_tag?post=8312"}],"curies":[{"name":"wp","href":"https:\/\/api.w.org\/{rel}","templated":true}]}}