{"id":8317,"date":"2025-06-29T10:21:57","date_gmt":"2025-06-29T08:21:57","guid":{"rendered":"https:\/\/uj.adatbank.ro\/lexikon\/termek\/fritsch-samuel\/"},"modified":"2025-06-29T10:21:57","modified_gmt":"2025-06-29T08:21:57","slug":"fritsch-samuel","status":"publish","type":"product","link":"https:\/\/uj.adatbank.ro\/lexikon\/termek\/fritsch-samuel\/","title":{"rendered":"FRITSCH Samuel"},"content":{"rendered":"<p>Sz\u00e1szr\u00e9gen, ? \u2020 Sz\u00e1szr\u00e9gen, 1805. jan. 3. : tan\u00e1r, lelkip\u00e1sztor. \u2013 Tanult B\u00e9csben (1774), G\u00f6ttingenben (1774). Lelkip\u00e1sztor Dedr\u00e1don (1785\u20131806), Sz\u00e1szr\u00e9genben (1806\u201315). <br \/><strong>Irod.:<\/strong> Szab\u00f3\u2013Sz\u00f6gi<\/br><\/p>\n","protected":false},"excerpt":{"rendered":"<p>Sz\u00e1szr\u00e9gen, ? \u2020 Sz\u00e1szr\u00e9gen, 1805. jan. 3. : tan\u00e1r, lelkip\u00e1sztor. \u2013 Tanult B\u00e9csben (1774), G\u00f6ttingenben (1774). Lelkip\u00e1sztor Dedr\u00e1don (1785\u20131806), Sz\u00e1szr\u00e9genben (1806\u201315). Irod.: Szab\u00f3\u2013Sz\u00f6gi<\/p>\n","protected":false},"featured_media":0,"comment_status":"open","ping_status":"closed","template":"","meta":[],"product_brand":[],"product_cat":[137],"product_tag":[],"class_list":{"0":"post-8317","1":"product","2":"type-product","3":"status-publish","5":"product_cat-maros-megyei-eletrajzi-lexikon","7":"first","8":"instock","9":"shipping-taxable","10":"product-type-simple"},"_links":{"self":[{"href":"https:\/\/uj.adatbank.ro\/lexikon\/wp-json\/wp\/v2\/product\/8317","targetHints":{"allow":["GET"]}}],"collection":[{"href":"https:\/\/uj.adatbank.ro\/lexikon\/wp-json\/wp\/v2\/product"}],"about":[{"href":"https:\/\/uj.adatbank.ro\/lexikon\/wp-json\/wp\/v2\/types\/product"}],"replies":[{"embeddable":true,"href":"https:\/\/uj.adatbank.ro\/lexikon\/wp-json\/wp\/v2\/comments?post=8317"}],"wp:attachment":[{"href":"https:\/\/uj.adatbank.ro\/lexikon\/wp-json\/wp\/v2\/media?parent=8317"}],"wp:term":[{"taxonomy":"product_brand","embeddable":true,"href":"https:\/\/uj.adatbank.ro\/lexikon\/wp-json\/wp\/v2\/product_brand?post=8317"},{"taxonomy":"product_cat","embeddable":true,"href":"https:\/\/uj.adatbank.ro\/lexikon\/wp-json\/wp\/v2\/product_cat?post=8317"},{"taxonomy":"product_tag","embeddable":true,"href":"https:\/\/uj.adatbank.ro\/lexikon\/wp-json\/wp\/v2\/product_tag?post=8317"}],"curies":[{"name":"wp","href":"https:\/\/api.w.org\/{rel}","templated":true}]}}