{"id":8318,"date":"2025-06-29T10:22:01","date_gmt":"2025-06-29T08:22:01","guid":{"rendered":"https:\/\/uj.adatbank.ro\/lexikon\/termek\/fritsch-samuel-2\/"},"modified":"2025-06-29T10:22:01","modified_gmt":"2025-06-29T08:22:01","slug":"fritsch-samuel-2","status":"publish","type":"product","link":"https:\/\/uj.adatbank.ro\/lexikon\/termek\/fritsch-samuel-2\/","title":{"rendered":"FRITSCH Samuel"},"content":{"rendered":"<p>Sz\u00e1szr\u00e9gen\u00a0? \u2020 Dedr\u00e1d, 1862. aug. 19. : lelkip\u00e1sztor. \u2013 Tanult Segesv\u00e1ron, B\u00e9csben (1831). K\u00e1ntor Sz\u00e1szr\u00e9genben (\u20131849), lelkip\u00e1sztor Dedr\u00e1don (1849\u201362). <br \/><strong>Irod.:<\/strong> S\u00e4chsisch-Regen; Szab\u00f3\u2013Sz\u00f6gi<\/br><\/p>\n","protected":false},"excerpt":{"rendered":"<p>Sz\u00e1szr\u00e9gen\u00a0? \u2020 Dedr\u00e1d, 1862. aug. 19. : lelkip\u00e1sztor. \u2013 Tanult Segesv\u00e1ron, B\u00e9csben (1831). K\u00e1ntor Sz\u00e1szr\u00e9genben (\u20131849), lelkip\u00e1sztor Dedr\u00e1don (1849\u201362). Irod.: S\u00e4chsisch-Regen; Szab\u00f3\u2013Sz\u00f6gi<\/p>\n","protected":false},"featured_media":0,"comment_status":"open","ping_status":"closed","template":"","meta":[],"product_brand":[],"product_cat":[137],"product_tag":[],"class_list":{"0":"post-8318","1":"product","2":"type-product","3":"status-publish","5":"product_cat-maros-megyei-eletrajzi-lexikon","7":"first","8":"instock","9":"shipping-taxable","10":"product-type-simple"},"_links":{"self":[{"href":"https:\/\/uj.adatbank.ro\/lexikon\/wp-json\/wp\/v2\/product\/8318","targetHints":{"allow":["GET"]}}],"collection":[{"href":"https:\/\/uj.adatbank.ro\/lexikon\/wp-json\/wp\/v2\/product"}],"about":[{"href":"https:\/\/uj.adatbank.ro\/lexikon\/wp-json\/wp\/v2\/types\/product"}],"replies":[{"embeddable":true,"href":"https:\/\/uj.adatbank.ro\/lexikon\/wp-json\/wp\/v2\/comments?post=8318"}],"wp:attachment":[{"href":"https:\/\/uj.adatbank.ro\/lexikon\/wp-json\/wp\/v2\/media?parent=8318"}],"wp:term":[{"taxonomy":"product_brand","embeddable":true,"href":"https:\/\/uj.adatbank.ro\/lexikon\/wp-json\/wp\/v2\/product_brand?post=8318"},{"taxonomy":"product_cat","embeddable":true,"href":"https:\/\/uj.adatbank.ro\/lexikon\/wp-json\/wp\/v2\/product_cat?post=8318"},{"taxonomy":"product_tag","embeddable":true,"href":"https:\/\/uj.adatbank.ro\/lexikon\/wp-json\/wp\/v2\/product_tag?post=8318"}],"curies":[{"name":"wp","href":"https:\/\/api.w.org\/{rel}","templated":true}]}}