{"id":8319,"date":"2025-06-29T10:22:04","date_gmt":"2025-06-29T08:22:04","guid":{"rendered":"https:\/\/uj.adatbank.ro\/lexikon\/termek\/fritsch-thomas\/"},"modified":"2025-06-29T10:22:04","modified_gmt":"2025-06-29T08:22:04","slug":"fritsch-thomas","status":"publish","type":"product","link":"https:\/\/uj.adatbank.ro\/lexikon\/termek\/fritsch-thomas\/","title":{"rendered":"FRITSCH Thomas"},"content":{"rendered":"<p>? \u2020\u00a0? : parancsnok. \u2013 Sz\u00e1szr\u00e9genben szen\u00e1tor, a polg\u00e1r\u0151rs\u00e9g parancsnoka (1848. \u00e1pr. 26.), a forradalom r\u00e9sztvev\u0151je. A Civil G\u00e1rda feladata volt a v\u00e1ros lak\u00f3it megv\u00e9deni a fosztogat\u00e1sokt\u00f3l \u00e9s atrocit\u00e1sokt\u00f3l, amit azonban a t\u00f6rt\u00e9nelmi esem\u00e9nyek a k\u00e9s\u0151bbiekben lehetetlenn\u00e9 tettek. <br \/><strong>Irod.:<\/strong> Regh. cult. 9.; S\u00e4chsisch-Regen<\/br><\/p>\n","protected":false},"excerpt":{"rendered":"<p>? \u2020\u00a0? : parancsnok. \u2013 Sz\u00e1szr\u00e9genben szen\u00e1tor, a polg\u00e1r\u0151rs\u00e9g parancsnoka (1848. \u00e1pr. 26.), a forradalom r\u00e9sztvev\u0151je. A Civil G\u00e1rda feladata volt a v\u00e1ros lak\u00f3it megv\u00e9deni a fosztogat\u00e1sokt\u00f3l \u00e9s atrocit\u00e1sokt\u00f3l, amit azonban a t\u00f6rt\u00e9nelmi esem\u00e9nyek a k\u00e9s\u0151bbiekben lehetetlenn\u00e9 tettek. Irod.: Regh. cult. 9.; S\u00e4chsisch-Regen<\/p>\n","protected":false},"featured_media":0,"comment_status":"open","ping_status":"closed","template":"","meta":[],"product_brand":[],"product_cat":[137],"product_tag":[],"class_list":{"0":"post-8319","1":"product","2":"type-product","3":"status-publish","5":"product_cat-maros-megyei-eletrajzi-lexikon","7":"first","8":"instock","9":"shipping-taxable","10":"product-type-simple"},"_links":{"self":[{"href":"https:\/\/uj.adatbank.ro\/lexikon\/wp-json\/wp\/v2\/product\/8319","targetHints":{"allow":["GET"]}}],"collection":[{"href":"https:\/\/uj.adatbank.ro\/lexikon\/wp-json\/wp\/v2\/product"}],"about":[{"href":"https:\/\/uj.adatbank.ro\/lexikon\/wp-json\/wp\/v2\/types\/product"}],"replies":[{"embeddable":true,"href":"https:\/\/uj.adatbank.ro\/lexikon\/wp-json\/wp\/v2\/comments?post=8319"}],"wp:attachment":[{"href":"https:\/\/uj.adatbank.ro\/lexikon\/wp-json\/wp\/v2\/media?parent=8319"}],"wp:term":[{"taxonomy":"product_brand","embeddable":true,"href":"https:\/\/uj.adatbank.ro\/lexikon\/wp-json\/wp\/v2\/product_brand?post=8319"},{"taxonomy":"product_cat","embeddable":true,"href":"https:\/\/uj.adatbank.ro\/lexikon\/wp-json\/wp\/v2\/product_cat?post=8319"},{"taxonomy":"product_tag","embeddable":true,"href":"https:\/\/uj.adatbank.ro\/lexikon\/wp-json\/wp\/v2\/product_tag?post=8319"}],"curies":[{"name":"wp","href":"https:\/\/api.w.org\/{rel}","templated":true}]}}