{"id":8320,"date":"2025-06-29T10:22:06","date_gmt":"2025-06-29T08:22:06","guid":{"rendered":"https:\/\/uj.adatbank.ro\/lexikon\/termek\/fritsch-traugott\/"},"modified":"2025-06-29T10:22:06","modified_gmt":"2025-06-29T08:22:06","slug":"fritsch-traugott","status":"publish","type":"product","link":"https:\/\/uj.adatbank.ro\/lexikon\/termek\/fritsch-traugott\/","title":{"rendered":"FRITSCH Traugott"},"content":{"rendered":"<p>? \u2020 ? : \u0151rnagy. \u2013 A sz\u00e1szr\u00e9geni V\u00e1rosi Civil G\u00e1rda parancsnoka (1848). A v\u00e1ros v\u00e9delm\u00e9t ir\u00e1ny\u00edtotta, kev\u00e9s sikerrel. Urban sereg\u00e9vel elhagyta a v\u00e1rost (1849. okt.). <br \/><strong>Irod.:<\/strong> Reghin, militari<\/br><\/p>\n","protected":false},"excerpt":{"rendered":"<p>? \u2020 ? : \u0151rnagy. \u2013 A sz\u00e1szr\u00e9geni V\u00e1rosi Civil G\u00e1rda parancsnoka (1848). A v\u00e1ros v\u00e9delm\u00e9t ir\u00e1ny\u00edtotta, kev\u00e9s sikerrel. Urban sereg\u00e9vel elhagyta a v\u00e1rost (1849. okt.). Irod.: Reghin, militari<\/p>\n","protected":false},"featured_media":0,"comment_status":"open","ping_status":"closed","template":"","meta":[],"product_brand":[],"product_cat":[137],"product_tag":[],"class_list":{"0":"post-8320","1":"product","2":"type-product","3":"status-publish","5":"product_cat-maros-megyei-eletrajzi-lexikon","7":"first","8":"instock","9":"shipping-taxable","10":"product-type-simple"},"_links":{"self":[{"href":"https:\/\/uj.adatbank.ro\/lexikon\/wp-json\/wp\/v2\/product\/8320","targetHints":{"allow":["GET"]}}],"collection":[{"href":"https:\/\/uj.adatbank.ro\/lexikon\/wp-json\/wp\/v2\/product"}],"about":[{"href":"https:\/\/uj.adatbank.ro\/lexikon\/wp-json\/wp\/v2\/types\/product"}],"replies":[{"embeddable":true,"href":"https:\/\/uj.adatbank.ro\/lexikon\/wp-json\/wp\/v2\/comments?post=8320"}],"wp:attachment":[{"href":"https:\/\/uj.adatbank.ro\/lexikon\/wp-json\/wp\/v2\/media?parent=8320"}],"wp:term":[{"taxonomy":"product_brand","embeddable":true,"href":"https:\/\/uj.adatbank.ro\/lexikon\/wp-json\/wp\/v2\/product_brand?post=8320"},{"taxonomy":"product_cat","embeddable":true,"href":"https:\/\/uj.adatbank.ro\/lexikon\/wp-json\/wp\/v2\/product_cat?post=8320"},{"taxonomy":"product_tag","embeddable":true,"href":"https:\/\/uj.adatbank.ro\/lexikon\/wp-json\/wp\/v2\/product_tag?post=8320"}],"curies":[{"name":"wp","href":"https:\/\/api.w.org\/{rel}","templated":true}]}}