{"id":8321,"date":"2025-06-29T10:22:08","date_gmt":"2025-06-29T08:22:08","guid":{"rendered":"https:\/\/uj.adatbank.ro\/lexikon\/termek\/frnda-karoly-frunda-karoly\/"},"modified":"2025-06-29T10:22:08","modified_gmt":"2025-06-29T08:22:08","slug":"frnda-karoly-frunda-karoly","status":"publish","type":"product","link":"https:\/\/uj.adatbank.ro\/lexikon\/termek\/frnda-karoly-frunda-karoly\/","title":{"rendered":"FRNDA K\u00e1roly, Frunda K\u00e1roly"},"content":{"rendered":"<p>Mv., 1917. jan. 14., \u2020\u00a0Mv., 2011. jan. 5.: \u00e9p\u00edt\u00e9szm\u00e9rn\u00f6k, aszfaltv\u00e1llalkoz\u00f3. \u2013 Apja. F. Mih\u00e1ly. Fiai: Frunda Gy\u00f6rgy (Mv. 1951. j\u00fal. 22. \u2013); Frnda K\u00e1roly. \u2013 N\u00e9meto.-ban szerzett m\u00e9rn\u00f6ki diplom\u00e1t. Az Erd\u00e9lyi Helikon mv.-i tagjai k\u00f6zt szerepelt (1930). Tagja volt a kommunizmus ellenes Faliboga vezette mv.-i k\u00f6zpont\u00fa Nemzeti Felszabad\u00edt\u00f3 Bizotts\u00e1gnak (1954). C\u00e9ljuk volt, egy sv\u00e1jci mint\u00e1ra, k\u00f6zponti korm\u00e1nyzattal rendelkez\u0151 f\u00fcggetlen Erd\u00e9ly megteremt\u00e9se. Mv.-en letartoztatt\u00e1k (1956. nov. 14.), a v\u00e1d: az orsz\u00e1g korm\u00e1nyz\u00e1si form\u00e1j\u00e1nak er\u0151szakos megd\u00f6nt\u00e9s\u00e9re l\u00e9trej\u00f6tt szervezetben (Faliboga-csoport) val\u00f3 r\u00e9sszv\u00e9tel. 18 \u00e9vre \u00edt\u00e9lt\u00e9k. (Szabadult: 1964. j\u00fal. 29.). A mv.-i \u00c9p\u00edt\u0151 Sz\u00f6vetkezet tervez\u0151 irod\u00e1j\u00e1nak vezet\u0151 m\u00e9rn\u00f6ke. Az Erd\u0151 u.-ban \u00e9p\u00edtett h\u00e1zat, \u00e1llatokat nevelt \u00e9s abb\u00f3l tartotta el a csal\u00e1dj\u00e1t. <br \/><strong>Irod.:<\/strong> csal\u00e1di inf.; 1956 Erd\u00e9lyben; \u00c1ldozatok; Id\u0151t\u00e1r 3.; Id\u0151t\u00e1r 4.; Marosi-Helikon; T\u00f3falvi 5.<\/br><\/p>\n","protected":false},"excerpt":{"rendered":"<p>Mv., 1917. jan. 14., \u2020\u00a0Mv., 2011. jan. 5.: \u00e9p\u00edt\u00e9szm\u00e9rn\u00f6k, aszfaltv\u00e1llalkoz\u00f3. \u2013 Apja. F. Mih\u00e1ly. Fiai: Frunda Gy\u00f6rgy (Mv. 1951. j\u00fal. 22. \u2013); Frnda K\u00e1roly. \u2013 N\u00e9meto.-ban szerzett m\u00e9rn\u00f6ki diplom\u00e1t. Az Erd\u00e9lyi Helikon mv.-i tagjai k\u00f6zt szerepelt (1930). Tagja volt a kommunizmus ellenes Faliboga vezette mv.-i k\u00f6zpont\u00fa Nemzeti Felszabad\u00edt\u00f3 Bizotts\u00e1gnak (1954). C\u00e9ljuk volt, egy sv\u00e1jci mint\u00e1ra, [&hellip;]<\/p>\n","protected":false},"featured_media":0,"comment_status":"open","ping_status":"closed","template":"","meta":[],"product_brand":[],"product_cat":[137],"product_tag":[],"class_list":{"0":"post-8321","1":"product","2":"type-product","3":"status-publish","5":"product_cat-maros-megyei-eletrajzi-lexikon","7":"first","8":"instock","9":"shipping-taxable","10":"product-type-simple"},"_links":{"self":[{"href":"https:\/\/uj.adatbank.ro\/lexikon\/wp-json\/wp\/v2\/product\/8321","targetHints":{"allow":["GET"]}}],"collection":[{"href":"https:\/\/uj.adatbank.ro\/lexikon\/wp-json\/wp\/v2\/product"}],"about":[{"href":"https:\/\/uj.adatbank.ro\/lexikon\/wp-json\/wp\/v2\/types\/product"}],"replies":[{"embeddable":true,"href":"https:\/\/uj.adatbank.ro\/lexikon\/wp-json\/wp\/v2\/comments?post=8321"}],"wp:attachment":[{"href":"https:\/\/uj.adatbank.ro\/lexikon\/wp-json\/wp\/v2\/media?parent=8321"}],"wp:term":[{"taxonomy":"product_brand","embeddable":true,"href":"https:\/\/uj.adatbank.ro\/lexikon\/wp-json\/wp\/v2\/product_brand?post=8321"},{"taxonomy":"product_cat","embeddable":true,"href":"https:\/\/uj.adatbank.ro\/lexikon\/wp-json\/wp\/v2\/product_cat?post=8321"},{"taxonomy":"product_tag","embeddable":true,"href":"https:\/\/uj.adatbank.ro\/lexikon\/wp-json\/wp\/v2\/product_tag?post=8321"}],"curies":[{"name":"wp","href":"https:\/\/api.w.org\/{rel}","templated":true}]}}