{"id":8324,"date":"2025-06-29T10:22:12","date_gmt":"2025-06-29T08:22:12","guid":{"rendered":"https:\/\/uj.adatbank.ro\/lexikon\/termek\/frohlich-josepn-frolich-jozsef\/"},"modified":"2025-06-29T10:22:12","modified_gmt":"2025-06-29T08:22:12","slug":"frohlich-josepn-frolich-jozsef","status":"publish","type":"product","link":"https:\/\/uj.adatbank.ro\/lexikon\/termek\/frohlich-josepn-frolich-jozsef\/","title":{"rendered":"FR\u00d6HLICH Josepn, Fr\u00f6lich J\u00f3zsef"},"content":{"rendered":"<p>Segesv\u00e1r, 1844. okt. 23., \u2020\u00a0Brass\u00f3, 1925. aug. 25.: ev. lelk\u00e9sz. \u2013 Segesv\u00e1ron v\u00e9gezte a gimn. -ot (1865), az egyetemen B\u00e9csben (1865\u201366), Th\u00fcbingenben (1866\u201367), Berlinben (1867\u201368) hittudom\u00e1nyt \u00e9s b\u00f6lcs\u00e9szetet hallgatott. Hazat\u00e9r\u00e9se ut\u00e1n Segesv\u00e1ron a n\u00e9met ev. gim.-ban a clasica filologi\u00e1t tan\u00edtott (1869\u2013). Sz\u00e1szk\u00e9zden lelk\u00e9sz (1882\u20131901), v\u00e9g\u00fcl nyugd\u00edjaz\u00e1s\u00e1ig pr\u00e9dik\u00e1tor Riomfalv\u00e1n (1901\u201319). \u2013 <strong>F. m.:<\/strong> program\u00e9rtekez\u00e9se: Abriss der Sittenlehre (a Segesv\u00e1ri \u00c1g. Ev. F\u0151gimn. -\u00e1nak \u00c9rtes\u00edt\u0151je, 1879). Segesv\u00e1ron tev\u00e9kenyen vett r\u00e9szt a Siebenb\u00fcrgisch \u2013Sachsischen Landwirtscaftsverein (Erd\u00e9lyi Sz\u00e1sz Gazdas\u00e1gi Egylet) munk\u00e1iban. T\u00f6bb tanulm\u00e1nyt \u00e9s el\u0151ad\u00e1st \u00edrt az egylet r\u00e9sz\u00e9re: Des Bauern Goldgrube; Des Bauern Aufgaben tanulm\u00e1nyokat \u00e9s k\u00f6z\u00f6lte a Kalender des Siebenb\u00fcrger Volk sfreund (1897\/ 28. \u2013 29. sz.). Bev\u00f6lkerung und Bezirkverhaltnisse in den Landgemeinden des Schassburger Bezirkes; Heitere Geschichte aus dem sachsischen Volkslebenin  =  Landwirtschaftliche Blatter (1899 \/23. sz.); Bilder aus dem Weinlande  =  Kronstadter Zeitung (1919\/ 83. sz. \u00e9s 1920. \/14). Foglalkozott Sz\u00e1szk\u00e9zd nyelvj\u00e1r\u00e1s\u00e1val, k\u00fcl\u00f6nleges sz\u00f3kincs\u00e9vel, n\u00e9pszok\u00e1saival \u00e9s a falu t\u00f6rt\u00e9net\u00e9vel is. <br \/><strong>Irod.:<\/strong> A magyro.-i k\u00f6z\u00e9piskol\u00e1kban 1850\u201355 \u2013ig megjelent \u00f6sszes programm\u00e9rtekez\u00e9sek repert\u00f3riuma (Bp., 1887); Saschiz; Szinnyei<\/br><\/p>\n","protected":false},"excerpt":{"rendered":"<p>Segesv\u00e1r, 1844. okt. 23., \u2020\u00a0Brass\u00f3, 1925. aug. 25.: ev. lelk\u00e9sz. \u2013 Segesv\u00e1ron v\u00e9gezte a gimn. -ot (1865), az egyetemen B\u00e9csben (1865\u201366), Th\u00fcbingenben (1866\u201367), Berlinben (1867\u201368) hittudom\u00e1nyt \u00e9s b\u00f6lcs\u00e9szetet hallgatott. Hazat\u00e9r\u00e9se ut\u00e1n Segesv\u00e1ron a n\u00e9met ev. gim.-ban a clasica filologi\u00e1t tan\u00edtott (1869\u2013). Sz\u00e1szk\u00e9zden lelk\u00e9sz (1882\u20131901), v\u00e9g\u00fcl nyugd\u00edjaz\u00e1s\u00e1ig pr\u00e9dik\u00e1tor Riomfalv\u00e1n (1901\u201319). \u2013 F. m.: program\u00e9rtekez\u00e9se: Abriss der [&hellip;]<\/p>\n","protected":false},"featured_media":0,"comment_status":"open","ping_status":"closed","template":"","meta":[],"product_brand":[],"product_cat":[137],"product_tag":[],"class_list":{"0":"post-8324","1":"product","2":"type-product","3":"status-publish","5":"product_cat-maros-megyei-eletrajzi-lexikon","7":"first","8":"instock","9":"shipping-taxable","10":"product-type-simple"},"_links":{"self":[{"href":"https:\/\/uj.adatbank.ro\/lexikon\/wp-json\/wp\/v2\/product\/8324","targetHints":{"allow":["GET"]}}],"collection":[{"href":"https:\/\/uj.adatbank.ro\/lexikon\/wp-json\/wp\/v2\/product"}],"about":[{"href":"https:\/\/uj.adatbank.ro\/lexikon\/wp-json\/wp\/v2\/types\/product"}],"replies":[{"embeddable":true,"href":"https:\/\/uj.adatbank.ro\/lexikon\/wp-json\/wp\/v2\/comments?post=8324"}],"wp:attachment":[{"href":"https:\/\/uj.adatbank.ro\/lexikon\/wp-json\/wp\/v2\/media?parent=8324"}],"wp:term":[{"taxonomy":"product_brand","embeddable":true,"href":"https:\/\/uj.adatbank.ro\/lexikon\/wp-json\/wp\/v2\/product_brand?post=8324"},{"taxonomy":"product_cat","embeddable":true,"href":"https:\/\/uj.adatbank.ro\/lexikon\/wp-json\/wp\/v2\/product_cat?post=8324"},{"taxonomy":"product_tag","embeddable":true,"href":"https:\/\/uj.adatbank.ro\/lexikon\/wp-json\/wp\/v2\/product_tag?post=8324"}],"curies":[{"name":"wp","href":"https:\/\/api.w.org\/{rel}","templated":true}]}}