{"id":8327,"date":"2025-06-29T10:22:20","date_gmt":"2025-06-29T08:22:20","guid":{"rendered":"https:\/\/uj.adatbank.ro\/lexikon\/termek\/fromm-traugott\/"},"modified":"2025-06-29T10:22:20","modified_gmt":"2025-06-29T08:22:20","slug":"fromm-traugott","status":"publish","type":"product","link":"https:\/\/uj.adatbank.ro\/lexikon\/termek\/fromm-traugott\/","title":{"rendered":"FROMM Traugott"},"content":{"rendered":"<p>? \u2020 ? : polg\u00e1rmester. \u2013 Le\u00e1nya: Claudine, f\u00e9rje Schmidt Eugen Ladislau (1871. febr. 14. \u2013 1913. j\u00fal. 28.). \u2013 Sz\u00e1szr\u00e9genben volt polg\u00e1rmester (1902). <br \/><strong>Irod.:<\/strong> Reghin, militari<\/br><\/p>\n","protected":false},"excerpt":{"rendered":"<p>? \u2020 ? : polg\u00e1rmester. \u2013 Le\u00e1nya: Claudine, f\u00e9rje Schmidt Eugen Ladislau (1871. febr. 14. \u2013 1913. j\u00fal. 28.). \u2013 Sz\u00e1szr\u00e9genben volt polg\u00e1rmester (1902). Irod.: Reghin, militari<\/p>\n","protected":false},"featured_media":0,"comment_status":"open","ping_status":"closed","template":"","meta":[],"product_brand":[],"product_cat":[137],"product_tag":[],"class_list":{"0":"post-8327","1":"product","2":"type-product","3":"status-publish","5":"product_cat-maros-megyei-eletrajzi-lexikon","7":"first","8":"instock","9":"shipping-taxable","10":"product-type-simple"},"_links":{"self":[{"href":"https:\/\/uj.adatbank.ro\/lexikon\/wp-json\/wp\/v2\/product\/8327","targetHints":{"allow":["GET"]}}],"collection":[{"href":"https:\/\/uj.adatbank.ro\/lexikon\/wp-json\/wp\/v2\/product"}],"about":[{"href":"https:\/\/uj.adatbank.ro\/lexikon\/wp-json\/wp\/v2\/types\/product"}],"replies":[{"embeddable":true,"href":"https:\/\/uj.adatbank.ro\/lexikon\/wp-json\/wp\/v2\/comments?post=8327"}],"wp:attachment":[{"href":"https:\/\/uj.adatbank.ro\/lexikon\/wp-json\/wp\/v2\/media?parent=8327"}],"wp:term":[{"taxonomy":"product_brand","embeddable":true,"href":"https:\/\/uj.adatbank.ro\/lexikon\/wp-json\/wp\/v2\/product_brand?post=8327"},{"taxonomy":"product_cat","embeddable":true,"href":"https:\/\/uj.adatbank.ro\/lexikon\/wp-json\/wp\/v2\/product_cat?post=8327"},{"taxonomy":"product_tag","embeddable":true,"href":"https:\/\/uj.adatbank.ro\/lexikon\/wp-json\/wp\/v2\/product_tag?post=8327"}],"curies":[{"name":"wp","href":"https:\/\/api.w.org\/{rel}","templated":true}]}}