{"id":8329,"date":"2025-06-29T10:22:24","date_gmt":"2025-06-29T08:22:24","guid":{"rendered":"https:\/\/uj.adatbank.ro\/lexikon\/termek\/fronius-imre\/"},"modified":"2025-06-29T10:22:24","modified_gmt":"2025-06-29T08:22:24","slug":"fronius-imre","status":"publish","type":"product","link":"https:\/\/uj.adatbank.ro\/lexikon\/termek\/fronius-imre\/","title":{"rendered":"FRONIUS Imre"},"content":{"rendered":"<p>? \u2020 ? : erd\u00e9lyi f\u00f6ldbirtokos. \u2013 Sz\u00e1sz luther\u00e1nus hit\u00e9t felcser\u00e9lte ref.-ra. Az anyja T\u00fcri L\u00e1szl\u00f3 f\u00f6isp\u00e1n le\u00e1nya. Mih\u00e1ly. Szederjesen volt birtokuk, h\u00e1zuk. <br \/><strong>Irod.:<\/strong> P\u00e1lffy<\/br><\/p>\n","protected":false},"excerpt":{"rendered":"<p>? \u2020 ? : erd\u00e9lyi f\u00f6ldbirtokos. \u2013 Sz\u00e1sz luther\u00e1nus hit\u00e9t felcser\u00e9lte ref.-ra. Az anyja T\u00fcri L\u00e1szl\u00f3 f\u00f6isp\u00e1n le\u00e1nya. Mih\u00e1ly. Szederjesen volt birtokuk, h\u00e1zuk. Irod.: P\u00e1lffy<\/p>\n","protected":false},"featured_media":0,"comment_status":"open","ping_status":"closed","template":"","meta":[],"product_brand":[],"product_cat":[137],"product_tag":[],"class_list":{"0":"post-8329","1":"product","2":"type-product","3":"status-publish","5":"product_cat-maros-megyei-eletrajzi-lexikon","7":"first","8":"instock","9":"shipping-taxable","10":"product-type-simple"},"_links":{"self":[{"href":"https:\/\/uj.adatbank.ro\/lexikon\/wp-json\/wp\/v2\/product\/8329","targetHints":{"allow":["GET"]}}],"collection":[{"href":"https:\/\/uj.adatbank.ro\/lexikon\/wp-json\/wp\/v2\/product"}],"about":[{"href":"https:\/\/uj.adatbank.ro\/lexikon\/wp-json\/wp\/v2\/types\/product"}],"replies":[{"embeddable":true,"href":"https:\/\/uj.adatbank.ro\/lexikon\/wp-json\/wp\/v2\/comments?post=8329"}],"wp:attachment":[{"href":"https:\/\/uj.adatbank.ro\/lexikon\/wp-json\/wp\/v2\/media?parent=8329"}],"wp:term":[{"taxonomy":"product_brand","embeddable":true,"href":"https:\/\/uj.adatbank.ro\/lexikon\/wp-json\/wp\/v2\/product_brand?post=8329"},{"taxonomy":"product_cat","embeddable":true,"href":"https:\/\/uj.adatbank.ro\/lexikon\/wp-json\/wp\/v2\/product_cat?post=8329"},{"taxonomy":"product_tag","embeddable":true,"href":"https:\/\/uj.adatbank.ro\/lexikon\/wp-json\/wp\/v2\/product_tag?post=8329"}],"curies":[{"name":"wp","href":"https:\/\/api.w.org\/{rel}","templated":true}]}}