{"id":8330,"date":"2025-06-29T10:22:27","date_gmt":"2025-06-29T08:22:27","guid":{"rendered":"https:\/\/uj.adatbank.ro\/lexikon\/termek\/fronius-karoly\/"},"modified":"2025-06-29T10:22:27","modified_gmt":"2025-06-29T08:22:27","slug":"fronius-karoly","status":"publish","type":"product","link":"https:\/\/uj.adatbank.ro\/lexikon\/termek\/fronius-karoly\/","title":{"rendered":"FRONIUS K\u00e1roly"},"content":{"rendered":"<p>? \u2020 ? : keresked\u0151. \u2013 Sz\u00e1szr\u00e9genben volt keresked\u0151, szak\u00edr\u00f3. \u2013 <strong>F. m.:<\/strong> <strong>t\u00e1rssz.:<\/strong> Keresked\u0151k szava a k\u00f6z\u00f6ns\u00e9ghez (Kosch K. Traugot, Wagner Ede-vel; Sz\u00e1szr\u00e9gen, 1906). <br \/><strong>Irod.:<\/strong> Guly\u00e1s<\/br><\/p>\n","protected":false},"excerpt":{"rendered":"<p>? \u2020 ? : keresked\u0151. \u2013 Sz\u00e1szr\u00e9genben volt keresked\u0151, szak\u00edr\u00f3. \u2013 F. m.: t\u00e1rssz.: Keresked\u0151k szava a k\u00f6z\u00f6ns\u00e9ghez (Kosch K. Traugot, Wagner Ede-vel; Sz\u00e1szr\u00e9gen, 1906). Irod.: Guly\u00e1s<\/p>\n","protected":false},"featured_media":0,"comment_status":"open","ping_status":"closed","template":"","meta":[],"product_brand":[],"product_cat":[137],"product_tag":[],"class_list":{"0":"post-8330","1":"product","2":"type-product","3":"status-publish","5":"product_cat-maros-megyei-eletrajzi-lexikon","7":"first","8":"instock","9":"shipping-taxable","10":"product-type-simple"},"_links":{"self":[{"href":"https:\/\/uj.adatbank.ro\/lexikon\/wp-json\/wp\/v2\/product\/8330","targetHints":{"allow":["GET"]}}],"collection":[{"href":"https:\/\/uj.adatbank.ro\/lexikon\/wp-json\/wp\/v2\/product"}],"about":[{"href":"https:\/\/uj.adatbank.ro\/lexikon\/wp-json\/wp\/v2\/types\/product"}],"replies":[{"embeddable":true,"href":"https:\/\/uj.adatbank.ro\/lexikon\/wp-json\/wp\/v2\/comments?post=8330"}],"wp:attachment":[{"href":"https:\/\/uj.adatbank.ro\/lexikon\/wp-json\/wp\/v2\/media?parent=8330"}],"wp:term":[{"taxonomy":"product_brand","embeddable":true,"href":"https:\/\/uj.adatbank.ro\/lexikon\/wp-json\/wp\/v2\/product_brand?post=8330"},{"taxonomy":"product_cat","embeddable":true,"href":"https:\/\/uj.adatbank.ro\/lexikon\/wp-json\/wp\/v2\/product_cat?post=8330"},{"taxonomy":"product_tag","embeddable":true,"href":"https:\/\/uj.adatbank.ro\/lexikon\/wp-json\/wp\/v2\/product_tag?post=8330"}],"curies":[{"name":"wp","href":"https:\/\/api.w.org\/{rel}","templated":true}]}}