{"id":8331,"date":"2025-06-29T10:22:28","date_gmt":"2025-06-29T08:22:28","guid":{"rendered":"https:\/\/uj.adatbank.ro\/lexikon\/termek\/fronius-mihaly-halmagyi\/"},"modified":"2025-06-29T10:22:28","modified_gmt":"2025-06-29T08:22:28","slug":"fronius-mihaly-halmagyi","status":"publish","type":"product","link":"https:\/\/uj.adatbank.ro\/lexikon\/termek\/fronius-mihaly-halmagyi\/","title":{"rendered":"FRONIUS Mih\u00e1ly, halm\u00e1gyi"},"content":{"rendered":"<p>1796., \u2020\u00a0Mv., 1860. nov. 10.: alisp\u00e1n. \u2013 Testv\u00e9re: Imre. Feles\u00e9ge: P\u00e1losi Don\u00e1th Katalin. Le\u00e1nyaik: M\u00e1ria Kisp\u00e1l Lajosn\u00e9; Katalin Szilv\u00e1si S\u00e1ndorn\u00e9. \u2013 Fels\u0151feh\u00e9rvm. els\u0151 alisp\u00e1nja, a szebeni ref. egyh\u00e1zker\u00fclet f\u0151gondnoka. Ogy.-i kir. hivatalos. 200 darabb\u00f3l \u00e1ll\u00f3 \u00e9remgy\u0171jtem\u00e9ny\u00e9t a mv.-i Ref. Koll. -nak adom\u00e1nyozta (1858). <br \/><strong>Irod.:<\/strong> Csekme; Gy\u00e1szjelent\u0151; Id\u0151t\u00e1r 2.; P\u00e1lffy; P\u00e1lmay J\u00f3zsef<\/br><\/p>\n","protected":false},"excerpt":{"rendered":"<p>1796., \u2020\u00a0Mv., 1860. nov. 10.: alisp\u00e1n. \u2013 Testv\u00e9re: Imre. Feles\u00e9ge: P\u00e1losi Don\u00e1th Katalin. Le\u00e1nyaik: M\u00e1ria Kisp\u00e1l Lajosn\u00e9; Katalin Szilv\u00e1si S\u00e1ndorn\u00e9. \u2013 Fels\u0151feh\u00e9rvm. els\u0151 alisp\u00e1nja, a szebeni ref. egyh\u00e1zker\u00fclet f\u0151gondnoka. Ogy.-i kir. hivatalos. 200 darabb\u00f3l \u00e1ll\u00f3 \u00e9remgy\u0171jtem\u00e9ny\u00e9t a mv.-i Ref. Koll. -nak adom\u00e1nyozta (1858). Irod.: Csekme; Gy\u00e1szjelent\u0151; Id\u0151t\u00e1r 2.; P\u00e1lffy; P\u00e1lmay J\u00f3zsef<\/p>\n","protected":false},"featured_media":0,"comment_status":"open","ping_status":"closed","template":"","meta":[],"product_brand":[],"product_cat":[137],"product_tag":[],"class_list":{"0":"post-8331","1":"product","2":"type-product","3":"status-publish","5":"product_cat-maros-megyei-eletrajzi-lexikon","7":"first","8":"instock","9":"shipping-taxable","10":"product-type-simple"},"_links":{"self":[{"href":"https:\/\/uj.adatbank.ro\/lexikon\/wp-json\/wp\/v2\/product\/8331","targetHints":{"allow":["GET"]}}],"collection":[{"href":"https:\/\/uj.adatbank.ro\/lexikon\/wp-json\/wp\/v2\/product"}],"about":[{"href":"https:\/\/uj.adatbank.ro\/lexikon\/wp-json\/wp\/v2\/types\/product"}],"replies":[{"embeddable":true,"href":"https:\/\/uj.adatbank.ro\/lexikon\/wp-json\/wp\/v2\/comments?post=8331"}],"wp:attachment":[{"href":"https:\/\/uj.adatbank.ro\/lexikon\/wp-json\/wp\/v2\/media?parent=8331"}],"wp:term":[{"taxonomy":"product_brand","embeddable":true,"href":"https:\/\/uj.adatbank.ro\/lexikon\/wp-json\/wp\/v2\/product_brand?post=8331"},{"taxonomy":"product_cat","embeddable":true,"href":"https:\/\/uj.adatbank.ro\/lexikon\/wp-json\/wp\/v2\/product_cat?post=8331"},{"taxonomy":"product_tag","embeddable":true,"href":"https:\/\/uj.adatbank.ro\/lexikon\/wp-json\/wp\/v2\/product_tag?post=8331"}],"curies":[{"name":"wp","href":"https:\/\/api.w.org\/{rel}","templated":true}]}}