{"id":8332,"date":"2025-06-29T10:22:29","date_gmt":"2025-06-29T08:22:29","guid":{"rendered":"https:\/\/uj.adatbank.ro\/lexikon\/termek\/fruchter-mor-fruchte-moric-fruchte-mauritiu\/"},"modified":"2025-06-29T10:22:29","modified_gmt":"2025-06-29T08:22:29","slug":"fruchter-mor-fruchte-moric-fruchte-mauritiu","status":"publish","type":"product","link":"https:\/\/uj.adatbank.ro\/lexikon\/termek\/fruchter-mor-fruchte-moric-fruchte-mauritiu\/","title":{"rendered":"FRUCHTER M\u00f3r, Fruchte M\u00f3ric, Fruchte Mauri\u0163iu"},"content":{"rendered":"<p>Mez\u0151solymos, 1872., \u2020\u00a0? : malomtulajdonos. \u2013 Iskol\u00e1i elv\u00e9gz\u00e9se ut\u00e1n gazd\u00e1lkod\u00e1ssal foglalkozott (\u20131920), majd malomtulajdonos lett Nagyerny\u00e9ben (1926 k.), Mv.-en (1933\u2013). Az els\u0151 vh.-ban a 62. gyalog ezred k\u00f6tel\u00e9k\u00e9ben, rom\u00e1n harct\u00e9ren mint hat\u00e1rcsend\u0151r teljes\u00edtett szolg\u00e1latot, tizedesk\u00e9nt szerelt le. Kit\u00fcntet\u00e9st szerzett. <br \/><strong>Irod.:<\/strong> Pan\u0103; Sz\u00e9kelyf\u00f6ld \u00ed. k.; Visnai<\/br><\/p>\n","protected":false},"excerpt":{"rendered":"<p>Mez\u0151solymos, 1872., \u2020\u00a0? : malomtulajdonos. \u2013 Iskol\u00e1i elv\u00e9gz\u00e9se ut\u00e1n gazd\u00e1lkod\u00e1ssal foglalkozott (\u20131920), majd malomtulajdonos lett Nagyerny\u00e9ben (1926 k.), Mv.-en (1933\u2013). Az els\u0151 vh.-ban a 62. gyalog ezred k\u00f6tel\u00e9k\u00e9ben, rom\u00e1n harct\u00e9ren mint hat\u00e1rcsend\u0151r teljes\u00edtett szolg\u00e1latot, tizedesk\u00e9nt szerelt le. Kit\u00fcntet\u00e9st szerzett. Irod.: Pan\u0103; Sz\u00e9kelyf\u00f6ld \u00ed. k.; Visnai<\/p>\n","protected":false},"featured_media":0,"comment_status":"open","ping_status":"closed","template":"","meta":[],"product_brand":[],"product_cat":[137],"product_tag":[],"class_list":{"0":"post-8332","1":"product","2":"type-product","3":"status-publish","5":"product_cat-maros-megyei-eletrajzi-lexikon","7":"first","8":"instock","9":"shipping-taxable","10":"product-type-simple"},"_links":{"self":[{"href":"https:\/\/uj.adatbank.ro\/lexikon\/wp-json\/wp\/v2\/product\/8332","targetHints":{"allow":["GET"]}}],"collection":[{"href":"https:\/\/uj.adatbank.ro\/lexikon\/wp-json\/wp\/v2\/product"}],"about":[{"href":"https:\/\/uj.adatbank.ro\/lexikon\/wp-json\/wp\/v2\/types\/product"}],"replies":[{"embeddable":true,"href":"https:\/\/uj.adatbank.ro\/lexikon\/wp-json\/wp\/v2\/comments?post=8332"}],"wp:attachment":[{"href":"https:\/\/uj.adatbank.ro\/lexikon\/wp-json\/wp\/v2\/media?parent=8332"}],"wp:term":[{"taxonomy":"product_brand","embeddable":true,"href":"https:\/\/uj.adatbank.ro\/lexikon\/wp-json\/wp\/v2\/product_brand?post=8332"},{"taxonomy":"product_cat","embeddable":true,"href":"https:\/\/uj.adatbank.ro\/lexikon\/wp-json\/wp\/v2\/product_cat?post=8332"},{"taxonomy":"product_tag","embeddable":true,"href":"https:\/\/uj.adatbank.ro\/lexikon\/wp-json\/wp\/v2\/product_tag?post=8332"}],"curies":[{"name":"wp","href":"https:\/\/api.w.org\/{rel}","templated":true}]}}