{"id":8333,"date":"2025-06-29T10:22:30","date_gmt":"2025-06-29T08:22:30","guid":{"rendered":"https:\/\/uj.adatbank.ro\/lexikon\/termek\/fruchter-samuel\/"},"modified":"2025-06-29T10:22:30","modified_gmt":"2025-06-29T08:22:30","slug":"fruchter-samuel","status":"publish","type":"product","link":"https:\/\/uj.adatbank.ro\/lexikon\/termek\/fruchter-samuel\/","title":{"rendered":"FRUCHTER S\u00e1muel"},"content":{"rendered":"<p>Beresztelke, 1906., \u2020\u00a0?: malomtulajdonos. \u2013 Iskol\u00e1i elv\u00e9gz\u00e9se ut\u00e1n a moln\u00e1rmesters\u00e9get tanulta, \u00f6n\u00e1ll\u00f3 lett Nagyerny\u00e9n (1933), foglalkozott b\u00e9rcs\u00e9pl\u00e9ssel is (1925\u2013). Az Ipartest\u00fclet tagja. <br \/><strong>Irod.:<\/strong> Sz\u00e9kelyf\u00f6ld \u00ed. k<\/br><\/p>\n","protected":false},"excerpt":{"rendered":"<p>Beresztelke, 1906., \u2020\u00a0?: malomtulajdonos. \u2013 Iskol\u00e1i elv\u00e9gz\u00e9se ut\u00e1n a moln\u00e1rmesters\u00e9get tanulta, \u00f6n\u00e1ll\u00f3 lett Nagyerny\u00e9n (1933), foglalkozott b\u00e9rcs\u00e9pl\u00e9ssel is (1925\u2013). Az Ipartest\u00fclet tagja. Irod.: Sz\u00e9kelyf\u00f6ld \u00ed. k<\/p>\n","protected":false},"featured_media":0,"comment_status":"open","ping_status":"closed","template":"","meta":[],"product_brand":[],"product_cat":[137],"product_tag":[],"class_list":{"0":"post-8333","1":"product","2":"type-product","3":"status-publish","5":"product_cat-maros-megyei-eletrajzi-lexikon","7":"first","8":"instock","9":"shipping-taxable","10":"product-type-simple"},"_links":{"self":[{"href":"https:\/\/uj.adatbank.ro\/lexikon\/wp-json\/wp\/v2\/product\/8333","targetHints":{"allow":["GET"]}}],"collection":[{"href":"https:\/\/uj.adatbank.ro\/lexikon\/wp-json\/wp\/v2\/product"}],"about":[{"href":"https:\/\/uj.adatbank.ro\/lexikon\/wp-json\/wp\/v2\/types\/product"}],"replies":[{"embeddable":true,"href":"https:\/\/uj.adatbank.ro\/lexikon\/wp-json\/wp\/v2\/comments?post=8333"}],"wp:attachment":[{"href":"https:\/\/uj.adatbank.ro\/lexikon\/wp-json\/wp\/v2\/media?parent=8333"}],"wp:term":[{"taxonomy":"product_brand","embeddable":true,"href":"https:\/\/uj.adatbank.ro\/lexikon\/wp-json\/wp\/v2\/product_brand?post=8333"},{"taxonomy":"product_cat","embeddable":true,"href":"https:\/\/uj.adatbank.ro\/lexikon\/wp-json\/wp\/v2\/product_cat?post=8333"},{"taxonomy":"product_tag","embeddable":true,"href":"https:\/\/uj.adatbank.ro\/lexikon\/wp-json\/wp\/v2\/product_tag?post=8333"}],"curies":[{"name":"wp","href":"https:\/\/api.w.org\/{rel}","templated":true}]}}