{"id":8337,"date":"2025-06-29T10:22:41","date_gmt":"2025-06-29T08:22:41","guid":{"rendered":"https:\/\/uj.adatbank.ro\/lexikon\/termek\/fuchs-gabor-dr\/"},"modified":"2025-06-29T10:22:41","modified_gmt":"2025-06-29T08:22:41","slug":"fuchs-gabor-dr","status":"publish","type":"product","link":"https:\/\/uj.adatbank.ro\/lexikon\/termek\/fuchs-gabor-dr\/","title":{"rendered":"FUCHS G\u00e1bor, dr."},"content":{"rendered":"<p>? \u2020 ? : r. k. pap. \u2013 A beb\u00f6rt\u00f6n\u00f6z\u00f6tt (1954) papok egyike (harasztosi), aki\u00e9rt M\u00e1rton \u00c1ron p\u00fcsp\u00f6k k\u00f6zbenj\u00e1rt. <br \/><strong>Irod.:<\/strong><\/br><\/p>\n","protected":false},"excerpt":{"rendered":"<p>? \u2020 ? : r. k. pap. \u2013 A beb\u00f6rt\u00f6n\u00f6z\u00f6tt (1954) papok egyike (harasztosi), aki\u00e9rt M\u00e1rton \u00c1ron p\u00fcsp\u00f6k k\u00f6zbenj\u00e1rt. Irod.:<\/p>\n","protected":false},"featured_media":0,"comment_status":"open","ping_status":"closed","template":"","meta":[],"product_brand":[],"product_cat":[137],"product_tag":[],"class_list":{"0":"post-8337","1":"product","2":"type-product","3":"status-publish","5":"product_cat-maros-megyei-eletrajzi-lexikon","7":"first","8":"instock","9":"shipping-taxable","10":"product-type-simple"},"_links":{"self":[{"href":"https:\/\/uj.adatbank.ro\/lexikon\/wp-json\/wp\/v2\/product\/8337","targetHints":{"allow":["GET"]}}],"collection":[{"href":"https:\/\/uj.adatbank.ro\/lexikon\/wp-json\/wp\/v2\/product"}],"about":[{"href":"https:\/\/uj.adatbank.ro\/lexikon\/wp-json\/wp\/v2\/types\/product"}],"replies":[{"embeddable":true,"href":"https:\/\/uj.adatbank.ro\/lexikon\/wp-json\/wp\/v2\/comments?post=8337"}],"wp:attachment":[{"href":"https:\/\/uj.adatbank.ro\/lexikon\/wp-json\/wp\/v2\/media?parent=8337"}],"wp:term":[{"taxonomy":"product_brand","embeddable":true,"href":"https:\/\/uj.adatbank.ro\/lexikon\/wp-json\/wp\/v2\/product_brand?post=8337"},{"taxonomy":"product_cat","embeddable":true,"href":"https:\/\/uj.adatbank.ro\/lexikon\/wp-json\/wp\/v2\/product_cat?post=8337"},{"taxonomy":"product_tag","embeddable":true,"href":"https:\/\/uj.adatbank.ro\/lexikon\/wp-json\/wp\/v2\/product_tag?post=8337"}],"curies":[{"name":"wp","href":"https:\/\/api.w.org\/{rel}","templated":true}]}}