{"id":8340,"date":"2025-06-29T10:22:46","date_gmt":"2025-06-29T08:22:46","guid":{"rendered":"https:\/\/uj.adatbank.ro\/lexikon\/termek\/fuchs-simon-%c2%a7\/"},"modified":"2025-06-29T10:22:46","modified_gmt":"2025-06-29T08:22:46","slug":"fuchs-simon-%c2%a7","status":"publish","type":"product","link":"https:\/\/uj.adatbank.ro\/lexikon\/termek\/fuchs-simon-%c2%a7\/","title":{"rendered":"FUCHS Simon, \u00a7"},"content":{"rendered":"<p>Mad\u00e9falva, 1907. okt. 24., \u2020 Mv., 1972. j\u00fal. 24.: vasmunk\u00e1s, k\u00f6nyvt\u00e1ros, egyetemi el\u0151ad\u00f3, t\u00f6rt\u00e9n\u00e9sz. \u2013 Apja Mad\u00e9falv\u00e1n volt famunk\u00e1s. Feles\u00e9ge: 1. Hal\u00e1sz Magda, 2. Ligeti Herta. \u2013 A mv.-i iparitanonc iskol\u00e1ba iratkozott (1920\u2013), tan\u00e1ra Sim\u00f3 G\u00e9za. Lakatosinas volt Mv.-en (1922\u2013), KISZ tag, majd lakatosk\u00e9nt kapcsol\u00f3dott be a munk\u00e1smozgalomba. T\u00f6bbsz\u00f6r letart\u00f3ztatt\u00e1k, Kv.-on \u00e9s Galacon volt b\u00f6t\u00f6nben (1925\u2013). Mv-en a petr\u00f3leumfinom\u00edt\u00f3n\u00e1l dolgozott (1927. dec. \u2013 1929. \u00e1pr.; majd 1933\u201335). A Szakszervezetek Orsz\u00e1gos Sz\u00f6vets\u00e9ge ifj\u00fas\u00e1gi szekci\u00f3ja titk\u00e1r\u00e1v\u00e1 v\u00e1lasztott\u00e1k (1929). Els\u0151 \u00edr\u00e1s\u00e1t a buk.-i Ifj\u00famunk\u00e1s k\u00f6z\u00f6lte (1929), el\u0151bb ennek majd a mv.-i Avang\u00e1rda \u00e9s az Ifj\u00fa Harcos c. illeg\u00e1lis lapok szerk.-je, Mv.-en az Ifj\u00fa Harcos c. kommunista ir\u00e1ny\u00edt\u00e1s alatt \u00e1ll\u00f3 ifj\u00fas\u00e1gi lap szerk.-je (1929), amely k\u00e9t sz\u00e1mot \u00e9rt meg, R\u00e9v\u00e9sz B\u00e9la nyomd\u00e1j\u00e1ban k\u00e9sz\u00fclt, a Siguranta elkobozta \u00e9s betiltotta. Buk.-ben telepedett le, feles\u00e9g\u00e9vel Hal\u00e1sz Magd\u00e1val. R\u00e9szt vett az Ifj\u00famunk\u00e1s \u00e9s T\u00een\u0103rul muncitor szerk.-ben, volt szakszervezeti aktivista. K\u00f6nyvkeresked\u0151 a mv-i R\u00e9v\u00e9sz c\u00e9gn\u00e9l (1936) \u00e9s k\u00f6nyvt\u00e1ros az \u00e1ltala l\u00e9trehozott k\u00f6lcs\u00f6nk\u00f6nyvt\u00e1rban. Munk\u00e1smozgalmi tev\u00e9kenys\u00e9g\u00e9\u00e9rt t\u00f6bbsz\u00f6r el\u00edt\u00e9lt\u00e9k, letart\u00f3ztatt\u00e1k \u00e9s az \u00e1kosfalvi, majd a kistarcsai t\u00e1borba intern\u00e1lt\u00e1k (1941), Ukrajn\u00e1ba vitt\u00e9k munkaszolg\u00e1latra (1942), kimenek\u00fclt \u00e9s Salamon Ern\u0151 utols\u00f3 \u00edr\u00e1sait megmentve hazahozta (1943. nov.), majd deport\u00e1lt\u00e1k Auschwitzba, ahol feles\u00e9ge, Hal\u00e1sz Magda \u00e9s k\u00e9t gyermeke odaveszett (1944). Buchenwaldba hurcolt\u00e1k a t\u00e1bor felszabadul\u00e1s\u00e1ig volt ott (1945. \u00e1pr. 11.). M\u00e1sodik feles\u00e9ge, Ligeti Herta, osztr\u00e1k sz\u00e1rmaz\u00e1s\u00fa \u00edr\u00f3n\u0151, akit m\u00e9g Auschwitzban ismert meg. Felel\u0151s beoszt\u00e1s\u00fa aktivista az RKP Maros megyei Bizotts\u00e1g\u00e1n\u00e1l, p\u00e1rtoktat\u00f3 (1945\u201352); a Rom\u00e1niai M. Sz\u00f3 vid\u00e9ki szerk.-je (1947\u201350), munkat\u00e1rsa a mv.-i Szabad Sz\u00f3 \u00e9s St. R., V. Z. lapoknak, majd a Cadran Mure\u015fean (1969\u201370), Studii \u015fi materiale c. peri\u00f3dik\u00e1knak. Buk.-ben \u00e9s Kv.-on egyetemi tanulm\u00e1nyokat folytatott; el\u0151ad\u00f3tan\u00e1r a BTE-en, majd k\u00e9s\u0151bb a Rom\u00e1n Akad. kv.-i t\u00f6rt\u00e9neti int\u00e9zet\u00e9ben f\u0151kutat\u00f3. Visszat\u00e9rt Mv. -re, a MOGYI marxista\u2013leninista tansz\u00e9k\u00e9n el\u0151ad\u00f3, a mv.-i Akad.-i Kutat\u00f3k\u00f6zpont T\u00e1rsadalomtud.-i r\u00e9szleg\u00e9nek vezet\u0151je nyugd\u00edjaz\u00e1s\u00e1ig (1957\u201370) \u00e9s az itt megjelen\u0151 Studii de Istorie c. foly\u00f3irat szerk.-je (1968). Mint t\u00f6rt\u00e9n\u00e9szt f\u0151leg a mv.-i \u00e9s marosv\u00f6lgyi munk\u00e1ss\u00e1g harcai foglalkoztatt\u00e1k. Munk\u00e1s- \u00e9s sajt\u00f3t\u00f6rt\u00e9neti k\u00f6zl\u00e9sei, szem\u00e9lyis\u00e9grajzai a Korunk, Igaz Sz\u00f3, Utunk, K\u00f6nyvt\u00e1ri Szemle \u00e9s a rom\u00e1n t\u00f6rt\u00e9nelmi szakfoly\u00f3iratokban jelentek meg. Megeml\u00e9kezesei Aradi Viktor, G\u00e1bor Andor, Hal\u00e1sz J\u00f3zsef, Molter K\u00e1roly, Rozv\u00e1ny Ern\u0151, Sim\u00f3 G\u00e9za, Salamon Ern\u0151 \u00e9let\u00e9r\u0151l \u00e9s munk\u00e1ss\u00e1g\u00e1r\u00f3l forr\u00e1s \u00e9rt\u00e9k\u0171ek, tanulm\u00e1nyt \u00edrt Aurel Vlaicu 1912\u2013s mv.-i felsz\u00e1ll\u00e1s\u00e1r\u00f3l (Studii \u015fi articole de Istorie, 1966. 8. sz). \u00c9rdemei elismer\u00e9s\u00e9\u00fcl a RSZK \u00e9rdemrendjeivel \u00e9s \u00e9rdem\u00e9rmeivel t\u00fcntett\u00e9k ki. Hagyat\u00e9ka a Teleki-Bolyai k\u00f6nyvt\u00e1rba ker\u00fclt. A securitate megfigyeltette (1960-as \u00e9vekben). \u2013 <strong>F. m.:<\/strong> Din istoria transform\u0103rii socialiste a ora\u015fului Tg. M. (Extras din Studii \u015fi articole de istorie; Buc., 1964); Primele gazete muncitore\u015fti din Tg. M. (Tg. M., 1967); Munk\u00e1smozgalom a Maros v\u00f6lgy\u00e9ben (V\u00e1logatott \u00edr\u00e1sok. K\u00f3czi\u00e1ny L\u00e1szl\u00f3 el\u0151szav\u00e1val; Buk., 1975); A mv.-i Munk\u00e1sotthon K\u00f6nyvt\u00e1r t\u00f6rt\u00e9nete = K\u00f6nyvt\u00e1ri Szemle, 1970\/4; szerk: Studii de istorie (red.; Buc., 1968); Szavukkal sz\u00f3lt a t\u00f6rt\u00e9nelem (El\u0151sz\u00f3, jegyzetek; Buk. 1971); Aradi Viktor: M\u00f3cok f\u00f6ldj\u00e9n (V\u00e1logatta, bevez.; Buk., 1974). <br \/><strong>Irod.:<\/strong> Aranykorszak; F. S. [Nekrol\u00f3g] (V. Z., 1972. j\u00fal. 25.; 1972. j\u00fal. 27.); Guly\u00e1s; Husz\u00e1r Ilona: F. S. hal\u00e1l\u00e1ra (Igaz Sz\u00f3, 1972\/9), Id\u0151t\u00e1r 3; Id\u0151t\u00e1r 4.; K\u00e1d\u00e1r Zsombor: Munk\u00e1smozgalmi helyt\u00f6rt\u00e9net  =  K\u00e1d\u00e1r Zsombor: Sz\u00e9kelyf\u00f6ldi erd\u00e9szeti arck\u00e9pcsarnok (Bp., 1999); Katona Szab\u00f3; Korunk (1972. 8. sz.); Igaz Sz\u00f3 (1972. 9. sz.); M\u00c9L; MIIB; Mv. zsid\u00f3s\u00e1ga; Mv.-i zsid\u00f3 temet\u0151 dok.; PopTofolean-F\u00fcl\u00f6p; Popt\u0103ma\u015f\u2013M\u00f3zes; RMIL; R\u00daL; Spielmann J\u00f3zsef: F. S. (K\u00f6nyvt\u00e1ri Szemle, 1972\/3); Sz\u00e9pr\u00e9ti L.: Eml\u00e9kek a h\u0151skorb\u00f3l (\u00daj \u00c9let, 5. sz., 1972)<\/br><\/p>\n","protected":false},"excerpt":{"rendered":"<p>Mad\u00e9falva, 1907. okt. 24., \u2020 Mv., 1972. j\u00fal. 24.: vasmunk\u00e1s, k\u00f6nyvt\u00e1ros, egyetemi el\u0151ad\u00f3, t\u00f6rt\u00e9n\u00e9sz. \u2013 Apja Mad\u00e9falv\u00e1n volt famunk\u00e1s. Feles\u00e9ge: 1. Hal\u00e1sz Magda, 2. Ligeti Herta. \u2013 A mv.-i iparitanonc iskol\u00e1ba iratkozott (1920\u2013), tan\u00e1ra Sim\u00f3 G\u00e9za. Lakatosinas volt Mv.-en (1922\u2013), KISZ tag, majd lakatosk\u00e9nt kapcsol\u00f3dott be a munk\u00e1smozgalomba. T\u00f6bbsz\u00f6r letart\u00f3ztatt\u00e1k, Kv.-on \u00e9s Galacon volt b\u00f6t\u00f6nben [&hellip;]<\/p>\n","protected":false},"featured_media":0,"comment_status":"open","ping_status":"closed","template":"","meta":[],"product_brand":[],"product_cat":[137],"product_tag":[],"class_list":{"0":"post-8340","1":"product","2":"type-product","3":"status-publish","5":"product_cat-maros-megyei-eletrajzi-lexikon","7":"first","8":"instock","9":"shipping-taxable","10":"product-type-simple"},"_links":{"self":[{"href":"https:\/\/uj.adatbank.ro\/lexikon\/wp-json\/wp\/v2\/product\/8340","targetHints":{"allow":["GET"]}}],"collection":[{"href":"https:\/\/uj.adatbank.ro\/lexikon\/wp-json\/wp\/v2\/product"}],"about":[{"href":"https:\/\/uj.adatbank.ro\/lexikon\/wp-json\/wp\/v2\/types\/product"}],"replies":[{"embeddable":true,"href":"https:\/\/uj.adatbank.ro\/lexikon\/wp-json\/wp\/v2\/comments?post=8340"}],"wp:attachment":[{"href":"https:\/\/uj.adatbank.ro\/lexikon\/wp-json\/wp\/v2\/media?parent=8340"}],"wp:term":[{"taxonomy":"product_brand","embeddable":true,"href":"https:\/\/uj.adatbank.ro\/lexikon\/wp-json\/wp\/v2\/product_brand?post=8340"},{"taxonomy":"product_cat","embeddable":true,"href":"https:\/\/uj.adatbank.ro\/lexikon\/wp-json\/wp\/v2\/product_cat?post=8340"},{"taxonomy":"product_tag","embeddable":true,"href":"https:\/\/uj.adatbank.ro\/lexikon\/wp-json\/wp\/v2\/product_tag?post=8340"}],"curies":[{"name":"wp","href":"https:\/\/api.w.org\/{rel}","templated":true}]}}