{"id":8342,"date":"2025-06-29T10:22:49","date_gmt":"2025-06-29T08:22:49","guid":{"rendered":"https:\/\/uj.adatbank.ro\/lexikon\/termek\/fugolyan-kristof\/"},"modified":"2025-06-29T10:22:49","modified_gmt":"2025-06-29T08:22:49","slug":"fugolyan-kristof","status":"publish","type":"product","link":"https:\/\/uj.adatbank.ro\/lexikon\/termek\/fugolyan-kristof\/","title":{"rendered":"FUGOLY\u00c1N Krist\u00f3f"},"content":{"rendered":"<p>Marosludas, 1836., \u2020\u00a0Sepsiszentgy\u00f6rgy, 1922.: keresked\u0151. \u2013 F. Luk\u00e1cs \u00e9s Szenkovits Rebeka fia. Feles\u00e9ge: k\u00e9zdiv\u00e1s\u00e1rhelyi Fej\u00e9r M\u00e1ria Roz\u00e1lia (1855\u20131917). Gyermekeik: Luk\u00e1cs, Krist\u00f3f Antal seb\u00e9szorvos, Anna, M\u00e1ria \u00e9s Ida. \u2013 Marosludasr\u00f3l, Endre testv\u00e9r\u00e9vel, Sepsiszentgy\u00f6rgyre k\u00f6lt\u00f6ztett\u00e9k keresked\u0151i tev\u00e9kenys\u00e9g\u00fcket (1850-es \u00e9veg v\u00e9g\u00e9n). <br \/><strong>Irod.:<\/strong> Sz\u00e1va 2012<\/br><\/p>\n","protected":false},"excerpt":{"rendered":"<p>Marosludas, 1836., \u2020\u00a0Sepsiszentgy\u00f6rgy, 1922.: keresked\u0151. \u2013 F. Luk\u00e1cs \u00e9s Szenkovits Rebeka fia. Feles\u00e9ge: k\u00e9zdiv\u00e1s\u00e1rhelyi Fej\u00e9r M\u00e1ria Roz\u00e1lia (1855\u20131917). Gyermekeik: Luk\u00e1cs, Krist\u00f3f Antal seb\u00e9szorvos, Anna, M\u00e1ria \u00e9s Ida. \u2013 Marosludasr\u00f3l, Endre testv\u00e9r\u00e9vel, Sepsiszentgy\u00f6rgyre k\u00f6lt\u00f6ztett\u00e9k keresked\u0151i tev\u00e9kenys\u00e9g\u00fcket (1850-es \u00e9veg v\u00e9g\u00e9n). Irod.: Sz\u00e1va 2012<\/p>\n","protected":false},"featured_media":0,"comment_status":"open","ping_status":"closed","template":"","meta":[],"product_brand":[],"product_cat":[137],"product_tag":[],"class_list":{"0":"post-8342","1":"product","2":"type-product","3":"status-publish","5":"product_cat-maros-megyei-eletrajzi-lexikon","7":"first","8":"instock","9":"shipping-taxable","10":"product-type-simple"},"_links":{"self":[{"href":"https:\/\/uj.adatbank.ro\/lexikon\/wp-json\/wp\/v2\/product\/8342","targetHints":{"allow":["GET"]}}],"collection":[{"href":"https:\/\/uj.adatbank.ro\/lexikon\/wp-json\/wp\/v2\/product"}],"about":[{"href":"https:\/\/uj.adatbank.ro\/lexikon\/wp-json\/wp\/v2\/types\/product"}],"replies":[{"embeddable":true,"href":"https:\/\/uj.adatbank.ro\/lexikon\/wp-json\/wp\/v2\/comments?post=8342"}],"wp:attachment":[{"href":"https:\/\/uj.adatbank.ro\/lexikon\/wp-json\/wp\/v2\/media?parent=8342"}],"wp:term":[{"taxonomy":"product_brand","embeddable":true,"href":"https:\/\/uj.adatbank.ro\/lexikon\/wp-json\/wp\/v2\/product_brand?post=8342"},{"taxonomy":"product_cat","embeddable":true,"href":"https:\/\/uj.adatbank.ro\/lexikon\/wp-json\/wp\/v2\/product_cat?post=8342"},{"taxonomy":"product_tag","embeddable":true,"href":"https:\/\/uj.adatbank.ro\/lexikon\/wp-json\/wp\/v2\/product_tag?post=8342"}],"curies":[{"name":"wp","href":"https:\/\/api.w.org\/{rel}","templated":true}]}}