{"id":8343,"date":"2025-06-29T10:22:50","date_gmt":"2025-06-29T08:22:50","guid":{"rendered":"https:\/\/uj.adatbank.ro\/lexikon\/termek\/fugolyan-lukacs\/"},"modified":"2025-06-29T10:22:50","modified_gmt":"2025-06-29T08:22:50","slug":"fugolyan-lukacs","status":"publish","type":"product","link":"https:\/\/uj.adatbank.ro\/lexikon\/termek\/fugolyan-lukacs\/","title":{"rendered":"FUGOLY\u00c1N Luk\u00e1cs"},"content":{"rendered":"<p>Marosludas, 1802., \u2020\u00a0Marosludas, ?: keresked\u0151. \u2013 Fug\u00f3 M\u00e9lik Menyh\u00e9rt (1770-?) \u00e9s K\u00f6v\u00e9r S\u00e1ra (1779-?) fia. Feles\u00e9ge Szenkovits Rebeka (1812\u20131894). Gyermekeik: Endre (1834-?), Krist\u00f3f (1836\u20131922), Rebeka (1839-?), Vincze (1843-?), J\u00e1nos (1841-?), Istv\u00e1n (1845-?), M\u00e1ria (1848-?), Luk\u00e1cs (1850\u20131887). \u2013 Marosludasi keresked\u0151. <br \/><strong>Irod.:<\/strong> Sz\u00e1va 2012<\/br><\/p>\n","protected":false},"excerpt":{"rendered":"<p>Marosludas, 1802., \u2020\u00a0Marosludas, ?: keresked\u0151. \u2013 Fug\u00f3 M\u00e9lik Menyh\u00e9rt (1770-?) \u00e9s K\u00f6v\u00e9r S\u00e1ra (1779-?) fia. Feles\u00e9ge Szenkovits Rebeka (1812\u20131894). Gyermekeik: Endre (1834-?), Krist\u00f3f (1836\u20131922), Rebeka (1839-?), Vincze (1843-?), J\u00e1nos (1841-?), Istv\u00e1n (1845-?), M\u00e1ria (1848-?), Luk\u00e1cs (1850\u20131887). \u2013 Marosludasi keresked\u0151. Irod.: Sz\u00e1va 2012<\/p>\n","protected":false},"featured_media":0,"comment_status":"open","ping_status":"closed","template":"","meta":[],"product_brand":[],"product_cat":[137],"product_tag":[],"class_list":{"0":"post-8343","1":"product","2":"type-product","3":"status-publish","5":"product_cat-maros-megyei-eletrajzi-lexikon","7":"first","8":"instock","9":"shipping-taxable","10":"product-type-simple"},"_links":{"self":[{"href":"https:\/\/uj.adatbank.ro\/lexikon\/wp-json\/wp\/v2\/product\/8343","targetHints":{"allow":["GET"]}}],"collection":[{"href":"https:\/\/uj.adatbank.ro\/lexikon\/wp-json\/wp\/v2\/product"}],"about":[{"href":"https:\/\/uj.adatbank.ro\/lexikon\/wp-json\/wp\/v2\/types\/product"}],"replies":[{"embeddable":true,"href":"https:\/\/uj.adatbank.ro\/lexikon\/wp-json\/wp\/v2\/comments?post=8343"}],"wp:attachment":[{"href":"https:\/\/uj.adatbank.ro\/lexikon\/wp-json\/wp\/v2\/media?parent=8343"}],"wp:term":[{"taxonomy":"product_brand","embeddable":true,"href":"https:\/\/uj.adatbank.ro\/lexikon\/wp-json\/wp\/v2\/product_brand?post=8343"},{"taxonomy":"product_cat","embeddable":true,"href":"https:\/\/uj.adatbank.ro\/lexikon\/wp-json\/wp\/v2\/product_cat?post=8343"},{"taxonomy":"product_tag","embeddable":true,"href":"https:\/\/uj.adatbank.ro\/lexikon\/wp-json\/wp\/v2\/product_tag?post=8343"}],"curies":[{"name":"wp","href":"https:\/\/api.w.org\/{rel}","templated":true}]}}