{"id":8344,"date":"2025-06-29T10:22:51","date_gmt":"2025-06-29T08:22:51","guid":{"rendered":"https:\/\/uj.adatbank.ro\/lexikon\/termek\/fugulyan-gergely\/"},"modified":"2025-06-29T10:22:51","modified_gmt":"2025-06-29T08:22:51","slug":"fugulyan-gergely","status":"publish","type":"product","link":"https:\/\/uj.adatbank.ro\/lexikon\/termek\/fugulyan-gergely\/","title":{"rendered":"FUGULY\u00c1N Gergely"},"content":{"rendered":"<p>M\u00e1ty\u00e1sf\u00f6ld, 1920. jan. 20., \u2020 Mv., 1996. m\u00e1rc. 27: orvos, szem\u00e9sz f\u0151orvos. \u2013 F. Antal (1892\u20131968), jegyz\u0151 \u00e9s Hemmen Etelka fia, elv\u00e1ltak sz\u00fclei (1927). Nagyn\u00e9nje F. Katalin neves kv.-i szemorvos patron\u00e1lta Kv.-on (1933\u2013). Gyermekei: Gergely (1959\u2013) \u00e9s Katalin, orvos (1963\u2013). \u2013 Elemi iskol\u00e1s volt Kisteremiben, Z\u00e1dorlakon, Aradon, Temsv\u00e1ron (1931\u2013), Kv.-on a R. K. Gimn.-ban (1933\u201339) v\u00e9gezte a k\u00f6z\u00e9piskol\u00e1t. Az egyetemi tanulm\u00e1nyait Kv.-on kezdte (1940\u201344-ig), Bp.-en illetve Halleban, ahova h\u00e1bor\u00fas viszonyok miatt menek\u00fclt az egyetem, itt avatt\u00e1k orvosdoktorr\u00e1 (1945. m\u00e1rc. 31.). N\u00f6rdlingenben hadik\u00f3rh\u00e1zban dolgozott (1945. \u00e1pr. &#8211; aug.) \u00e9s visszat\u00e9rt Kv.-ra (1945. szept. \u2013). A BTE mv.-i orvosi kar\u00e1nak els\u0151 doktorai sor\u00e1ba \u00fajra avatt\u00e1k (1947. j\u00fal. 12.). A mv.-i egyetemi p\u00e1lyafut\u00e1sa kezdet\u00e9n gyakornok volt a szem\u00e9szeti klinik\u00e1n (1946\u2013), tan\u00e1rseg\u00e9d (1949\u201361), f\u0151orvos (1959\u2013), az orvostudom\u00e1nyok doktora c\u00edmet is megszerezte (1967). K\u00f6zben az Eg\u00e9szs\u00e9g\u00fcgyi K\u00f6z\u00e9piskola igazgat\u00f3ja (1953\u201359). A mv.-i megyei poliklinika szem\u00e9szeti rendel\u0151j\u00e9ben dolgozott nyugd\u00edjaz\u00e1s\u00e1ig (1962\u201383). A fizet\u00e9ses poliklinik\u00e1n folytatta tev\u00e9kenys\u00e9g\u00e9t (1995. aug.-ig). F\u0151bb kutat\u00e1si ter\u00fclete a glauk\u00f3ma (z\u00f6ldh\u00e1lyog) \u00e9s a l\u00e9gz\u0151szervek megbeteged\u00e9seinek \u00f6sszef\u00fcgg\u00e9se. Tanulm\u00e1nyozta a cataracta \u00e9s a szemfen\u00e9k degnerat\u00edv elv\u00e1ltoz\u00e1sainak kapcsolat\u00e1t. Els\u0151k\u00e9nt vezette be a glaukom\u00e1s betegek diszpenzariz\u00e1l\u00e1s\u00e1t. Orvost\u00f6rt\u00e9neti vonatkoz\u00e1sban a rom\u00e1n-m. szem\u00e9szeti kapcsolatokat tanulm\u00e1nyozta. Szem\u00e9szeti dolgozatait a mv.-i Orvosi szemle, a buk.-i Oftalmologie, a Szem\u00e9szet k\u00f6z\u00f6lte, a dolgozatainak kivonatai a k\u00fclf\u00f6ldi szaklapokban is megjelentek. Munkat\u00e1rsa az Orvostudom\u00e1nyi \u00c9rtes\u00edt\u0151nek. Eg\u00e9szs\u00e9g\u00fcgyi nevel\u00e9si, ismeretn\u00e9pszer\u0171s\u00edt\u0151 \u00edr\u00e1sait a Dolgoz\u00f3 N\u0151, \u00daj \u00c9let \u00e9s a helyi lapok V. Z., N\u00fa. k\u00f6z\u00f6lt\u00e9k. Sz\u00e1mos belf\u00f6ldi \u00e9s k\u00fclf\u00f6ldi szem\u00e9szeti kongresszuson vett r\u00e9szt. Tagja volt az eur\u00f3pai Glaukoma T\u00e1rsas\u00e1gnak, a M. Szemorvos T\u00e1rsas\u00e1gnak. \u2013 <strong>F. m.:<\/strong> <strong>t\u00e1rssz.:<\/strong> Szem\u00e9szet (Mv., 1954, 1957); Az \u00f6reged\u0151 szem (Fodor Ferenccel; Buk., 1989), \u00cemb\u0103tr\u00e2nirea ochilor (Fodor Ferenccel; Buc., 1989); szerk: Fodor Ferenc \u2013 dr. M\u00e1rta Papp Ilona: Gyermek\u00fcnk szeme. (Szaklektor; Kv. -N., 1983). <br \/><strong>Irod.:<\/strong> Fodor Ferenc 2000; Fuguly\u00e1n Katalin: Eml\u00e9kez\u00e9s dr. F. G. szem\u00e9sz f\u0151orvosra (N\u00fa., 1996. aug. 15.); Fuguly\u00e1n Katalin: Dr. F. G. szem\u00e9sz f\u0151orvos \u00e9lete \u00e9s munk\u00e1ss\u00e1ga (N\u00fa., 2015. j\u00fan. 4.); Id\u0151t\u00e1r 4.; Komj\u00e1tszegi S\u00e1ndor: Az els\u0151 \u00fcnnep\u00e9lyes doktorr\u00e1 avat\u00e1s Mv.-en (N\u00fa., 1997. j\u00fal. 29.); Mv.-i \u00f6rm\u00e9nyek; Nagy Mikl\u00f3s Kund: \u201eTedd, amit tenned kell\u201d (V. Z., 1989. m\u00e1j. 24.); [Nekrol\u00f3g] (N\u00fa., 1996. m\u00e1rc. 22.); Orvostudom\u00e1nyi \u00c9rtes\u00edt\u0151 (1996. 68. k.); Barab\u00e1s-P\u00e9ter M.\u2013P\u00e9ter H. M.; Todea\u2013F\u00fcl\u00f6p\u2013Avram<\/br><\/p>\n","protected":false},"excerpt":{"rendered":"<p>M\u00e1ty\u00e1sf\u00f6ld, 1920. jan. 20., \u2020 Mv., 1996. m\u00e1rc. 27: orvos, szem\u00e9sz f\u0151orvos. \u2013 F. Antal (1892\u20131968), jegyz\u0151 \u00e9s Hemmen Etelka fia, elv\u00e1ltak sz\u00fclei (1927). Nagyn\u00e9nje F. Katalin neves kv.-i szemorvos patron\u00e1lta Kv.-on (1933\u2013). Gyermekei: Gergely (1959\u2013) \u00e9s Katalin, orvos (1963\u2013). \u2013 Elemi iskol\u00e1s volt Kisteremiben, Z\u00e1dorlakon, Aradon, Temsv\u00e1ron (1931\u2013), Kv.-on a R. K. Gimn.-ban (1933\u201339) [&hellip;]<\/p>\n","protected":false},"featured_media":0,"comment_status":"open","ping_status":"closed","template":"","meta":[],"product_brand":[],"product_cat":[137],"product_tag":[],"class_list":{"0":"post-8344","1":"product","2":"type-product","3":"status-publish","5":"product_cat-maros-megyei-eletrajzi-lexikon","7":"first","8":"instock","9":"shipping-taxable","10":"product-type-simple"},"_links":{"self":[{"href":"https:\/\/uj.adatbank.ro\/lexikon\/wp-json\/wp\/v2\/product\/8344","targetHints":{"allow":["GET"]}}],"collection":[{"href":"https:\/\/uj.adatbank.ro\/lexikon\/wp-json\/wp\/v2\/product"}],"about":[{"href":"https:\/\/uj.adatbank.ro\/lexikon\/wp-json\/wp\/v2\/types\/product"}],"replies":[{"embeddable":true,"href":"https:\/\/uj.adatbank.ro\/lexikon\/wp-json\/wp\/v2\/comments?post=8344"}],"wp:attachment":[{"href":"https:\/\/uj.adatbank.ro\/lexikon\/wp-json\/wp\/v2\/media?parent=8344"}],"wp:term":[{"taxonomy":"product_brand","embeddable":true,"href":"https:\/\/uj.adatbank.ro\/lexikon\/wp-json\/wp\/v2\/product_brand?post=8344"},{"taxonomy":"product_cat","embeddable":true,"href":"https:\/\/uj.adatbank.ro\/lexikon\/wp-json\/wp\/v2\/product_cat?post=8344"},{"taxonomy":"product_tag","embeddable":true,"href":"https:\/\/uj.adatbank.ro\/lexikon\/wp-json\/wp\/v2\/product_tag?post=8344"}],"curies":[{"name":"wp","href":"https:\/\/api.w.org\/{rel}","templated":true}]}}