{"id":8346,"date":"2025-06-29T10:22:57","date_gmt":"2025-06-29T08:22:57","guid":{"rendered":"https:\/\/uj.adatbank.ro\/lexikon\/termek\/fulea-chiril-fulea-ciril\/"},"modified":"2025-06-29T10:22:57","modified_gmt":"2025-06-29T08:22:57","slug":"fulea-chiril-fulea-ciril","status":"publish","type":"product","link":"https:\/\/uj.adatbank.ro\/lexikon\/termek\/fulea-chiril-fulea-ciril\/","title":{"rendered":"FULEA Chiril, Fulea Ciril"},"content":{"rendered":"<p>Erd\u0151szak\u00e1l, 1841., \u2020 F\u00fcleh\u00e1za, 1899. febr. 12.: ort. pap. \u2013 Tanulm\u00e1nyai: 6 gimn.-i oszt. pedag\u00f3giai \u00e9s teol\u00f3giai tanfolyam. \u015eaguna szentelte papp\u00e1. F\u00fcleh\u00e1z\u00e1n szolg\u00e1lt (1870\u201399), ahol tan\u00edtott is. \u00daj k\u0151templomot \u00e9p\u00edtettek a h\u00edv\u0151k t\u00e1mogat\u00e1s\u00e1val (1891). Sz\u00e1szr\u00e9gen esperess\u00e9geinek not\u00e1riusa volt. G. \u015eag\u0103u esperes temette el. <br \/><strong>Irod.:<\/strong> Dobozi; Reghin, Protopopiat<\/br><\/p>\n","protected":false},"excerpt":{"rendered":"<p>Erd\u0151szak\u00e1l, 1841., \u2020 F\u00fcleh\u00e1za, 1899. febr. 12.: ort. pap. \u2013 Tanulm\u00e1nyai: 6 gimn.-i oszt. pedag\u00f3giai \u00e9s teol\u00f3giai tanfolyam. \u015eaguna szentelte papp\u00e1. F\u00fcleh\u00e1z\u00e1n szolg\u00e1lt (1870\u201399), ahol tan\u00edtott is. \u00daj k\u0151templomot \u00e9p\u00edtettek a h\u00edv\u0151k t\u00e1mogat\u00e1s\u00e1val (1891). Sz\u00e1szr\u00e9gen esperess\u00e9geinek not\u00e1riusa volt. G. \u015eag\u0103u esperes temette el. Irod.: Dobozi; Reghin, Protopopiat<\/p>\n","protected":false},"featured_media":0,"comment_status":"open","ping_status":"closed","template":"","meta":[],"product_brand":[],"product_cat":[137],"product_tag":[],"class_list":{"0":"post-8346","1":"product","2":"type-product","3":"status-publish","5":"product_cat-maros-megyei-eletrajzi-lexikon","7":"first","8":"instock","9":"shipping-taxable","10":"product-type-simple"},"_links":{"self":[{"href":"https:\/\/uj.adatbank.ro\/lexikon\/wp-json\/wp\/v2\/product\/8346","targetHints":{"allow":["GET"]}}],"collection":[{"href":"https:\/\/uj.adatbank.ro\/lexikon\/wp-json\/wp\/v2\/product"}],"about":[{"href":"https:\/\/uj.adatbank.ro\/lexikon\/wp-json\/wp\/v2\/types\/product"}],"replies":[{"embeddable":true,"href":"https:\/\/uj.adatbank.ro\/lexikon\/wp-json\/wp\/v2\/comments?post=8346"}],"wp:attachment":[{"href":"https:\/\/uj.adatbank.ro\/lexikon\/wp-json\/wp\/v2\/media?parent=8346"}],"wp:term":[{"taxonomy":"product_brand","embeddable":true,"href":"https:\/\/uj.adatbank.ro\/lexikon\/wp-json\/wp\/v2\/product_brand?post=8346"},{"taxonomy":"product_cat","embeddable":true,"href":"https:\/\/uj.adatbank.ro\/lexikon\/wp-json\/wp\/v2\/product_cat?post=8346"},{"taxonomy":"product_tag","embeddable":true,"href":"https:\/\/uj.adatbank.ro\/lexikon\/wp-json\/wp\/v2\/product_tag?post=8346"}],"curies":[{"name":"wp","href":"https:\/\/api.w.org\/{rel}","templated":true}]}}