{"id":8347,"date":"2025-06-29T10:23:00","date_gmt":"2025-06-29T08:23:00","guid":{"rendered":"https:\/\/uj.adatbank.ro\/lexikon\/termek\/fulea-dimitrie-fulea-dumitru\/"},"modified":"2025-06-29T10:23:00","modified_gmt":"2025-06-29T08:23:00","slug":"fulea-dimitrie-fulea-dumitru","status":"publish","type":"product","link":"https:\/\/uj.adatbank.ro\/lexikon\/termek\/fulea-dimitrie-fulea-dumitru\/","title":{"rendered":"FULEA Dimitrie, Fulea Dumitru"},"content":{"rendered":"<p>1810., \u2020\u00a0G\u00f6rg\u00e9nys\u00f3akna, 1862. apr. 17.: ort. pap. \u2013 G\u00f6rg\u00e9nys\u00f3akn\u00e1n szolg\u00e1lt (1836\u201344). Letart\u00f3ztatt\u00e1k \u00e9s b\u00f6rt\u00f6nbe z\u00e1rt\u00e1k rabl\u00e1sban val\u00f3 r\u00e9szess\u00e9g\u00e9rt. \u015et. Branea a t\u00f6rv\u00e9nysz\u00e9ken \u00e1rtatlannak min\u0151s\u00edtette, de rabs\u00e1g\u00e1b\u00f3l csak k\u00e9t \u00e9v ut\u00e1n engedt\u00e9k ki (1856). <br \/><strong>Irod.:<\/strong> Dobozi; Reghin, Protopopiat<\/br><\/p>\n","protected":false},"excerpt":{"rendered":"<p>1810., \u2020\u00a0G\u00f6rg\u00e9nys\u00f3akna, 1862. apr. 17.: ort. pap. \u2013 G\u00f6rg\u00e9nys\u00f3akn\u00e1n szolg\u00e1lt (1836\u201344). Letart\u00f3ztatt\u00e1k \u00e9s b\u00f6rt\u00f6nbe z\u00e1rt\u00e1k rabl\u00e1sban val\u00f3 r\u00e9szess\u00e9g\u00e9rt. \u015et. Branea a t\u00f6rv\u00e9nysz\u00e9ken \u00e1rtatlannak min\u0151s\u00edtette, de rabs\u00e1g\u00e1b\u00f3l csak k\u00e9t \u00e9v ut\u00e1n engedt\u00e9k ki (1856). Irod.: Dobozi; Reghin, Protopopiat<\/p>\n","protected":false},"featured_media":0,"comment_status":"open","ping_status":"closed","template":"","meta":[],"product_brand":[],"product_cat":[137],"product_tag":[],"class_list":{"0":"post-8347","1":"product","2":"type-product","3":"status-publish","5":"product_cat-maros-megyei-eletrajzi-lexikon","7":"first","8":"instock","9":"shipping-taxable","10":"product-type-simple"},"_links":{"self":[{"href":"https:\/\/uj.adatbank.ro\/lexikon\/wp-json\/wp\/v2\/product\/8347","targetHints":{"allow":["GET"]}}],"collection":[{"href":"https:\/\/uj.adatbank.ro\/lexikon\/wp-json\/wp\/v2\/product"}],"about":[{"href":"https:\/\/uj.adatbank.ro\/lexikon\/wp-json\/wp\/v2\/types\/product"}],"replies":[{"embeddable":true,"href":"https:\/\/uj.adatbank.ro\/lexikon\/wp-json\/wp\/v2\/comments?post=8347"}],"wp:attachment":[{"href":"https:\/\/uj.adatbank.ro\/lexikon\/wp-json\/wp\/v2\/media?parent=8347"}],"wp:term":[{"taxonomy":"product_brand","embeddable":true,"href":"https:\/\/uj.adatbank.ro\/lexikon\/wp-json\/wp\/v2\/product_brand?post=8347"},{"taxonomy":"product_cat","embeddable":true,"href":"https:\/\/uj.adatbank.ro\/lexikon\/wp-json\/wp\/v2\/product_cat?post=8347"},{"taxonomy":"product_tag","embeddable":true,"href":"https:\/\/uj.adatbank.ro\/lexikon\/wp-json\/wp\/v2\/product_tag?post=8347"}],"curies":[{"name":"wp","href":"https:\/\/api.w.org\/{rel}","templated":true}]}}