{"id":8348,"date":"2025-06-29T10:23:04","date_gmt":"2025-06-29T08:23:04","guid":{"rendered":"https:\/\/uj.adatbank.ro\/lexikon\/termek\/fulea-florian\/"},"modified":"2025-06-29T10:23:04","modified_gmt":"2025-06-29T08:23:04","slug":"fulea-florian","status":"publish","type":"product","link":"https:\/\/uj.adatbank.ro\/lexikon\/termek\/fulea-florian\/","title":{"rendered":"FULEA Florian"},"content":{"rendered":"<p>? \u2020\u00a0? : bank\u00e1r. \u2013 Bank\u00e1r, a Banca Ardeleneasca mv.-i fi\u00f3kj\u00e1nak igazgat\u00f3ja; a v\u00e1rosi tan\u00e1cs tagja (1926), a Megyei Tan\u00e1cs deleg\u00e1tusak\u00e9nt. A Kereskedelmi \u00e9s Iparkamara eln\u00f6ke (1936). <br \/><strong>Irod.:<\/strong> Id\u0151t\u00e1r 3<\/br><\/p>\n","protected":false},"excerpt":{"rendered":"<p>? \u2020\u00a0? : bank\u00e1r. \u2013 Bank\u00e1r, a Banca Ardeleneasca mv.-i fi\u00f3kj\u00e1nak igazgat\u00f3ja; a v\u00e1rosi tan\u00e1cs tagja (1926), a Megyei Tan\u00e1cs deleg\u00e1tusak\u00e9nt. A Kereskedelmi \u00e9s Iparkamara eln\u00f6ke (1936). Irod.: Id\u0151t\u00e1r 3<\/p>\n","protected":false},"featured_media":0,"comment_status":"open","ping_status":"closed","template":"","meta":[],"product_brand":[],"product_cat":[137],"product_tag":[],"class_list":{"0":"post-8348","1":"product","2":"type-product","3":"status-publish","5":"product_cat-maros-megyei-eletrajzi-lexikon","7":"first","8":"instock","9":"shipping-taxable","10":"product-type-simple"},"_links":{"self":[{"href":"https:\/\/uj.adatbank.ro\/lexikon\/wp-json\/wp\/v2\/product\/8348","targetHints":{"allow":["GET"]}}],"collection":[{"href":"https:\/\/uj.adatbank.ro\/lexikon\/wp-json\/wp\/v2\/product"}],"about":[{"href":"https:\/\/uj.adatbank.ro\/lexikon\/wp-json\/wp\/v2\/types\/product"}],"replies":[{"embeddable":true,"href":"https:\/\/uj.adatbank.ro\/lexikon\/wp-json\/wp\/v2\/comments?post=8348"}],"wp:attachment":[{"href":"https:\/\/uj.adatbank.ro\/lexikon\/wp-json\/wp\/v2\/media?parent=8348"}],"wp:term":[{"taxonomy":"product_brand","embeddable":true,"href":"https:\/\/uj.adatbank.ro\/lexikon\/wp-json\/wp\/v2\/product_brand?post=8348"},{"taxonomy":"product_cat","embeddable":true,"href":"https:\/\/uj.adatbank.ro\/lexikon\/wp-json\/wp\/v2\/product_cat?post=8348"},{"taxonomy":"product_tag","embeddable":true,"href":"https:\/\/uj.adatbank.ro\/lexikon\/wp-json\/wp\/v2\/product_tag?post=8348"}],"curies":[{"name":"wp","href":"https:\/\/api.w.org\/{rel}","templated":true}]}}