{"id":8349,"date":"2025-06-29T10:23:06","date_gmt":"2025-06-29T08:23:06","guid":{"rendered":"https:\/\/uj.adatbank.ro\/lexikon\/termek\/fulea-ioan\/"},"modified":"2025-06-29T10:23:06","modified_gmt":"2025-06-29T08:23:06","slug":"fulea-ioan","status":"publish","type":"product","link":"https:\/\/uj.adatbank.ro\/lexikon\/termek\/fulea-ioan\/","title":{"rendered":"FULEA Ioan"},"content":{"rendered":"<p>G\u00f6rg\u00e9nys\u00f3akna, ? \u2020\u00a01883.?: ort. pap. \u2013 Apja: Fulea Dimitrie. \u2013 Andrei \u015eaguna szentelte papp\u00e1. G\u00f6rg\u00e9nys\u00f3akn\u00e1n szolg\u00e1lt (1862\u201383). <br \/><strong>Irod.:<\/strong> Dobozi; Reghin, Protopopiat<\/br><\/p>\n","protected":false},"excerpt":{"rendered":"<p>G\u00f6rg\u00e9nys\u00f3akna, ? \u2020\u00a01883.?: ort. pap. \u2013 Apja: Fulea Dimitrie. \u2013 Andrei \u015eaguna szentelte papp\u00e1. G\u00f6rg\u00e9nys\u00f3akn\u00e1n szolg\u00e1lt (1862\u201383). Irod.: Dobozi; Reghin, Protopopiat<\/p>\n","protected":false},"featured_media":0,"comment_status":"open","ping_status":"closed","template":"","meta":[],"product_brand":[],"product_cat":[137],"product_tag":[],"class_list":{"0":"post-8349","1":"product","2":"type-product","3":"status-publish","5":"product_cat-maros-megyei-eletrajzi-lexikon","7":"first","8":"instock","9":"shipping-taxable","10":"product-type-simple"},"_links":{"self":[{"href":"https:\/\/uj.adatbank.ro\/lexikon\/wp-json\/wp\/v2\/product\/8349","targetHints":{"allow":["GET"]}}],"collection":[{"href":"https:\/\/uj.adatbank.ro\/lexikon\/wp-json\/wp\/v2\/product"}],"about":[{"href":"https:\/\/uj.adatbank.ro\/lexikon\/wp-json\/wp\/v2\/types\/product"}],"replies":[{"embeddable":true,"href":"https:\/\/uj.adatbank.ro\/lexikon\/wp-json\/wp\/v2\/comments?post=8349"}],"wp:attachment":[{"href":"https:\/\/uj.adatbank.ro\/lexikon\/wp-json\/wp\/v2\/media?parent=8349"}],"wp:term":[{"taxonomy":"product_brand","embeddable":true,"href":"https:\/\/uj.adatbank.ro\/lexikon\/wp-json\/wp\/v2\/product_brand?post=8349"},{"taxonomy":"product_cat","embeddable":true,"href":"https:\/\/uj.adatbank.ro\/lexikon\/wp-json\/wp\/v2\/product_cat?post=8349"},{"taxonomy":"product_tag","embeddable":true,"href":"https:\/\/uj.adatbank.ro\/lexikon\/wp-json\/wp\/v2\/product_tag?post=8349"}],"curies":[{"name":"wp","href":"https:\/\/api.w.org\/{rel}","templated":true}]}}