{"id":8354,"date":"2025-06-29T10:23:14","date_gmt":"2025-06-29T08:23:14","guid":{"rendered":"https:\/\/uj.adatbank.ro\/lexikon\/termek\/fulei-csog-janos\/"},"modified":"2025-06-29T10:23:14","modified_gmt":"2025-06-29T08:23:14","slug":"fulei-csog-janos","status":"publish","type":"product","link":"https:\/\/uj.adatbank.ro\/lexikon\/termek\/fulei-csog-janos\/","title":{"rendered":"F\u00dcLEI CS\u00d3G J\u00e1nos"},"content":{"rendered":"<p>? \u2020 V\u00e1mosg\u00e1lfalva, 1781.: tan\u00edt\u00f3. \u2013 Sz\u00e9kelyudvarhelyen subscrib\u00e1lt (1757). K\u00fck\u00fcll\u0151alm\u00e1son, tan\u00edtott (1761\u201363), majd V\u00e1mosg\u00e1lfalv\u00e1n tan\u00edtott hal\u00e1l\u00e1ig (1765\u201381). <br \/><strong>Irod.:<\/strong> K\u00fck\u00fcll\u0151i Ref. Egyh\u00e1zm. 4.<\/br><\/p>\n","protected":false},"excerpt":{"rendered":"<p>? \u2020 V\u00e1mosg\u00e1lfalva, 1781.: tan\u00edt\u00f3. \u2013 Sz\u00e9kelyudvarhelyen subscrib\u00e1lt (1757). K\u00fck\u00fcll\u0151alm\u00e1son, tan\u00edtott (1761\u201363), majd V\u00e1mosg\u00e1lfalv\u00e1n tan\u00edtott hal\u00e1l\u00e1ig (1765\u201381). Irod.: K\u00fck\u00fcll\u0151i Ref. Egyh\u00e1zm. 4.<\/p>\n","protected":false},"featured_media":0,"comment_status":"open","ping_status":"closed","template":"","meta":[],"product_brand":[],"product_cat":[137],"product_tag":[],"class_list":{"0":"post-8354","1":"product","2":"type-product","3":"status-publish","5":"product_cat-maros-megyei-eletrajzi-lexikon","7":"first","8":"instock","9":"shipping-taxable","10":"product-type-simple"},"_links":{"self":[{"href":"https:\/\/uj.adatbank.ro\/lexikon\/wp-json\/wp\/v2\/product\/8354","targetHints":{"allow":["GET"]}}],"collection":[{"href":"https:\/\/uj.adatbank.ro\/lexikon\/wp-json\/wp\/v2\/product"}],"about":[{"href":"https:\/\/uj.adatbank.ro\/lexikon\/wp-json\/wp\/v2\/types\/product"}],"replies":[{"embeddable":true,"href":"https:\/\/uj.adatbank.ro\/lexikon\/wp-json\/wp\/v2\/comments?post=8354"}],"wp:attachment":[{"href":"https:\/\/uj.adatbank.ro\/lexikon\/wp-json\/wp\/v2\/media?parent=8354"}],"wp:term":[{"taxonomy":"product_brand","embeddable":true,"href":"https:\/\/uj.adatbank.ro\/lexikon\/wp-json\/wp\/v2\/product_brand?post=8354"},{"taxonomy":"product_cat","embeddable":true,"href":"https:\/\/uj.adatbank.ro\/lexikon\/wp-json\/wp\/v2\/product_cat?post=8354"},{"taxonomy":"product_tag","embeddable":true,"href":"https:\/\/uj.adatbank.ro\/lexikon\/wp-json\/wp\/v2\/product_tag?post=8354"}],"curies":[{"name":"wp","href":"https:\/\/api.w.org\/{rel}","templated":true}]}}