{"id":8356,"date":"2025-06-29T10:23:19","date_gmt":"2025-06-29T08:23:19","guid":{"rendered":"https:\/\/uj.adatbank.ro\/lexikon\/termek\/fulei-jozsef-2\/"},"modified":"2025-06-29T10:23:19","modified_gmt":"2025-06-29T08:23:19","slug":"fulei-jozsef-2","status":"publish","type":"product","link":"https:\/\/uj.adatbank.ro\/lexikon\/termek\/fulei-jozsef-2\/","title":{"rendered":"F\u00dcLEI J\u00f3zsef"},"content":{"rendered":"<p>? \u2020 Balav\u00e1s\u00e1r, 1798. okt. 4.: ref. lelk\u00e9sz. \u2013 Nagyenyeden subscrib\u00e1lt (1752). Cs\u00e1v\u00e1son k\u00e1pl\u00e1n (1765\u2013), D\u00e1ny\u00e1nban (1767\u201376) \u00e9s Harangl\u00e1bon (1776\u201386) volt lelk\u00e9sz. Id\u0151s kor\u00e1ban ker\u00fclt Balav\u00e1s\u00e1rra, ahol hal\u00e1l\u00e1ig szolg\u00e1lt (1786\u201398). \u00d6reg napjaiban veje, Nagy Gy\u00f6rgy, nagykendi lelk\u00e9sz seg\u00edtette. <br \/><strong>Irod.:<\/strong> Balav\u00e1s\u00e1r \u00e9s egyh\u00e1za; K\u00fck\u00fcll\u0151i Ref. Egyh\u00e1zm. 1., 2.<\/br><\/p>\n","protected":false},"excerpt":{"rendered":"<p>? \u2020 Balav\u00e1s\u00e1r, 1798. okt. 4.: ref. lelk\u00e9sz. \u2013 Nagyenyeden subscrib\u00e1lt (1752). Cs\u00e1v\u00e1son k\u00e1pl\u00e1n (1765\u2013), D\u00e1ny\u00e1nban (1767\u201376) \u00e9s Harangl\u00e1bon (1776\u201386) volt lelk\u00e9sz. Id\u0151s kor\u00e1ban ker\u00fclt Balav\u00e1s\u00e1rra, ahol hal\u00e1l\u00e1ig szolg\u00e1lt (1786\u201398). \u00d6reg napjaiban veje, Nagy Gy\u00f6rgy, nagykendi lelk\u00e9sz seg\u00edtette. Irod.: Balav\u00e1s\u00e1r \u00e9s egyh\u00e1za; K\u00fck\u00fcll\u0151i Ref. Egyh\u00e1zm. 1., 2.<\/p>\n","protected":false},"featured_media":0,"comment_status":"open","ping_status":"closed","template":"","meta":[],"product_brand":[],"product_cat":[137],"product_tag":[],"class_list":{"0":"post-8356","1":"product","2":"type-product","3":"status-publish","5":"product_cat-maros-megyei-eletrajzi-lexikon","7":"first","8":"instock","9":"shipping-taxable","10":"product-type-simple"},"_links":{"self":[{"href":"https:\/\/uj.adatbank.ro\/lexikon\/wp-json\/wp\/v2\/product\/8356","targetHints":{"allow":["GET"]}}],"collection":[{"href":"https:\/\/uj.adatbank.ro\/lexikon\/wp-json\/wp\/v2\/product"}],"about":[{"href":"https:\/\/uj.adatbank.ro\/lexikon\/wp-json\/wp\/v2\/types\/product"}],"replies":[{"embeddable":true,"href":"https:\/\/uj.adatbank.ro\/lexikon\/wp-json\/wp\/v2\/comments?post=8356"}],"wp:attachment":[{"href":"https:\/\/uj.adatbank.ro\/lexikon\/wp-json\/wp\/v2\/media?parent=8356"}],"wp:term":[{"taxonomy":"product_brand","embeddable":true,"href":"https:\/\/uj.adatbank.ro\/lexikon\/wp-json\/wp\/v2\/product_brand?post=8356"},{"taxonomy":"product_cat","embeddable":true,"href":"https:\/\/uj.adatbank.ro\/lexikon\/wp-json\/wp\/v2\/product_cat?post=8356"},{"taxonomy":"product_tag","embeddable":true,"href":"https:\/\/uj.adatbank.ro\/lexikon\/wp-json\/wp\/v2\/product_tag?post=8356"}],"curies":[{"name":"wp","href":"https:\/\/api.w.org\/{rel}","templated":true}]}}