{"id":8357,"date":"2025-06-29T10:23:21","date_gmt":"2025-06-29T08:23:21","guid":{"rendered":"https:\/\/uj.adatbank.ro\/lexikon\/termek\/fulei-miklos-janos\/"},"modified":"2025-06-29T10:23:21","modified_gmt":"2025-06-29T08:23:21","slug":"fulei-miklos-janos","status":"publish","type":"product","link":"https:\/\/uj.adatbank.ro\/lexikon\/termek\/fulei-miklos-janos\/","title":{"rendered":"F\u00dcLEI Mikl\u00f3s J\u00e1nos"},"content":{"rendered":"<p>? \u2020 Mez\u0151bodon, 1786.: tan\u00edt\u00f3, ref. lelk\u00e9sz. \u2013 Sz\u00e9kelyudvarhelyen subscrib\u00e1lt (1757). Lelk\u00e9szk\u00e9nt Marosugr\u00e1n (1762\u201364), K\u00fck\u00fcll\u0151alm\u00e1son (1766), Mez\u0151bodonban (1766\u201386) \u00e9s Magyarkir\u00e1lyfalv\u00e1n (1769\u201375) volt tan\u00edt\u00f3. <br \/><strong>Irod.:<\/strong> K\u00fck\u00fcll\u0151i Ref. Egyh\u00e1zm. 3., 4. a 4. k\u00f6t. szerint nem volt tan\u00edt\u00f3<\/br><\/p>\n","protected":false},"excerpt":{"rendered":"<p>? \u2020 Mez\u0151bodon, 1786.: tan\u00edt\u00f3, ref. lelk\u00e9sz. \u2013 Sz\u00e9kelyudvarhelyen subscrib\u00e1lt (1757). Lelk\u00e9szk\u00e9nt Marosugr\u00e1n (1762\u201364), K\u00fck\u00fcll\u0151alm\u00e1son (1766), Mez\u0151bodonban (1766\u201386) \u00e9s Magyarkir\u00e1lyfalv\u00e1n (1769\u201375) volt tan\u00edt\u00f3. Irod.: K\u00fck\u00fcll\u0151i Ref. Egyh\u00e1zm. 3., 4. a 4. k\u00f6t. szerint nem volt tan\u00edt\u00f3<\/p>\n","protected":false},"featured_media":0,"comment_status":"open","ping_status":"closed","template":"","meta":[],"product_brand":[],"product_cat":[137],"product_tag":[],"class_list":{"0":"post-8357","1":"product","2":"type-product","3":"status-publish","5":"product_cat-maros-megyei-eletrajzi-lexikon","7":"first","8":"instock","9":"shipping-taxable","10":"product-type-simple"},"_links":{"self":[{"href":"https:\/\/uj.adatbank.ro\/lexikon\/wp-json\/wp\/v2\/product\/8357","targetHints":{"allow":["GET"]}}],"collection":[{"href":"https:\/\/uj.adatbank.ro\/lexikon\/wp-json\/wp\/v2\/product"}],"about":[{"href":"https:\/\/uj.adatbank.ro\/lexikon\/wp-json\/wp\/v2\/types\/product"}],"replies":[{"embeddable":true,"href":"https:\/\/uj.adatbank.ro\/lexikon\/wp-json\/wp\/v2\/comments?post=8357"}],"wp:attachment":[{"href":"https:\/\/uj.adatbank.ro\/lexikon\/wp-json\/wp\/v2\/media?parent=8357"}],"wp:term":[{"taxonomy":"product_brand","embeddable":true,"href":"https:\/\/uj.adatbank.ro\/lexikon\/wp-json\/wp\/v2\/product_brand?post=8357"},{"taxonomy":"product_cat","embeddable":true,"href":"https:\/\/uj.adatbank.ro\/lexikon\/wp-json\/wp\/v2\/product_cat?post=8357"},{"taxonomy":"product_tag","embeddable":true,"href":"https:\/\/uj.adatbank.ro\/lexikon\/wp-json\/wp\/v2\/product_tag?post=8357"}],"curies":[{"name":"wp","href":"https:\/\/api.w.org\/{rel}","templated":true}]}}