{"id":8372,"date":"2025-06-29T10:23:53","date_gmt":"2025-06-29T08:23:53","guid":{"rendered":"https:\/\/uj.adatbank.ro\/lexikon\/termek\/fulop-arpad\/"},"modified":"2025-06-29T10:23:53","modified_gmt":"2025-06-29T08:23:53","slug":"fulop-arpad","status":"publish","type":"product","link":"https:\/\/uj.adatbank.ro\/lexikon\/termek\/fulop-arpad\/","title":{"rendered":"F\u00dcL\u00d6P \u00c1rp\u00e1d"},"content":{"rendered":"<p>Ny\u00e1r\u00e1dszentbenedek, 1863. m\u00e1rc. 9., \u2020\u00a0Ungv\u00e1r, 1953. jan. 29.: tan\u00e1r, \u00edr\u00f3. \u2013 K\u00f6z\u00e9piskol\u00e1it Kv., Sz\u00e9kelyudvarhelyen, az egyetemet Kv-on v\u00e9gezte \u00f6szt\u00f6nd\u00edjjal, m. -latin szakos ta\u00adn\u00e1ri oklevelet szerzett (1884\u201388). Tan\u00edtott Cs\u00edksomly\u00f3n (1888\u201392) \u00e9s Mv-en a gimn.-ban (1892\u201393), Ungv\u00e1ron (1893\u20131918), eg\u00e9sz \u00e9let\u00e9ben Ungv\u00e1ron maradt, m. -latin szakos tan\u00e1r. Az ungv\u00e1ri Gy\u00f6ngy\u00f6si Irod. T\u00e1rsas\u00e1g alap\u00edt\u00f3 tagja volt. Els\u0151 \u00edr\u00e1sai erd\u00e9lyi lapokban jelentek meg, sz\u00e9pirodalmi cikkeket, k\u00f6ltem\u00e9nyeket k\u00f6z\u00f6lt (1885\u2013), sz\u00ednm\u0171veket \u00e9s dr\u00e1mai alleg\u00f3ri\u00e1kat \u00edrt. Kv.-on r\u00f6vid ideig r\u00e9szt vett az Erd\u00e9lyi Hirad\u00f3 szerk. -t\u00e9s\u00e9ben. 48 \u00e9nekb\u0151l \u00e1ll\u00f3 h\u0151sk\u00f6ltem\u00e9nyt \u00edrt Hunyadi J\u00e1nosr\u00f3l, harc\u00e1t a m. t\u00f6rt\u00e9nelem legh\u0151siesebb korszak\u00e1nak mu\u00adtatta be. \u2013 <strong>F. m.:<\/strong> A megv\u00e1lt\u00f3\u00a0(dr\u00e1mai k\u00f6ltem\u00e9ny; Ungv\u00e1r, 1897), Cs\u00edksomly\u00f3i nagyp\u00e9nteki miszt\u00e9riumok 3. k\u00f6t. (Bp, 1897\u201398); K\u00f6ltem\u00e9nyek (Ungv\u00e1r, 1911); Hit, rem\u00e9ny, szeretet\u00a0(dr\u00e1ma; Ungv\u00e1r, 1911); K\u00f6ltem\u00e9nyek (Ungv\u00e1r, 1911); A magyar: R\u00e9szlet a Hunyadi eposzb\u00f3l (Ungv\u00e1r, 1914); Az ember\u00a0(dr\u00e1mai k\u00f6lt.; Ungv\u00e1r, 1924); Kapisztr\u00e1n\u00a0J\u00e1nos (sz\u00ednj\u00e1t\u00e9k; Ungv\u00e1r, 1925); Hunyadi (h\u0151sk\u00f6ltem\u00e9ny; Bp., 1943). <br \/><strong>Irod.:<\/strong> Encyc. Hung.; Guly\u00e1s; M\u00e1ln\u00e1si; M\u00c9L; Rugonfalvi Kiss; Szinnyei; \u00daIL; \u00daM\u00c9L; \u00daMIL<\/br><\/p>\n","protected":false},"excerpt":{"rendered":"<p>Ny\u00e1r\u00e1dszentbenedek, 1863. m\u00e1rc. 9., \u2020\u00a0Ungv\u00e1r, 1953. jan. 29.: tan\u00e1r, \u00edr\u00f3. \u2013 K\u00f6z\u00e9piskol\u00e1it Kv., Sz\u00e9kelyudvarhelyen, az egyetemet Kv-on v\u00e9gezte \u00f6szt\u00f6nd\u00edjjal, m. -latin szakos ta\u00adn\u00e1ri oklevelet szerzett (1884\u201388). Tan\u00edtott Cs\u00edksomly\u00f3n (1888\u201392) \u00e9s Mv-en a gimn.-ban (1892\u201393), Ungv\u00e1ron (1893\u20131918), eg\u00e9sz \u00e9let\u00e9ben Ungv\u00e1ron maradt, m. -latin szakos tan\u00e1r. Az ungv\u00e1ri Gy\u00f6ngy\u00f6si Irod. T\u00e1rsas\u00e1g alap\u00edt\u00f3 tagja volt. Els\u0151 \u00edr\u00e1sai erd\u00e9lyi [&hellip;]<\/p>\n","protected":false},"featured_media":0,"comment_status":"open","ping_status":"closed","template":"","meta":[],"product_brand":[],"product_cat":[137],"product_tag":[],"class_list":{"0":"post-8372","1":"product","2":"type-product","3":"status-publish","5":"product_cat-maros-megyei-eletrajzi-lexikon","7":"first","8":"instock","9":"shipping-taxable","10":"product-type-simple"},"_links":{"self":[{"href":"https:\/\/uj.adatbank.ro\/lexikon\/wp-json\/wp\/v2\/product\/8372","targetHints":{"allow":["GET"]}}],"collection":[{"href":"https:\/\/uj.adatbank.ro\/lexikon\/wp-json\/wp\/v2\/product"}],"about":[{"href":"https:\/\/uj.adatbank.ro\/lexikon\/wp-json\/wp\/v2\/types\/product"}],"replies":[{"embeddable":true,"href":"https:\/\/uj.adatbank.ro\/lexikon\/wp-json\/wp\/v2\/comments?post=8372"}],"wp:attachment":[{"href":"https:\/\/uj.adatbank.ro\/lexikon\/wp-json\/wp\/v2\/media?parent=8372"}],"wp:term":[{"taxonomy":"product_brand","embeddable":true,"href":"https:\/\/uj.adatbank.ro\/lexikon\/wp-json\/wp\/v2\/product_brand?post=8372"},{"taxonomy":"product_cat","embeddable":true,"href":"https:\/\/uj.adatbank.ro\/lexikon\/wp-json\/wp\/v2\/product_cat?post=8372"},{"taxonomy":"product_tag","embeddable":true,"href":"https:\/\/uj.adatbank.ro\/lexikon\/wp-json\/wp\/v2\/product_tag?post=8372"}],"curies":[{"name":"wp","href":"https:\/\/api.w.org\/{rel}","templated":true}]}}