{"id":8376,"date":"2025-06-29T10:24:00","date_gmt":"2025-06-29T08:24:00","guid":{"rendered":"https:\/\/uj.adatbank.ro\/lexikon\/termek\/fulop-daniel\/"},"modified":"2025-06-29T10:24:00","modified_gmt":"2025-06-29T08:24:00","slug":"fulop-daniel","status":"publish","type":"product","link":"https:\/\/uj.adatbank.ro\/lexikon\/termek\/fulop-daniel\/","title":{"rendered":"F\u00dcL\u00d6P D\u00e1niel"},"content":{"rendered":"<p>B\u00f6z\u00f6d, ?, \u2020 ? : templomfest\u0151. \u2013 B\u00f6z\u00f6di sz\u00e1rmaz\u00e1s\u00fa, a k\u00e1lnoki templom fest\u0151je (1782). <br \/><strong>Irod.:<\/strong> P\u00e9terfy 2005<\/br><\/p>\n","protected":false},"excerpt":{"rendered":"<p>B\u00f6z\u00f6d, ?, \u2020 ? : templomfest\u0151. \u2013 B\u00f6z\u00f6di sz\u00e1rmaz\u00e1s\u00fa, a k\u00e1lnoki templom fest\u0151je (1782). Irod.: P\u00e9terfy 2005<\/p>\n","protected":false},"featured_media":0,"comment_status":"open","ping_status":"closed","template":"","meta":[],"product_brand":[],"product_cat":[137],"product_tag":[],"class_list":{"0":"post-8376","1":"product","2":"type-product","3":"status-publish","5":"product_cat-maros-megyei-eletrajzi-lexikon","7":"first","8":"instock","9":"shipping-taxable","10":"product-type-simple"},"_links":{"self":[{"href":"https:\/\/uj.adatbank.ro\/lexikon\/wp-json\/wp\/v2\/product\/8376","targetHints":{"allow":["GET"]}}],"collection":[{"href":"https:\/\/uj.adatbank.ro\/lexikon\/wp-json\/wp\/v2\/product"}],"about":[{"href":"https:\/\/uj.adatbank.ro\/lexikon\/wp-json\/wp\/v2\/types\/product"}],"replies":[{"embeddable":true,"href":"https:\/\/uj.adatbank.ro\/lexikon\/wp-json\/wp\/v2\/comments?post=8376"}],"wp:attachment":[{"href":"https:\/\/uj.adatbank.ro\/lexikon\/wp-json\/wp\/v2\/media?parent=8376"}],"wp:term":[{"taxonomy":"product_brand","embeddable":true,"href":"https:\/\/uj.adatbank.ro\/lexikon\/wp-json\/wp\/v2\/product_brand?post=8376"},{"taxonomy":"product_cat","embeddable":true,"href":"https:\/\/uj.adatbank.ro\/lexikon\/wp-json\/wp\/v2\/product_cat?post=8376"},{"taxonomy":"product_tag","embeddable":true,"href":"https:\/\/uj.adatbank.ro\/lexikon\/wp-json\/wp\/v2\/product_tag?post=8376"}],"curies":[{"name":"wp","href":"https:\/\/api.w.org\/{rel}","templated":true}]}}