{"id":8377,"date":"2025-06-29T10:24:01","date_gmt":"2025-06-29T08:24:01","guid":{"rendered":"https:\/\/uj.adatbank.ro\/lexikon\/termek\/fulop-denes-%c2%a7\/"},"modified":"2025-06-29T10:24:01","modified_gmt":"2025-06-29T08:24:01","slug":"fulop-denes-%c2%a7","status":"publish","type":"product","link":"https:\/\/uj.adatbank.ro\/lexikon\/termek\/fulop-denes-%c2%a7\/","title":{"rendered":"F\u00dcL\u00d6P D\u00e9nes, \u00a7"},"content":{"rendered":"<p>Geges, 1891, \u2020 Geges, 1972.: f\u00f6ldm\u0171ves, kisbirtokos. \u2013 Gegesben birtokos. R\u00e9szt vett az I. vh.-ban (1914\u201318). Szakaszvezet\u0151. Kit\u00fcntet\u00e9sei. O1, O2, kcsk, MHE\u00c9, Leg\u00e9nys\u00e9gi Szolg\u00e1lati Jel III. oszt\u00e1lya, OHE\u00c9, Vit\u00e9zi avat\u00e1si id\u0151pont: 1942. j\u00fan. 18. <br \/><strong>Irod.:<\/strong> Berekm\u00e9ri\u2013Nemes; Erd\u00e9lyi ezredek<\/br><\/p>\n","protected":false},"excerpt":{"rendered":"<p>Geges, 1891, \u2020 Geges, 1972.: f\u00f6ldm\u0171ves, kisbirtokos. \u2013 Gegesben birtokos. R\u00e9szt vett az I. vh.-ban (1914\u201318). Szakaszvezet\u0151. Kit\u00fcntet\u00e9sei. O1, O2, kcsk, MHE\u00c9, Leg\u00e9nys\u00e9gi Szolg\u00e1lati Jel III. oszt\u00e1lya, OHE\u00c9, Vit\u00e9zi avat\u00e1si id\u0151pont: 1942. j\u00fan. 18. Irod.: Berekm\u00e9ri\u2013Nemes; Erd\u00e9lyi ezredek<\/p>\n","protected":false},"featured_media":0,"comment_status":"open","ping_status":"closed","template":"","meta":[],"product_brand":[],"product_cat":[137],"product_tag":[],"class_list":{"0":"post-8377","1":"product","2":"type-product","3":"status-publish","5":"product_cat-maros-megyei-eletrajzi-lexikon","7":"first","8":"instock","9":"shipping-taxable","10":"product-type-simple"},"_links":{"self":[{"href":"https:\/\/uj.adatbank.ro\/lexikon\/wp-json\/wp\/v2\/product\/8377","targetHints":{"allow":["GET"]}}],"collection":[{"href":"https:\/\/uj.adatbank.ro\/lexikon\/wp-json\/wp\/v2\/product"}],"about":[{"href":"https:\/\/uj.adatbank.ro\/lexikon\/wp-json\/wp\/v2\/types\/product"}],"replies":[{"embeddable":true,"href":"https:\/\/uj.adatbank.ro\/lexikon\/wp-json\/wp\/v2\/comments?post=8377"}],"wp:attachment":[{"href":"https:\/\/uj.adatbank.ro\/lexikon\/wp-json\/wp\/v2\/media?parent=8377"}],"wp:term":[{"taxonomy":"product_brand","embeddable":true,"href":"https:\/\/uj.adatbank.ro\/lexikon\/wp-json\/wp\/v2\/product_brand?post=8377"},{"taxonomy":"product_cat","embeddable":true,"href":"https:\/\/uj.adatbank.ro\/lexikon\/wp-json\/wp\/v2\/product_cat?post=8377"},{"taxonomy":"product_tag","embeddable":true,"href":"https:\/\/uj.adatbank.ro\/lexikon\/wp-json\/wp\/v2\/product_tag?post=8377"}],"curies":[{"name":"wp","href":"https:\/\/api.w.org\/{rel}","templated":true}]}}