{"id":8381,"date":"2025-06-29T10:24:10","date_gmt":"2025-06-29T08:24:10","guid":{"rendered":"https:\/\/uj.adatbank.ro\/lexikon\/termek\/fulop-fabian-janos-p\/"},"modified":"2025-06-29T10:24:10","modified_gmt":"2025-06-29T08:24:10","slug":"fulop-fabian-janos-p","status":"publish","type":"product","link":"https:\/\/uj.adatbank.ro\/lexikon\/termek\/fulop-fabian-janos-p\/","title":{"rendered":"F\u00dcL\u00d6P F\u00e1bi\u00e1n J\u00e1nos, P."},"content":{"rendered":"<p>Gyergy\u00f3szentmikl\u00f3s, 1745., \u2020 Mikh\u00e1za, 1812. \u00e1pr. 10.: ferences szerzetes. \u2013 Be\u00f6lt\u00f6z\u00f6tt (1765. aug. 12.), felszentelt\u00e9k (1770. m\u00e1rc. 15.). Filoz\u00f3fiai lector. <br \/><strong>Irod.:<\/strong> Gy\u00f6rgy: A ferencrendiek<\/br><\/p>\n","protected":false},"excerpt":{"rendered":"<p>Gyergy\u00f3szentmikl\u00f3s, 1745., \u2020 Mikh\u00e1za, 1812. \u00e1pr. 10.: ferences szerzetes. \u2013 Be\u00f6lt\u00f6z\u00f6tt (1765. aug. 12.), felszentelt\u00e9k (1770. m\u00e1rc. 15.). Filoz\u00f3fiai lector. Irod.: Gy\u00f6rgy: A ferencrendiek<\/p>\n","protected":false},"featured_media":0,"comment_status":"open","ping_status":"closed","template":"","meta":[],"product_brand":[],"product_cat":[137],"product_tag":[],"class_list":{"0":"post-8381","1":"product","2":"type-product","3":"status-publish","5":"product_cat-maros-megyei-eletrajzi-lexikon","7":"first","8":"instock","9":"shipping-taxable","10":"product-type-simple"},"_links":{"self":[{"href":"https:\/\/uj.adatbank.ro\/lexikon\/wp-json\/wp\/v2\/product\/8381","targetHints":{"allow":["GET"]}}],"collection":[{"href":"https:\/\/uj.adatbank.ro\/lexikon\/wp-json\/wp\/v2\/product"}],"about":[{"href":"https:\/\/uj.adatbank.ro\/lexikon\/wp-json\/wp\/v2\/types\/product"}],"replies":[{"embeddable":true,"href":"https:\/\/uj.adatbank.ro\/lexikon\/wp-json\/wp\/v2\/comments?post=8381"}],"wp:attachment":[{"href":"https:\/\/uj.adatbank.ro\/lexikon\/wp-json\/wp\/v2\/media?parent=8381"}],"wp:term":[{"taxonomy":"product_brand","embeddable":true,"href":"https:\/\/uj.adatbank.ro\/lexikon\/wp-json\/wp\/v2\/product_brand?post=8381"},{"taxonomy":"product_cat","embeddable":true,"href":"https:\/\/uj.adatbank.ro\/lexikon\/wp-json\/wp\/v2\/product_cat?post=8381"},{"taxonomy":"product_tag","embeddable":true,"href":"https:\/\/uj.adatbank.ro\/lexikon\/wp-json\/wp\/v2\/product_tag?post=8381"}],"curies":[{"name":"wp","href":"https:\/\/api.w.org\/{rel}","templated":true}]}}