{"id":8382,"date":"2025-06-29T10:24:12","date_gmt":"2025-06-29T08:24:12","guid":{"rendered":"https:\/\/uj.adatbank.ro\/lexikon\/termek\/fulop-ferenc\/"},"modified":"2025-06-29T10:24:12","modified_gmt":"2025-06-29T08:24:12","slug":"fulop-ferenc","status":"publish","type":"product","link":"https:\/\/uj.adatbank.ro\/lexikon\/termek\/fulop-ferenc\/","title":{"rendered":"F\u00dcL\u00d6P Ferenc"},"content":{"rendered":"<p>? \u2020 Bonyha, 1885. dec. 25.: tan\u00edt\u00f3. \u2013 Az udvarhelyi koll. elv\u00e9gz\u00e9se ut\u00e1n Moh\u00e1ra ker\u00fclt, ahonnan megh\u00edv\u00e1sra Bonyh\u00e1ra ment tan\u00edtani (1874\u201385). Az eg\u00e9sz v\u00edd\u00e9ken egyik legjobb tan\u00edt\u00f3 volt, gyakran tartott mintatan\u00edt\u00e1st a kolleg\u00e1knak. A tan\u00edt\u00e1s mellett mintaszer\u0171en gazd\u00e1lkodott is. <br \/><strong>Irod.:<\/strong> Bonyha \u00e9s egyh\u00e1za<\/br><\/p>\n","protected":false},"excerpt":{"rendered":"<p>? \u2020 Bonyha, 1885. dec. 25.: tan\u00edt\u00f3. \u2013 Az udvarhelyi koll. elv\u00e9gz\u00e9se ut\u00e1n Moh\u00e1ra ker\u00fclt, ahonnan megh\u00edv\u00e1sra Bonyh\u00e1ra ment tan\u00edtani (1874\u201385). Az eg\u00e9sz v\u00edd\u00e9ken egyik legjobb tan\u00edt\u00f3 volt, gyakran tartott mintatan\u00edt\u00e1st a kolleg\u00e1knak. A tan\u00edt\u00e1s mellett mintaszer\u0171en gazd\u00e1lkodott is. Irod.: Bonyha \u00e9s egyh\u00e1za<\/p>\n","protected":false},"featured_media":0,"comment_status":"open","ping_status":"closed","template":"","meta":[],"product_brand":[],"product_cat":[137],"product_tag":[],"class_list":{"0":"post-8382","1":"product","2":"type-product","3":"status-publish","5":"product_cat-maros-megyei-eletrajzi-lexikon","7":"first","8":"instock","9":"shipping-taxable","10":"product-type-simple"},"_links":{"self":[{"href":"https:\/\/uj.adatbank.ro\/lexikon\/wp-json\/wp\/v2\/product\/8382","targetHints":{"allow":["GET"]}}],"collection":[{"href":"https:\/\/uj.adatbank.ro\/lexikon\/wp-json\/wp\/v2\/product"}],"about":[{"href":"https:\/\/uj.adatbank.ro\/lexikon\/wp-json\/wp\/v2\/types\/product"}],"replies":[{"embeddable":true,"href":"https:\/\/uj.adatbank.ro\/lexikon\/wp-json\/wp\/v2\/comments?post=8382"}],"wp:attachment":[{"href":"https:\/\/uj.adatbank.ro\/lexikon\/wp-json\/wp\/v2\/media?parent=8382"}],"wp:term":[{"taxonomy":"product_brand","embeddable":true,"href":"https:\/\/uj.adatbank.ro\/lexikon\/wp-json\/wp\/v2\/product_brand?post=8382"},{"taxonomy":"product_cat","embeddable":true,"href":"https:\/\/uj.adatbank.ro\/lexikon\/wp-json\/wp\/v2\/product_cat?post=8382"},{"taxonomy":"product_tag","embeddable":true,"href":"https:\/\/uj.adatbank.ro\/lexikon\/wp-json\/wp\/v2\/product_tag?post=8382"}],"curies":[{"name":"wp","href":"https:\/\/api.w.org\/{rel}","templated":true}]}}