{"id":8385,"date":"2025-06-29T10:24:16","date_gmt":"2025-06-29T08:24:16","guid":{"rendered":"https:\/\/uj.adatbank.ro\/lexikon\/termek\/fulop-ferenc-4\/"},"modified":"2025-06-29T10:24:16","modified_gmt":"2025-06-29T08:24:16","slug":"fulop-ferenc-4","status":"publish","type":"product","link":"https:\/\/uj.adatbank.ro\/lexikon\/termek\/fulop-ferenc-4\/","title":{"rendered":"F\u00dcL\u00d6P Ferenc"},"content":{"rendered":"<p>Marosbog\u00e1t, 1903. szept. 23., \u2020 Bp., 1986. dec. 27.: n\u00e9pt\u00e1ncos. \u2013 Szeg\u00e9nyparaszti csal\u00e1db\u00f3l sz\u00e1rmazott, vas\u00fati p\u00e1lya\u0151r, valamint k\u0151m\u0171ves volt a M\u00c1V-n\u00e1l. Az orsz. kultur\u00e1lis verseny z\u00e1r\u00f3bemutat\u00f3j\u00e1n az Erkel Sz\u00ednh\u00e1zban t\u00e1ncolta a marosbog\u00e1ti verbunkot \u00e9s cs\u0171rd\u00f6ng\u00f6l\u0151t (1950). A n\u00e9pm\u0171v\u00e9szet mestereib\u0151l \u00e9s ifj\u00fa mestereib\u0151l \u00e1ll\u00f3 csoport legid\u0151sebb tagjak\u00e9nt r\u00e9szt vett minden hagyom\u00e1ny\u0151rz\u0151 tal\u00e1lkoz\u00f3n, s k\u00fclf\u00f6l\u00add\u00f6n is sikerrel szerepelt (1970\u2013). Az orsz. t\u00e1nch\u00e1ztal\u00e1lkoz\u00f3n l\u00e9pett fel utolj\u00e1ra (1983). A t\u00e1ncai\u00adr\u00f3l k\u00e9sz\u00fclt felv\u00e9teleket (cs\u0171rd\u00f6ng\u00f6l\u0151, ver\u00adbunk, lass\u00fa \u00e9s friss cs\u00e1rd\u00e1s, leg\u00e9nyes) az MTA Filmt\u00e1ra \u0151rzi. A n\u00e9pm\u0171v\u00e9szetek mestere (1956). <br \/><strong>Irod.:<\/strong> R\u00daL; \u00daM\u00c9L<\/br><\/p>\n","protected":false},"excerpt":{"rendered":"<p>Marosbog\u00e1t, 1903. szept. 23., \u2020 Bp., 1986. dec. 27.: n\u00e9pt\u00e1ncos. \u2013 Szeg\u00e9nyparaszti csal\u00e1db\u00f3l sz\u00e1rmazott, vas\u00fati p\u00e1lya\u0151r, valamint k\u0151m\u0171ves volt a M\u00c1V-n\u00e1l. Az orsz. kultur\u00e1lis verseny z\u00e1r\u00f3bemutat\u00f3j\u00e1n az Erkel Sz\u00ednh\u00e1zban t\u00e1ncolta a marosbog\u00e1ti verbunkot \u00e9s cs\u0171rd\u00f6ng\u00f6l\u0151t (1950). A n\u00e9pm\u0171v\u00e9szet mestereib\u0151l \u00e9s ifj\u00fa mestereib\u0151l \u00e1ll\u00f3 csoport legid\u0151sebb tagjak\u00e9nt r\u00e9szt vett minden hagyom\u00e1ny\u0151rz\u0151 tal\u00e1lkoz\u00f3n, s k\u00fclf\u00f6l\u00add\u00f6n is sikerrel [&hellip;]<\/p>\n","protected":false},"featured_media":0,"comment_status":"open","ping_status":"closed","template":"","meta":[],"product_brand":[],"product_cat":[137],"product_tag":[],"class_list":{"0":"post-8385","1":"product","2":"type-product","3":"status-publish","5":"product_cat-maros-megyei-eletrajzi-lexikon","7":"first","8":"instock","9":"shipping-taxable","10":"product-type-simple"},"_links":{"self":[{"href":"https:\/\/uj.adatbank.ro\/lexikon\/wp-json\/wp\/v2\/product\/8385","targetHints":{"allow":["GET"]}}],"collection":[{"href":"https:\/\/uj.adatbank.ro\/lexikon\/wp-json\/wp\/v2\/product"}],"about":[{"href":"https:\/\/uj.adatbank.ro\/lexikon\/wp-json\/wp\/v2\/types\/product"}],"replies":[{"embeddable":true,"href":"https:\/\/uj.adatbank.ro\/lexikon\/wp-json\/wp\/v2\/comments?post=8385"}],"wp:attachment":[{"href":"https:\/\/uj.adatbank.ro\/lexikon\/wp-json\/wp\/v2\/media?parent=8385"}],"wp:term":[{"taxonomy":"product_brand","embeddable":true,"href":"https:\/\/uj.adatbank.ro\/lexikon\/wp-json\/wp\/v2\/product_brand?post=8385"},{"taxonomy":"product_cat","embeddable":true,"href":"https:\/\/uj.adatbank.ro\/lexikon\/wp-json\/wp\/v2\/product_cat?post=8385"},{"taxonomy":"product_tag","embeddable":true,"href":"https:\/\/uj.adatbank.ro\/lexikon\/wp-json\/wp\/v2\/product_tag?post=8385"}],"curies":[{"name":"wp","href":"https:\/\/api.w.org\/{rel}","templated":true}]}}