{"id":8386,"date":"2025-06-29T10:24:18","date_gmt":"2025-06-29T08:24:18","guid":{"rendered":"https:\/\/uj.adatbank.ro\/lexikon\/termek\/fulop-ferenc-5\/"},"modified":"2025-06-29T10:24:18","modified_gmt":"2025-06-29T08:24:18","slug":"fulop-ferenc-5","status":"publish","type":"product","link":"https:\/\/uj.adatbank.ro\/lexikon\/termek\/fulop-ferenc-5\/","title":{"rendered":"F\u00dcL\u00d6P Ferenc"},"content":{"rendered":"<p>Maross\u00e1rpatak, 1921. dec. 6., \u2020\u00a0? : k\u00f6nyvel\u0151. \u2013 Sz\u00e1szr\u00e9genben lakott. A m. hadseregben harcolt, mint katona. N\u00e9meto.-ban volt fogoly (1945. m\u00e1j. 9. &#8211; 46. j\u00fan. 8.). A mv.-i Katonai \u00dcgy\u00e9szs\u00e9g tiltott hat\u00e1r\u00e1tl\u00e9p\u00e9s el\u0151k\u00e9sz\u00edt\u00e9se \u00e9s befoly\u00e1ssal val\u00f3 \u00fcz\u00e9rked\u00e9s v\u00e1dj\u00e1val tart\u00f3ztatta le (1956). <br \/><strong>Irod.:<\/strong> 1956 Erd\u00e9lyben; Reghin, militari<\/br><\/p>\n","protected":false},"excerpt":{"rendered":"<p>Maross\u00e1rpatak, 1921. dec. 6., \u2020\u00a0? : k\u00f6nyvel\u0151. \u2013 Sz\u00e1szr\u00e9genben lakott. A m. hadseregben harcolt, mint katona. N\u00e9meto.-ban volt fogoly (1945. m\u00e1j. 9. &#8211; 46. j\u00fan. 8.). A mv.-i Katonai \u00dcgy\u00e9szs\u00e9g tiltott hat\u00e1r\u00e1tl\u00e9p\u00e9s el\u0151k\u00e9sz\u00edt\u00e9se \u00e9s befoly\u00e1ssal val\u00f3 \u00fcz\u00e9rked\u00e9s v\u00e1dj\u00e1val tart\u00f3ztatta le (1956). Irod.: 1956 Erd\u00e9lyben; Reghin, militari<\/p>\n","protected":false},"featured_media":0,"comment_status":"open","ping_status":"closed","template":"","meta":[],"product_brand":[],"product_cat":[137],"product_tag":[],"class_list":{"0":"post-8386","1":"product","2":"type-product","3":"status-publish","5":"product_cat-maros-megyei-eletrajzi-lexikon","7":"first","8":"instock","9":"shipping-taxable","10":"product-type-simple"},"_links":{"self":[{"href":"https:\/\/uj.adatbank.ro\/lexikon\/wp-json\/wp\/v2\/product\/8386","targetHints":{"allow":["GET"]}}],"collection":[{"href":"https:\/\/uj.adatbank.ro\/lexikon\/wp-json\/wp\/v2\/product"}],"about":[{"href":"https:\/\/uj.adatbank.ro\/lexikon\/wp-json\/wp\/v2\/types\/product"}],"replies":[{"embeddable":true,"href":"https:\/\/uj.adatbank.ro\/lexikon\/wp-json\/wp\/v2\/comments?post=8386"}],"wp:attachment":[{"href":"https:\/\/uj.adatbank.ro\/lexikon\/wp-json\/wp\/v2\/media?parent=8386"}],"wp:term":[{"taxonomy":"product_brand","embeddable":true,"href":"https:\/\/uj.adatbank.ro\/lexikon\/wp-json\/wp\/v2\/product_brand?post=8386"},{"taxonomy":"product_cat","embeddable":true,"href":"https:\/\/uj.adatbank.ro\/lexikon\/wp-json\/wp\/v2\/product_cat?post=8386"},{"taxonomy":"product_tag","embeddable":true,"href":"https:\/\/uj.adatbank.ro\/lexikon\/wp-json\/wp\/v2\/product_tag?post=8386"}],"curies":[{"name":"wp","href":"https:\/\/api.w.org\/{rel}","templated":true}]}}