{"id":8389,"date":"2025-06-29T10:24:27","date_gmt":"2025-06-29T08:24:27","guid":{"rendered":"https:\/\/uj.adatbank.ro\/lexikon\/termek\/fulop-g-denes-%c2%a7-fulop-gabor-denes-fulop-denes\/"},"modified":"2025-06-29T10:24:27","modified_gmt":"2025-06-29T08:24:27","slug":"fulop-g-denes-%c2%a7-fulop-gabor-denes-fulop-denes","status":"publish","type":"product","link":"https:\/\/uj.adatbank.ro\/lexikon\/termek\/fulop-g-denes-%c2%a7-fulop-gabor-denes-fulop-denes\/","title":{"rendered":"F\u00dcL\u00d6P G. D\u00e9nes, \u00a7 F\u00fcl\u00f6p G\u00e1bor D\u00e9nes, F\u00fcl\u00f6p D\u00e9nes"},"content":{"rendered":"<p>Als\u00f3s\u00f3falva, 1931. m\u00e1j. 14., \u2020 Bp., 2005. jan. 15., temet\u00e9se Mv.-en a ref. temet\u0151ben (2005. jan. 21.): ref. lelk\u00e9sz. \u2013 F. G\u00e1bor-D\u00e9nes f\u00fcldm\u0171ves \u00e9s Bir\u00f3 M\u00e1ria fia. \u2013 Testv\u00e9rei: S\u00e1ndor. M\u00e1ria. Feles\u00e9ge: Suba Ilona. Gyermekeik: Zsuzsa, D\u00e9nes, Andr\u00e1s, Mikl\u00f3s. \u2013 Als\u00f3s\u00f3falv\u00e1n v\u00e9gezte az elemi iskol\u00e1t (1938\u201342), Sz\u00e9kelyudvarhelyen a Ref. Koll. (1942\u201348), Sz\u00e9kelykereszt\u00faron a Ped. K\u00f6z\u00e9piskola tanul\u00f3ja (1948\u201352). Kv.-on az Egyetem Fok\u00fa Egys\u00e9ges Protest\u00e1ns Teol\u00f3giai F\u0151iskol\u00e1n tanult, szerzett oklevelet (1952\u201357), a kv.-i Farkas u. templomban szentelt\u00e9k fel (1959. szept. 8.). Mv.-en a Gecse utcai gy\u00fclekezet seg\u00e9d lelk\u00e9sze (1957\u201359). Az 1956-os esem\u00e9nyek ut\u00e1n koholt v\u00e1dak alapj\u00e1n letar\u00f3ztatt\u00e1k (1959. j\u00fal. 7.) Kihallgat\u00e1sa a kv.-i Securitat\u00e9n t\u00f6rt\u00e9nt,. b\u0171n\u00e9\u00fcl r\u00f3t\u00e1k fel, hogy jelen volt a kv.-i di\u00e1kgy\u0171l\u00e9sen, a K\u00e9pz\u0151m\u0171v\u00e9szeti Int\u00e9zetben (1956. okt. 24), im\u00e1dkozott a Szovjetuni\u00f3ba hurcolt foglyok\u00e9rt (1957. m\u00e1rc. 15). Izgat\u00e1s \u00e9s \u00f6sszeesk\u00fcv\u00e9sre val\u00f3 felbujt\u00e1sra b\u00edztatta az ottl\u00e9v\u0151ket. 11 \u00e9v b\u00f6rt\u00f6nre \u00e9s 10 \u00e9vi jogfoszt\u00e1sra it\u00e9lt\u00e9k. Raboskodott: Kv.-on, Szamos\u00fajv\u00e1ron, a Br\u0103ilai Nagysziget t\u00f6bb k\u00e9nyszermunkatelep\u00e9n (Luciu-Gheorgheni, Ostrov, Gr\u0103dina), a Duna delt\u00e1ban (Gironde, az Ileni Levendi rabtart\u00f3 usz\u00e1lyon), legyeng\u00fcl\u00e9se miatt a brailai kik\u00f6t\u0151ben \u00e9s onnan Szamos\u00fajv\u00e1ron (1962. febr. \u2013), majd \u00fajb\u00f3l a Delt\u00e1ba vitt\u00e9k Periprava helys\u00e9gbe, innen az Ileni Levendi rabtart\u00f3 usz\u00e1lyon, Vilcovba, majd a Sfistofca munkat\u00e1borban, a Grind-i kol\u00f3ni\u00e1n, majd \u00fajb\u00f3l Periprav\u00e1ba, \u00fajb\u00f3l haj\u00f3n, nyitott tehersz\u00e1ll\u00edt\u00f3n k\u00e9t dunai sziget k\u00f6z\u00f6tt, innen \u00fajb\u00f3l Vilcovval \u00e1tellenbe, majd Grinden dolgoztak, az \u00c1ltal\u00e1nos amneszti\u00e1val szabadult (1963. m\u00e1j. 23.). Raboskod\u00e1sa eml\u00e9k\u00e9t r\u00f6gz\u00edtette Rabok kar\u00e1csonya: 56-osok a Duna-delt\u00e1ban (N\u00fa., 1998. dec. 24). Volt munkan\u00e9lk\u00fcli, Mv.-en a cukorgy\u00e1rban seg\u00e9dmunk\u00e1s (1963. nov. 8. \u2013 1964. jan. 3.), rakt\u00e1ri zs\u00e1kol\u00f3 majd az Encsel M\u00f3r gy\u00e1rban szerel\u0151 seg\u00e9dmunk\u00e1s (1963\u201364), majd a Metalotehnica \u00fczemben rakod\u00f3munk\u00e1s (1964. j\u00fal. -szept.). Lelkip\u00e1sztori szolg\u00e1latot teljes\u00edtett Gegesen (1964. szept. 1. \u2013 1970. okt. 1.), ekkor a securitate megfigylteti levelez\u00e9s\u00e9t (1968\u2013); H\u00e1rmasfaluban (1971\u20131977. febr. 1.), Sz\u00e1szr\u00e9genben (1977\u20131984. aug. 1.) \u00e9s v\u00e9g\u00fcl Mv.-en a V\u00e1rtemplom k\u00f6zfelki\u00e1lt\u00e1ssal megv\u00e1lasztott lelk\u00e9sze nyugd\u00edjaz\u00e1s\u00e1ig (1984. j\u00fan. \u20132002. febr. 28.). A K\u00fck\u00fcll\u0151i egyh\u00e1zmegye aljegyz\u0151je (1970\u201374), a Marosi Egyh\u00e1zmegye tan\u00e1csosa (1989. dec. \u2013), a Rom\u00e1niai ref. Egyh\u00e1z Zsinat\u00e1nak pottagja (1992. jan. \u2013). Tagja volt a Dobri J\u00e1nos prof. vezette illeg\u00e1lis Kelet-Eur\u00f3pai Ref. Bibliaii Szemin\u00e1riumnak (1970\u201390). A KZST \u00e9s az \u00daj ESZC tagja. \u00c1llom\u00e1shelyein a gy\u00fclekezetek \u00e9p\u00fcleteit \u00e9s templomait fel\u00faj\u00edtotta. Nev\u00e9hez f\u0171z\u0151dik a V\u00e1rtemplom fel\u00faj\u00edt\u00e1sa, a g\u00f3tikus terem kialak\u00edt\u00e1sa, ahol m\u0171v\u00e9sz bar\u00e1taival k\u00e9pt\u00e1rat alap\u00edtott (1986), V\u00e1rtemplom egyh\u00e1zk\u00f6zs\u00e9g adminisztr\u00e1l\u00e1s\u00e1ban N\u00e9pf\u0151iskolai mozgalmat ind\u00edtott, amely \u00e9venk\u00e9nti t\u00f6bb sz\u00e1z hallgat\u00f3val, k\u00fclf\u00f6ldi \u00e9s belf\u00f6ldi tan\u00e1rokkal Calepinus Idegen Nyelv\u0171 N\u00e9pf\u0151iskola n\u00e9ven m\u0171k\u00f6d\u00f6tt (1990\u2013). L\u00e9sty\u00e1n Ferenc r. k. f\u0151esperes, dr. Juh\u00e1sz Andr\u00e1s esperes, Kolcs\u00e1r S\u00e1ndor esperes \u00e9s T\u0151k\u00e9s Andr\u00e1s tan\u00e1r ill. s az RMDSZ t\u00e1mogat\u00e1s\u00e1val l\u00e9trehozta a K\u00e1ntor-tan\u00edt\u00f3k\u00e9pz\u0151 F\u0151iskol\u00e1t (1990\u2013), a nyilv\u00e1nosan m\u0171k\u00f6d\u0151 f\u0151iskola kurrat\u00f3riumi megbizott igazgat\u00f3ja (1991. szept. \u2013). T\u0151k\u00e9s L\u00e1szl\u00f3 papt\u00e1rsak\u00e9nt alap\u00edt\u00f3ja a Rom\u00e1niai Ref. Lelk\u00e9szegyes\u00fcletek Sz\u00f6vets\u00e9g\u00e9nek (1990), a nagyv\u00e1radi \u00e9rtekezlet el\u0151ad\u00f3ja; a Rom\u00e1niai M. Egyh\u00e1zak \u00d6kumenikus Sz\u00f6vets\u00e9g\u00e9nek alap\u00edt\u00f3 tagja, a 2. orsz\u00e1gos \u00f6sszej\u00f6vetel eln\u00f6ke (Mv.-en Templom \u00e9s iskola c., 1990. jan. 24.). Az \u00fajraalakult KZST alap\u00edt\u00f3 tagja (1990\u2013). A renov\u00e1lt V\u00e1rtemplom 500 \u00e9ves \u00e9vfordul\u00f3j\u00e1n 7 napos \u00fcnneps\u00e9g-sorozatot szervezett a Ref. Vil\u00e1gsz\u00f6vets\u00e9g, a Sk\u00f3t Ref. Egyh\u00e1z, a holland (Leiden, Rotterdam) ill. debreceni testv\u00e9rgy\u00fclekezetek bevon\u00e1s\u00e1val (1990). Illy\u00e9s King\u00e1val B\u00e1stya-Forumot kezdem\u00e9nyezett, az els\u0151 p\u00f3dium-m\u0171sort (Szabadnak lenni mit jelen?) S\u00fct\u0151 Andr\u00e1snak aj\u00e1nlott\u00e1k (1990). A Ref. Vil\u00e1gtal\u00e1lkoz\u00f3 sor\u00e1n a debreceni Nagytemplomban ig\u00e9t hirdetett. A V\u00e1rtemplomban megszervezte a \u201eDorkas\u201d els\u0151 erd\u00e9lyi nemzetk\u00f6zi \u00f6kumenikus tal\u00e1lkoz\u00f3t, a 3 napos \u201eMegb\u00e9k\u00e9l\u00e9s\u201d protest\u00e1ns-ortodox konferenci\u00e1t. A Diak\u00f3niai Bizotts\u00e1g \u00e9s a Mez\u0151s\u00e9gi Szorv\u00e1nybizotts\u00e1g szervez\u0151je. L\u00e9trehozta az orsz\u00e1gos els\u0151 ref. gazdas\u00e1gi int\u00e9zm\u00e9nyt Erd\u00e9lyi Kereszt\u00e9ny Lelkigondoz\u00e1si Alap (EKLA) n\u00e9ven (1991. szept. 1.). A szeretetszolg\u00e1lat \u00e9s misszi\u00f3 vissza\u00e1ll\u00edt\u00e1s\u00e1val a Lazarenum Alap\u00edtv\u00e1ny keret\u00e9ben Mv.-en \u00e1rvah\u00e1z \u00e9s \u00f6regotthon j\u00f6tt l\u00e9tre, a szeg\u00e9ny \u00e9s utcagyerekeknek a Pici H\u00e1zat nyitott\u00e1k meg. A \u201ebizalom napjaiban\u201d (1989. dec. 24. \u2013 1990. jan.) elfogadta a Megment\u00e9si Front ideiglenes megyei eln\u00f6ks\u00e9gi tags\u00e1g\u00e1t, a mv.-i v\u00e9res esem\u00e9nyek \u00f3r\u00e1iban (1990. m\u00e1rc. 20.), a t\u00f6meggy\u00fcl\u00e9sen lemondott, el\u00edt\u00e9lve a korm\u00e1ny kisebbs\u00e9gellenes viselked\u00e9s\u00e9t. Az RMDSZ megyei szervezet\u00e9nek alap\u00edt\u00f3 tagja (1989. dec. 25.), az orsz\u00e1gos v\u00e1lasztm\u00e1ny tagja, k\u00e9pvisel\u0151jel\u0151lt volt (1990), a megyei eln\u00f6ks\u00e9g tagja (1991). Cikkeit, pr\u00e9dik\u00e1ci\u00f3it k\u00f6z\u00f6lte a Reform\u00e1tus Szemle, Korunk. Kezdem\u00e9nyezte Bustya Dezs\u0151vel az \u00dczenet: Az Erd\u00e9lyi Ref. Egyh\u00e1zker\u00fclet gy\u00fclekezeti lapj\u00e1t (1990. m\u00e1rc. 15. &#8211; j\u00fal. 1.), amely Kv.-ra k\u00f6lt\u00f6z\u00f6tt; majd az \u00daj Kezdet c. mv.-i V\u00e1rtemplomi Ref. Egyh\u00e1zk\u00f6zs\u00e9g lapj\u00e1t (2000. jan. \u2013). M. Fiatalok\u00e9rt d\u00edjat kapott feles\u00e9g\u00e9vel, F\u00fcl\u00f6p Ilon\u00e1val (2003); Julianus-d\u00edjat kapott (1994); Mv. v\u00e1ros d\u00edszpolg\u00e1ra (2004); A Haz\u00e1\u00e9rt \u00c9rdemkereszttel t\u00fcntette ki a magyaro.-i Volt Politikai Foglyok Sz\u00f6vets\u00e9ge post mortem, \u00e1tvette \u00f6zvegye F. G. Ilona (2006. m\u00e1j.). Megkapta A Haz\u00e1\u00e9rt \u00e9s Szabads\u00e1g\u00e9rt 1956-os eml\u00e9k\u00e9rmet (1997), a Bethlen G\u00e1bor D\u00edjat, a Sz\u00e9chenyi T\u00e1rsas\u00e1g d\u00edj\u00e1t, a Julianus \u2013d\u00edjat. \u2013 F. m: szerk: Farcz\u00e1dy Elek. A mv.-i reform\u00e1tus egyh\u00e1zk\u00f6zs\u00e9g \u00e9lete (1556\u20131948) (Mv., 2000). <br \/><strong>Irod.:<\/strong> 1956 Erd\u00e9lyben; Bartos 2012; Bodolai Gy\u00f6ngyi: \u201e\u00c9letem c\u00e9lja a szolg\u00e1lat\u201d (N\u00fa., 1990. \u00e1pr. 14.); Cs. Gy\u00edmesi \u00c9va: Szelid er\u0151 (Kr\u00f3nika, 2005. jan. 21\u201323.); Cs\u00e1ky; In memoriam: F. G. D. (1931\u20132005) (\u00daj Kezdet, 2. sz., 2005.); Kusz\u00e1lik; L\u00e1szl\u00f3 \u2013 Nov\u00e1k; Meghurcolt nemzed\u00e9k (Kr\u00f3nika, 2006. m\u00e1j. 19\u201321.); Mv. \u00e9s V\u00e1rtemploma (Bp., 1990); Mv. -Bal\u00e1s; Nagy Mikl\u00f3s Kund: Egy \u00e9let az \u00e9rintetts\u00e9g miszt\u00e9rium\u00e1ban (N\u00fa., M\u00fazsa, 674. sz., 2005. jan. 29.); N\u00fa., (2002. febr. 25; 2005. jan. 18; 2005. jan 28; 2005. jan. 29.; 2005. \u00e1pr. 2.); Nagy P\u00e1l: Gond; Nagy P\u00e1l. Napl\u00f3 n\u00e9lk\u00fcl (Mv., 2007); P\u00e1l-Antal 2013; [Az RMDSZ Maros megyei k\u00e9pvisel\u0151jel\u0151ltje] (N\u00fa., 1990. m\u00e1j. 16.); Sz\u00e9pr\u00e9ti Lilla: A nemzetis\u00e9gemet id\u00e9z\u0151jelbe tett\u00e9k (Akik im\u00e1dkoztak 2., Erd\u00e9lyi Figyel\u0151, 23\u201324. sz., 1990); Todea 2013; T\u00f3falvi 5.; T\u00f3falvi Zolt\u00e1n: Rekviem F. D. -\u00e9rt (Erd\u00e9lyi Napl\u00f3, 5. sz., 2005. febr. 1.); V\u00e1rtemplomi lelk\u00e9szek n\u00e9vsora, 1571\u20132000 (\u00daj Kezdet, 2. sz., 2000)<\/br><\/p>\n","protected":false},"excerpt":{"rendered":"<p>Als\u00f3s\u00f3falva, 1931. m\u00e1j. 14., \u2020 Bp., 2005. jan. 15., temet\u00e9se Mv.-en a ref. temet\u0151ben (2005. jan. 21.): ref. lelk\u00e9sz. \u2013 F. G\u00e1bor-D\u00e9nes f\u00fcldm\u0171ves \u00e9s Bir\u00f3 M\u00e1ria fia. \u2013 Testv\u00e9rei: S\u00e1ndor. M\u00e1ria. Feles\u00e9ge: Suba Ilona. Gyermekeik: Zsuzsa, D\u00e9nes, Andr\u00e1s, Mikl\u00f3s. \u2013 Als\u00f3s\u00f3falv\u00e1n v\u00e9gezte az elemi iskol\u00e1t (1938\u201342), Sz\u00e9kelyudvarhelyen a Ref. Koll. (1942\u201348), Sz\u00e9kelykereszt\u00faron a Ped. K\u00f6z\u00e9piskola [&hellip;]<\/p>\n","protected":false},"featured_media":0,"comment_status":"open","ping_status":"closed","template":"","meta":[],"product_brand":[],"product_cat":[137],"product_tag":[],"class_list":{"0":"post-8389","1":"product","2":"type-product","3":"status-publish","5":"product_cat-maros-megyei-eletrajzi-lexikon","7":"first","8":"instock","9":"shipping-taxable","10":"product-type-simple"},"_links":{"self":[{"href":"https:\/\/uj.adatbank.ro\/lexikon\/wp-json\/wp\/v2\/product\/8389","targetHints":{"allow":["GET"]}}],"collection":[{"href":"https:\/\/uj.adatbank.ro\/lexikon\/wp-json\/wp\/v2\/product"}],"about":[{"href":"https:\/\/uj.adatbank.ro\/lexikon\/wp-json\/wp\/v2\/types\/product"}],"replies":[{"embeddable":true,"href":"https:\/\/uj.adatbank.ro\/lexikon\/wp-json\/wp\/v2\/comments?post=8389"}],"wp:attachment":[{"href":"https:\/\/uj.adatbank.ro\/lexikon\/wp-json\/wp\/v2\/media?parent=8389"}],"wp:term":[{"taxonomy":"product_brand","embeddable":true,"href":"https:\/\/uj.adatbank.ro\/lexikon\/wp-json\/wp\/v2\/product_brand?post=8389"},{"taxonomy":"product_cat","embeddable":true,"href":"https:\/\/uj.adatbank.ro\/lexikon\/wp-json\/wp\/v2\/product_cat?post=8389"},{"taxonomy":"product_tag","embeddable":true,"href":"https:\/\/uj.adatbank.ro\/lexikon\/wp-json\/wp\/v2\/product_tag?post=8389"}],"curies":[{"name":"wp","href":"https:\/\/api.w.org\/{rel}","templated":true}]}}