{"id":8392,"date":"2025-06-29T10:24:33","date_gmt":"2025-06-29T08:24:33","guid":{"rendered":"https:\/\/uj.adatbank.ro\/lexikon\/termek\/fulop-gyorgy-%c2%a7\/"},"modified":"2025-06-29T10:24:33","modified_gmt":"2025-06-29T08:24:33","slug":"fulop-gyorgy-%c2%a7","status":"publish","type":"product","link":"https:\/\/uj.adatbank.ro\/lexikon\/termek\/fulop-gyorgy-%c2%a7\/","title":{"rendered":"F\u00dcL\u00d6P Gy\u00f6rgy, \u00a7"},"content":{"rendered":"<p>Mv., 1921. aug. 21., \u2020 Mv., 2001. okt. 29.: testnevel\u0151 tan\u00e1r, sportol\u00f3: \u00fasz\u00f3, v\u00edzilabda, j\u00e9gkorong, kos\u00e1rlabda, k\u00e9zilabda edz\u0151. \u2013 F. Gyula \u00e9s sz\u00f6v\u00e9rdi Sz\u00e1sz Ilona (1898\u20131987) fia. Feles\u00e9ge: Floroiu Gheorghina \/ Georgeta, Geta (1929- 2011), a MOGYI Testnevel\u00e9s \u00e9s Sport katedr\u00e1j\u00e1n lektor (1951\u201387). Fiaik: Gy\u00f6rgy (1957. j\u00fan. 27. \u2013), Mikl\u00f3s (1959. okt. 26. \u2013). \u2013 Mint sportol\u00f3, tan\u00e1r \u00e9s edz\u0151 eg\u00e9sz \u00e9let\u00e9t a sportnak szentelte \u00e9s a fiatal gener\u00e1ci\u00f3 nevel\u00e9s\u00e9re sz\u00e1nta. A sportol\u00e1st \u00fassz\u00e1ssal kezdte, els\u0151 verseny\u00e9t 11 \u00e9vesen nyerte az ESE sportegyes\u00fclet tagjak\u00e9nt (1932). A v\u00edzilabd\u00e1val k\u00f6telezte el mag\u00e1t (1937\u2013), 17 \u00e9ves kor\u00e1ban lett kapus. A m. v\u00edzilabda ut\u00e1np\u00f3tl\u00e1s v\u00e1logatottban szerepelt el\u0151sz\u00f6r orsz\u00e1gok k\u00f6z\u00f6tti m\u00e9rk\u00f6z\u00e9sen (1942), k\u00e9t edz\u0151je volt Wannie dr. \u00e9s N\u00e9meth J\u00e1nos, becenev\u00e9n Janesz, aki sok fog\u00e1sra megtan\u00edtotta, h\u00e1tv\u00e9dk\u00e9nt ker\u00fclt be a rom\u00e1n v\u00e1logatottba is (1945\u2013). A v\u00edzilabd\u00e1ban siker\u00fclt nyerni\u00fck 4. helyet a K\u00f6z\u00e9peur\u00f3pai \u00e9s Balk\u00e1n-kup\u00e1n Bp.-en (1947). A kos\u00e1rlabda j\u00e1t\u00e9kot Mv.-en Horv\u00e1th Andr\u00e1s tan\u00e1r honos\u00edtotta meg a Ref. Koll.-ban, oszt\u00e1lyok k\u00f6z\u00f6tti bajnoks\u00e1got j\u00e1tszottak (1934\u2013). Majd Horv\u00e1th Andr\u00e1s \u00e9s Kakucs Andr\u00e1s ir\u00e1ny\u00edt\u00e1s\u00e1val kezd\u0151d\u00f6tt a kos\u00e1rlabda \u00e9let Mv.-en, ebben j\u00e1tszott (1939), majd a CFR csapat\u00e1ban \u00e9s a rom\u00e1n kos\u00e1rlabda v\u00e1logatottba (1946\u2013) ker\u00fclt, a buk.-i Dinam\u00f3 tagja (1944\u201353). K\u00e9zilabd\u00e1z\u00e1st is a Ref. Koll.-ban kezdte, Horv\u00e1th Andr\u00e1s tan\u00e1r vezet\u00e9s\u00e9vel kisp\u00e1ly\u00e1s k\u00e9zdilabd\u00e1t j\u00e1tszottak (1934\u2013), nagyp\u00e1ly\u00e1s k\u00e9zilabd\u00e1t csak Buk.-ben j\u00e1tszott, mert Mv.-en nem volt csapat, itt n\u00e9gy \u00e9vig szerepelt a buk.-i Dinam\u00f3n\u00e1l, amig a Testnevel\u00e9si F\u0151iskol\u00e1t v\u00e9gezte (1949\u201353). J\u00e9gkorongoz\u00f3 volt (1939\u201340, 1945\u201357), a j\u00e9gkorong v\u00e1logatott tagja (1948\u2013). Visszat\u00e9rt Mv. -re a helyi Dinam\u00f3 csapathoz, ez volt a felt\u00e9tele, hogy elengedj\u00e9k Buk. -b\u0151l. Siker\u00fclt elint\u00e9znie, hogy a mv.-i Bolyai L\u00edc. testnevel\u0151 tan\u00e1ra legyen (1956\u201380), aligazgat\u00f3ja nyugd\u00edjaz\u00e1s\u00e1ig (1981\u201383). Az egyik utols\u00f3 mv.-i sportpolihisztor, ny\u00e1ron \u00faszott, v\u00edzilabd\u00e1zott, t\u00e9len j\u00e9gkorongozott, minden \u00e9vszakban kos\u00e1rlabd\u00e1zott, k\u00e9zilabd\u00e1zott, egyik sport\u00e1gat sem \u0171zte a m\u00e1sik rov\u00e1s\u00e1ra, kieg\u00e9sz\u00edt\u00e9sk\u00e9nt. Mindegyikben kimagaslott, kit\u00fcnt, v\u00e1logatott szintre emelkedett. Sport pedag\u00f3gusk\u00e9nt is kiemelked\u0151t alkotott: a Bolyai sporttagozat\u00e1nak alap\u00edt\u00f3ja (1958), sportigazgat\u00f3ja, mentora, szakavatott ir\u00e1ny\u00edt\u00f3ja, a sporttagozatot orsz\u00e1gosan ismertt\u00e9 tette. \u00c9let\u00e9nek 62 \u00e9v\u00e9t szentelte a testnevel\u00e9snek. Megalap\u00edtotta az els\u0151 mv.-i kos\u00e1rlabda le\u00e1nycsoportot (1946), ifj\u00fas\u00e1gi bajnoki c\u00edmeket nyert, ontotta a v\u00e1logatott j\u00e1t\u00e9kosokat, ut\u00f3dokat nevelt. A mv.-i V\u00e1rtemplomi Egyh\u00e1zk\u00f6zs\u00e9g presbitere volt, k\u00e9t \u00e9vtizeden \u00e1t folytat\u00f3lagosan vezette a gy\u00fclekezeti \u00e9let adatszer\u0171 esem\u00e9nyeinek napl\u00f3j\u00e1t. Eg\u00e9sz \u00e9letp\u00e1ly\u00e1j\u00e1t m\u00e9ltat\u00f3 d\u00edszoklev\u00e9llel \u00e9s serleggel t\u00fcntett\u00e9k ki (1999. \u00e1pr. 23.). Mv. d\u00edszpolg\u00e1ra (1999. j\u00fan.). F. Gy. eml\u00e9kverseny szerveztek az ifj.-i kos\u00e1rlabd\u00e1z\u00f3knak (2000. \u2013). A Bolyai iskola melletti Sportp\u00e1lya N\u00e9vad\u00f3ja (2002. aug. 25. \u2013). <br \/><strong>Irod.:<\/strong> Akikre feln\u00e9z a v\u00e1ros (N\u00fa., 1999. j\u00fan. 24.); Czimbalmos Ferenc-Attila: \u201enem voltam p\u00e1rttag, csak ez\u00e9rt engedtek el\u201d: besz\u00e9lget\u00e9s F. Gy. -gyel. (N\u00fa., 1998. \u00e1pr. 15.); Farcz\u00e1di Attila: \u201e\u00dagy rugott [N\u00e9meth J\u00e1nos], mint egy l\u00f3, de meg\u00e9rte t\u0171rni\u201d (N\u00fa., 1999. m\u00e1j. 10.); ifj. F\u00fcl\u00f6p Gy\u00f6rgy: P\u00e1ly\u00e1n k\u00edv\u00fcl \u2013 p\u00e1ly\u00e1n bel\u00fcl: F. Gy. \u00e9let\u00fatja (Mv. -Bp., 2014); Nurids\u00e1ny Tibor: 100 \u00e9ve alakult meg a Mv.-i Sport Egylet \u2013 MSE (N\u00fa., 1998. jan. 16); N\u00fa. (1997. j\u00fal. 15.; 2001. nov. 1.); RMKK; Sportegy\u00e9nis\u00e9gekre eml\u00e9keztek (N\u00fa., 2011. j\u00fan. 20.)<\/br><\/p>\n","protected":false},"excerpt":{"rendered":"<p>Mv., 1921. aug. 21., \u2020 Mv., 2001. okt. 29.: testnevel\u0151 tan\u00e1r, sportol\u00f3: \u00fasz\u00f3, v\u00edzilabda, j\u00e9gkorong, kos\u00e1rlabda, k\u00e9zilabda edz\u0151. \u2013 F. Gyula \u00e9s sz\u00f6v\u00e9rdi Sz\u00e1sz Ilona (1898\u20131987) fia. Feles\u00e9ge: Floroiu Gheorghina \/ Georgeta, Geta (1929- 2011), a MOGYI Testnevel\u00e9s \u00e9s Sport katedr\u00e1j\u00e1n lektor (1951\u201387). Fiaik: Gy\u00f6rgy (1957. j\u00fan. 27. \u2013), Mikl\u00f3s (1959. okt. 26. \u2013). \u2013 [&hellip;]<\/p>\n","protected":false},"featured_media":0,"comment_status":"open","ping_status":"closed","template":"","meta":[],"product_brand":[],"product_cat":[137],"product_tag":[],"class_list":{"0":"post-8392","1":"product","2":"type-product","3":"status-publish","5":"product_cat-maros-megyei-eletrajzi-lexikon","7":"first","8":"instock","9":"shipping-taxable","10":"product-type-simple"},"_links":{"self":[{"href":"https:\/\/uj.adatbank.ro\/lexikon\/wp-json\/wp\/v2\/product\/8392","targetHints":{"allow":["GET"]}}],"collection":[{"href":"https:\/\/uj.adatbank.ro\/lexikon\/wp-json\/wp\/v2\/product"}],"about":[{"href":"https:\/\/uj.adatbank.ro\/lexikon\/wp-json\/wp\/v2\/types\/product"}],"replies":[{"embeddable":true,"href":"https:\/\/uj.adatbank.ro\/lexikon\/wp-json\/wp\/v2\/comments?post=8392"}],"wp:attachment":[{"href":"https:\/\/uj.adatbank.ro\/lexikon\/wp-json\/wp\/v2\/media?parent=8392"}],"wp:term":[{"taxonomy":"product_brand","embeddable":true,"href":"https:\/\/uj.adatbank.ro\/lexikon\/wp-json\/wp\/v2\/product_brand?post=8392"},{"taxonomy":"product_cat","embeddable":true,"href":"https:\/\/uj.adatbank.ro\/lexikon\/wp-json\/wp\/v2\/product_cat?post=8392"},{"taxonomy":"product_tag","embeddable":true,"href":"https:\/\/uj.adatbank.ro\/lexikon\/wp-json\/wp\/v2\/product_tag?post=8392"}],"curies":[{"name":"wp","href":"https:\/\/api.w.org\/{rel}","templated":true}]}}