{"id":8394,"date":"2025-06-29T10:24:37","date_gmt":"2025-06-29T08:24:37","guid":{"rendered":"https:\/\/uj.adatbank.ro\/lexikon\/termek\/fulop-gyula\/"},"modified":"2025-06-29T10:24:37","modified_gmt":"2025-06-29T08:24:37","slug":"fulop-gyula","status":"publish","type":"product","link":"https:\/\/uj.adatbank.ro\/lexikon\/termek\/fulop-gyula\/","title":{"rendered":"F\u00dcL\u00d6P Gyula"},"content":{"rendered":"<p>Kv., 1893., \u2020 Mv., 1939. m\u00e1j. 31.: lev\u00e9lt\u00e1ros. \u2013 F. G\u00e1bor \u00e9s Fekete Ida (Kutyfalva, 1875-Szamos\u00fajv\u00e1r, 1967) fia. Feles\u00e9ge: sz\u00f6v\u00e9rdi Sz\u00e1sz Ilona (1898\u20131987). Fiaik: J\u00f3zsef \u00e9s Gy\u00f6rgy (1921-Mv., 2001). \u2013 MT vm.-i f\u0151lev\u00e9lt\u00e1rnok. <br \/><strong>Irod.:<\/strong> Csekme; ifj. F\u00fcl\u00f6p Gy\u00f6rgy: P\u00e1ly\u00e1n k\u00edv\u00fcl \u2013 p\u00e1ly\u00e1n bel\u00fcl: F. Gy\u00f6rgy \u00e9let\u00fatja (Mv. -Bp., 2014); Gy\u00e1szjelent\u0151; Id\u0151t\u00e1r 3<\/br><\/p>\n","protected":false},"excerpt":{"rendered":"<p>Kv., 1893., \u2020 Mv., 1939. m\u00e1j. 31.: lev\u00e9lt\u00e1ros. \u2013 F. G\u00e1bor \u00e9s Fekete Ida (Kutyfalva, 1875-Szamos\u00fajv\u00e1r, 1967) fia. Feles\u00e9ge: sz\u00f6v\u00e9rdi Sz\u00e1sz Ilona (1898\u20131987). Fiaik: J\u00f3zsef \u00e9s Gy\u00f6rgy (1921-Mv., 2001). \u2013 MT vm.-i f\u0151lev\u00e9lt\u00e1rnok. Irod.: Csekme; ifj. F\u00fcl\u00f6p Gy\u00f6rgy: P\u00e1ly\u00e1n k\u00edv\u00fcl \u2013 p\u00e1ly\u00e1n bel\u00fcl: F. Gy\u00f6rgy \u00e9let\u00fatja (Mv. -Bp., 2014); Gy\u00e1szjelent\u0151; Id\u0151t\u00e1r 3<\/p>\n","protected":false},"featured_media":0,"comment_status":"open","ping_status":"closed","template":"","meta":[],"product_brand":[],"product_cat":[137],"product_tag":[],"class_list":{"0":"post-8394","1":"product","2":"type-product","3":"status-publish","5":"product_cat-maros-megyei-eletrajzi-lexikon","7":"first","8":"instock","9":"shipping-taxable","10":"product-type-simple"},"_links":{"self":[{"href":"https:\/\/uj.adatbank.ro\/lexikon\/wp-json\/wp\/v2\/product\/8394","targetHints":{"allow":["GET"]}}],"collection":[{"href":"https:\/\/uj.adatbank.ro\/lexikon\/wp-json\/wp\/v2\/product"}],"about":[{"href":"https:\/\/uj.adatbank.ro\/lexikon\/wp-json\/wp\/v2\/types\/product"}],"replies":[{"embeddable":true,"href":"https:\/\/uj.adatbank.ro\/lexikon\/wp-json\/wp\/v2\/comments?post=8394"}],"wp:attachment":[{"href":"https:\/\/uj.adatbank.ro\/lexikon\/wp-json\/wp\/v2\/media?parent=8394"}],"wp:term":[{"taxonomy":"product_brand","embeddable":true,"href":"https:\/\/uj.adatbank.ro\/lexikon\/wp-json\/wp\/v2\/product_brand?post=8394"},{"taxonomy":"product_cat","embeddable":true,"href":"https:\/\/uj.adatbank.ro\/lexikon\/wp-json\/wp\/v2\/product_cat?post=8394"},{"taxonomy":"product_tag","embeddable":true,"href":"https:\/\/uj.adatbank.ro\/lexikon\/wp-json\/wp\/v2\/product_tag?post=8394"}],"curies":[{"name":"wp","href":"https:\/\/api.w.org\/{rel}","templated":true}]}}