{"id":8398,"date":"2025-06-29T10:24:45","date_gmt":"2025-06-29T08:24:45","guid":{"rendered":"https:\/\/uj.adatbank.ro\/lexikon\/termek\/fulop-janos-2\/"},"modified":"2025-06-29T10:24:45","modified_gmt":"2025-06-29T08:24:45","slug":"fulop-janos-2","status":"publish","type":"product","link":"https:\/\/uj.adatbank.ro\/lexikon\/termek\/fulop-janos-2\/","title":{"rendered":"F\u00dcL\u00d6P J\u00e1nos"},"content":{"rendered":"<p>1948? \u2020\u00a0Mv., 1995. aug. 3. : sportol\u00f3. \u2013 Az ASA k\u00e9zilabda-csapata kapusa. <br \/><strong>Irod.:<\/strong> [Nekrol\u00f3g] (N\u00fa., 1995. aug. 5.)<\/br><\/p>\n","protected":false},"excerpt":{"rendered":"<p>1948? \u2020\u00a0Mv., 1995. aug. 3. : sportol\u00f3. \u2013 Az ASA k\u00e9zilabda-csapata kapusa. Irod.: [Nekrol\u00f3g] (N\u00fa., 1995. aug. 5.)<\/p>\n","protected":false},"featured_media":0,"comment_status":"open","ping_status":"closed","template":"","meta":[],"product_brand":[],"product_cat":[137],"product_tag":[],"class_list":{"0":"post-8398","1":"product","2":"type-product","3":"status-publish","5":"product_cat-maros-megyei-eletrajzi-lexikon","7":"first","8":"instock","9":"shipping-taxable","10":"product-type-simple"},"_links":{"self":[{"href":"https:\/\/uj.adatbank.ro\/lexikon\/wp-json\/wp\/v2\/product\/8398","targetHints":{"allow":["GET"]}}],"collection":[{"href":"https:\/\/uj.adatbank.ro\/lexikon\/wp-json\/wp\/v2\/product"}],"about":[{"href":"https:\/\/uj.adatbank.ro\/lexikon\/wp-json\/wp\/v2\/types\/product"}],"replies":[{"embeddable":true,"href":"https:\/\/uj.adatbank.ro\/lexikon\/wp-json\/wp\/v2\/comments?post=8398"}],"wp:attachment":[{"href":"https:\/\/uj.adatbank.ro\/lexikon\/wp-json\/wp\/v2\/media?parent=8398"}],"wp:term":[{"taxonomy":"product_brand","embeddable":true,"href":"https:\/\/uj.adatbank.ro\/lexikon\/wp-json\/wp\/v2\/product_brand?post=8398"},{"taxonomy":"product_cat","embeddable":true,"href":"https:\/\/uj.adatbank.ro\/lexikon\/wp-json\/wp\/v2\/product_cat?post=8398"},{"taxonomy":"product_tag","embeddable":true,"href":"https:\/\/uj.adatbank.ro\/lexikon\/wp-json\/wp\/v2\/product_tag?post=8398"}],"curies":[{"name":"wp","href":"https:\/\/api.w.org\/{rel}","templated":true}]}}