{"id":8399,"date":"2025-06-29T10:24:46","date_gmt":"2025-06-29T08:24:46","guid":{"rendered":"https:\/\/uj.adatbank.ro\/lexikon\/termek\/fulop-jozsef\/"},"modified":"2025-06-29T10:24:46","modified_gmt":"2025-06-29T08:24:46","slug":"fulop-jozsef","status":"publish","type":"product","link":"https:\/\/uj.adatbank.ro\/lexikon\/termek\/fulop-jozsef\/","title":{"rendered":"F\u00dcL\u00d6P J\u00f3zsef"},"content":{"rendered":"<p>Sz\u00e1szr\u00e9gen, 1904. jan. 30., \u2020 Kack\u00f3, 1975. dec. 3. : k\u00f6lt\u0151, szerk. \u2013 Sz\u00e9kelykereszt\u00faron az Unit. Gimn.-ban tanult, ahol az \u00f6nk\u00e9pz\u0151k\u00f6r Hajnal c. ifj\u00fas\u00e1gi lapj\u00e1t szerk. -tette, majd Szegeden jogot v\u00e9gzett. Szamos\u00fajv\u00e1ron hivatalnok, a Heti Hirek \u00e9s a Szamos T\u00fckre c. helyi lapok f\u0151munkat\u00e1rsa (1929\u201331); \u00edr\u00e1sait a P\u00e1sztort\u0171z k\u00f6z\u00f6lte. \u2013 <strong>F. m.:<\/strong> Verg\u0151dik, l\u00e1zadoz a lelkem (Szeged., 1925); Fakirr\u00e1 lesz a lelk\u00fcnk (Szamos\u00fajv\u00e1r, 1934). <br \/><strong>Irod.:<\/strong> M\u00c9L\u00a0; P\u00e1sztort\u0171z (1934. 9. sz.); Profiluri reghinene; RMIL<\/br><\/p>\n","protected":false},"excerpt":{"rendered":"<p>Sz\u00e1szr\u00e9gen, 1904. jan. 30., \u2020 Kack\u00f3, 1975. dec. 3. : k\u00f6lt\u0151, szerk. \u2013 Sz\u00e9kelykereszt\u00faron az Unit. Gimn.-ban tanult, ahol az \u00f6nk\u00e9pz\u0151k\u00f6r Hajnal c. ifj\u00fas\u00e1gi lapj\u00e1t szerk. -tette, majd Szegeden jogot v\u00e9gzett. Szamos\u00fajv\u00e1ron hivatalnok, a Heti Hirek \u00e9s a Szamos T\u00fckre c. helyi lapok f\u0151munkat\u00e1rsa (1929\u201331); \u00edr\u00e1sait a P\u00e1sztort\u0171z k\u00f6z\u00f6lte. \u2013 F. m.: Verg\u0151dik, l\u00e1zadoz a [&hellip;]<\/p>\n","protected":false},"featured_media":0,"comment_status":"open","ping_status":"closed","template":"","meta":[],"product_brand":[],"product_cat":[137],"product_tag":[],"class_list":{"0":"post-8399","1":"product","2":"type-product","3":"status-publish","5":"product_cat-maros-megyei-eletrajzi-lexikon","7":"first","8":"instock","9":"shipping-taxable","10":"product-type-simple"},"_links":{"self":[{"href":"https:\/\/uj.adatbank.ro\/lexikon\/wp-json\/wp\/v2\/product\/8399","targetHints":{"allow":["GET"]}}],"collection":[{"href":"https:\/\/uj.adatbank.ro\/lexikon\/wp-json\/wp\/v2\/product"}],"about":[{"href":"https:\/\/uj.adatbank.ro\/lexikon\/wp-json\/wp\/v2\/types\/product"}],"replies":[{"embeddable":true,"href":"https:\/\/uj.adatbank.ro\/lexikon\/wp-json\/wp\/v2\/comments?post=8399"}],"wp:attachment":[{"href":"https:\/\/uj.adatbank.ro\/lexikon\/wp-json\/wp\/v2\/media?parent=8399"}],"wp:term":[{"taxonomy":"product_brand","embeddable":true,"href":"https:\/\/uj.adatbank.ro\/lexikon\/wp-json\/wp\/v2\/product_brand?post=8399"},{"taxonomy":"product_cat","embeddable":true,"href":"https:\/\/uj.adatbank.ro\/lexikon\/wp-json\/wp\/v2\/product_cat?post=8399"},{"taxonomy":"product_tag","embeddable":true,"href":"https:\/\/uj.adatbank.ro\/lexikon\/wp-json\/wp\/v2\/product_tag?post=8399"}],"curies":[{"name":"wp","href":"https:\/\/api.w.org\/{rel}","templated":true}]}}