{"id":8400,"date":"2025-06-29T10:24:48","date_gmt":"2025-06-29T08:24:48","guid":{"rendered":"https:\/\/uj.adatbank.ro\/lexikon\/termek\/fulop-kalman\/"},"modified":"2025-06-29T10:24:48","modified_gmt":"2025-06-29T08:24:48","slug":"fulop-kalman","status":"publish","type":"product","link":"https:\/\/uj.adatbank.ro\/lexikon\/termek\/fulop-kalman\/","title":{"rendered":"F\u00dcL\u00d6P K\u00e1lm\u00e1n"},"content":{"rendered":"<p>Csegez, 1887. okt. 18., \u2020\u00a0? : dr., tan\u00e1r. \u2013 Apja F. Samu, n\u00e9ptan\u00edt\u00f3, \u00edr\u00f3. \u2013 Gyakornok tan\u00e1r a mv.-i Ref. Koll.-ban (1912\u201313). <br \/><strong>Irod.:<\/strong> EM; Mv. t\u00f6rt. 2.<\/br><\/p>\n","protected":false},"excerpt":{"rendered":"<p>Csegez, 1887. okt. 18., \u2020\u00a0? : dr., tan\u00e1r. \u2013 Apja F. Samu, n\u00e9ptan\u00edt\u00f3, \u00edr\u00f3. \u2013 Gyakornok tan\u00e1r a mv.-i Ref. Koll.-ban (1912\u201313). Irod.: EM; Mv. t\u00f6rt. 2.<\/p>\n","protected":false},"featured_media":0,"comment_status":"open","ping_status":"closed","template":"","meta":[],"product_brand":[],"product_cat":[137],"product_tag":[],"class_list":{"0":"post-8400","1":"product","2":"type-product","3":"status-publish","5":"product_cat-maros-megyei-eletrajzi-lexikon","7":"first","8":"instock","9":"shipping-taxable","10":"product-type-simple"},"_links":{"self":[{"href":"https:\/\/uj.adatbank.ro\/lexikon\/wp-json\/wp\/v2\/product\/8400","targetHints":{"allow":["GET"]}}],"collection":[{"href":"https:\/\/uj.adatbank.ro\/lexikon\/wp-json\/wp\/v2\/product"}],"about":[{"href":"https:\/\/uj.adatbank.ro\/lexikon\/wp-json\/wp\/v2\/types\/product"}],"replies":[{"embeddable":true,"href":"https:\/\/uj.adatbank.ro\/lexikon\/wp-json\/wp\/v2\/comments?post=8400"}],"wp:attachment":[{"href":"https:\/\/uj.adatbank.ro\/lexikon\/wp-json\/wp\/v2\/media?parent=8400"}],"wp:term":[{"taxonomy":"product_brand","embeddable":true,"href":"https:\/\/uj.adatbank.ro\/lexikon\/wp-json\/wp\/v2\/product_brand?post=8400"},{"taxonomy":"product_cat","embeddable":true,"href":"https:\/\/uj.adatbank.ro\/lexikon\/wp-json\/wp\/v2\/product_cat?post=8400"},{"taxonomy":"product_tag","embeddable":true,"href":"https:\/\/uj.adatbank.ro\/lexikon\/wp-json\/wp\/v2\/product_tag?post=8400"}],"curies":[{"name":"wp","href":"https:\/\/api.w.org\/{rel}","templated":true}]}}