{"id":8402,"date":"2025-06-29T10:24:55","date_gmt":"2025-06-29T08:24:55","guid":{"rendered":"https:\/\/uj.adatbank.ro\/lexikon\/termek\/fulop-laszlo\/"},"modified":"2025-06-29T10:24:55","modified_gmt":"2025-06-29T08:24:55","slug":"fulop-laszlo","status":"publish","type":"product","link":"https:\/\/uj.adatbank.ro\/lexikon\/termek\/fulop-laszlo\/","title":{"rendered":"F\u00dcL\u00d6P L\u00e1szl\u00f3"},"content":{"rendered":"<p>Harangl\u00e1b, 1918. okt. 24., \u2020\u00a0?: dr. phil. vegy\u00e9sz. \u2013 Tanulm\u00e1nyait a buk.-i, debreceni, bp.-i egyetemeken v\u00e9gezte, doktor\u00e1lt Bp.-en (1944). \u2013 <strong>F. m.:<\/strong> A bork\u0151sav n\u00e1triummolibl\u00e1ttal \u00e9s n\u00e1triumwolfr\u00e1mmal k\u00e9pzett komplexeinek forgat\u00f3k\u00e9pess\u00e9ge diszperzi\u00f3j\u00e1r\u00f3l (Bp., 1944). <br \/><strong>Irod.:<\/strong> Guly\u00e1s<\/br><\/p>\n","protected":false},"excerpt":{"rendered":"<p>Harangl\u00e1b, 1918. okt. 24., \u2020\u00a0?: dr. phil. vegy\u00e9sz. \u2013 Tanulm\u00e1nyait a buk.-i, debreceni, bp.-i egyetemeken v\u00e9gezte, doktor\u00e1lt Bp.-en (1944). \u2013 F. m.: A bork\u0151sav n\u00e1triummolibl\u00e1ttal \u00e9s n\u00e1triumwolfr\u00e1mmal k\u00e9pzett komplexeinek forgat\u00f3k\u00e9pess\u00e9ge diszperzi\u00f3j\u00e1r\u00f3l (Bp., 1944). Irod.: Guly\u00e1s<\/p>\n","protected":false},"featured_media":0,"comment_status":"open","ping_status":"closed","template":"","meta":[],"product_brand":[],"product_cat":[137],"product_tag":[],"class_list":{"0":"post-8402","1":"product","2":"type-product","3":"status-publish","5":"product_cat-maros-megyei-eletrajzi-lexikon","7":"first","8":"instock","9":"shipping-taxable","10":"product-type-simple"},"_links":{"self":[{"href":"https:\/\/uj.adatbank.ro\/lexikon\/wp-json\/wp\/v2\/product\/8402","targetHints":{"allow":["GET"]}}],"collection":[{"href":"https:\/\/uj.adatbank.ro\/lexikon\/wp-json\/wp\/v2\/product"}],"about":[{"href":"https:\/\/uj.adatbank.ro\/lexikon\/wp-json\/wp\/v2\/types\/product"}],"replies":[{"embeddable":true,"href":"https:\/\/uj.adatbank.ro\/lexikon\/wp-json\/wp\/v2\/comments?post=8402"}],"wp:attachment":[{"href":"https:\/\/uj.adatbank.ro\/lexikon\/wp-json\/wp\/v2\/media?parent=8402"}],"wp:term":[{"taxonomy":"product_brand","embeddable":true,"href":"https:\/\/uj.adatbank.ro\/lexikon\/wp-json\/wp\/v2\/product_brand?post=8402"},{"taxonomy":"product_cat","embeddable":true,"href":"https:\/\/uj.adatbank.ro\/lexikon\/wp-json\/wp\/v2\/product_cat?post=8402"},{"taxonomy":"product_tag","embeddable":true,"href":"https:\/\/uj.adatbank.ro\/lexikon\/wp-json\/wp\/v2\/product_tag?post=8402"}],"curies":[{"name":"wp","href":"https:\/\/api.w.org\/{rel}","templated":true}]}}