{"id":8403,"date":"2025-06-29T10:24:56","date_gmt":"2025-06-29T08:24:56","guid":{"rendered":"https:\/\/uj.adatbank.ro\/lexikon\/termek\/fulop-laszlo-2\/"},"modified":"2025-06-29T10:24:56","modified_gmt":"2025-06-29T08:24:56","slug":"fulop-laszlo-2","status":"publish","type":"product","link":"https:\/\/uj.adatbank.ro\/lexikon\/termek\/fulop-laszlo-2\/","title":{"rendered":"F\u00dcL\u00d6P L\u00e1szl\u00f3"},"content":{"rendered":"<p>Szov\u00e1ta, , 1921. j\u00fan. 25., \u2020\u00a0Szov\u00e1ta, 2006. \u00e1pr. 17.: vit\u00e9z. \u2013 A mv.-i m. kir. 23. honv\u00e9d hat\u00e1rvad\u00e1sz- z\u00e1szl\u00f3alj sorkaton\u00e1ja (1941. jan. 4. \u2013), majd a csend\u0151rs\u00e9ghez jelentkezett (1943 k.), a salg\u00f3tarj\u00e1ni csend\u0151r gyalog tansz\u00e1zad k\u00f6tel\u00e9k\u00e9be tartozott. (1944). A II. vh. Sor\u00e1n hadifogoly (1945. m\u00e1j. 9. &#8211; szept. 4-ig) hadifogs\u00e1gban volt. <br \/><strong>Irod.:<\/strong> Nemes \u2013 Csend\u0151rs\u00e9g<\/br><\/p>\n","protected":false},"excerpt":{"rendered":"<p>Szov\u00e1ta, , 1921. j\u00fan. 25., \u2020\u00a0Szov\u00e1ta, 2006. \u00e1pr. 17.: vit\u00e9z. \u2013 A mv.-i m. kir. 23. honv\u00e9d hat\u00e1rvad\u00e1sz- z\u00e1szl\u00f3alj sorkaton\u00e1ja (1941. jan. 4. \u2013), majd a csend\u0151rs\u00e9ghez jelentkezett (1943 k.), a salg\u00f3tarj\u00e1ni csend\u0151r gyalog tansz\u00e1zad k\u00f6tel\u00e9k\u00e9be tartozott. (1944). A II. vh. Sor\u00e1n hadifogoly (1945. m\u00e1j. 9. &#8211; szept. 4-ig) hadifogs\u00e1gban volt. Irod.: Nemes \u2013 Csend\u0151rs\u00e9g<\/p>\n","protected":false},"featured_media":0,"comment_status":"open","ping_status":"closed","template":"","meta":[],"product_brand":[],"product_cat":[137],"product_tag":[],"class_list":{"0":"post-8403","1":"product","2":"type-product","3":"status-publish","5":"product_cat-maros-megyei-eletrajzi-lexikon","7":"first","8":"instock","9":"shipping-taxable","10":"product-type-simple"},"_links":{"self":[{"href":"https:\/\/uj.adatbank.ro\/lexikon\/wp-json\/wp\/v2\/product\/8403","targetHints":{"allow":["GET"]}}],"collection":[{"href":"https:\/\/uj.adatbank.ro\/lexikon\/wp-json\/wp\/v2\/product"}],"about":[{"href":"https:\/\/uj.adatbank.ro\/lexikon\/wp-json\/wp\/v2\/types\/product"}],"replies":[{"embeddable":true,"href":"https:\/\/uj.adatbank.ro\/lexikon\/wp-json\/wp\/v2\/comments?post=8403"}],"wp:attachment":[{"href":"https:\/\/uj.adatbank.ro\/lexikon\/wp-json\/wp\/v2\/media?parent=8403"}],"wp:term":[{"taxonomy":"product_brand","embeddable":true,"href":"https:\/\/uj.adatbank.ro\/lexikon\/wp-json\/wp\/v2\/product_brand?post=8403"},{"taxonomy":"product_cat","embeddable":true,"href":"https:\/\/uj.adatbank.ro\/lexikon\/wp-json\/wp\/v2\/product_cat?post=8403"},{"taxonomy":"product_tag","embeddable":true,"href":"https:\/\/uj.adatbank.ro\/lexikon\/wp-json\/wp\/v2\/product_tag?post=8403"}],"curies":[{"name":"wp","href":"https:\/\/api.w.org\/{rel}","templated":true}]}}