{"id":8404,"date":"2025-06-29T10:24:58","date_gmt":"2025-06-29T08:24:58","guid":{"rendered":"https:\/\/uj.adatbank.ro\/lexikon\/termek\/fulop-m-gyorgy\/"},"modified":"2025-06-29T10:24:58","modified_gmt":"2025-06-29T08:24:58","slug":"fulop-m-gyorgy","status":"publish","type":"product","link":"https:\/\/uj.adatbank.ro\/lexikon\/termek\/fulop-m-gyorgy\/","title":{"rendered":"F\u00dcL\u00d6P M. Gy\u00f6rgy"},"content":{"rendered":"<p>B\u00faz\u00e1sbeseny\u0151, 1931. m\u00e1rc. 22., \u2020\u00a0?: politikai fogoly. \u2013 Letart\u00f3ztatt\u00e1k (1958. okt. 8.) \u00e9s 7 \u00e9vre \u00edt\u00e9lt\u00e9k (szabadult: 1962. okt. 4.). Elh\u00fanyt. \u2013 Irod: 1956 Erd\u00e9lyben<\/br><\/p>\n","protected":false},"excerpt":{"rendered":"<p>B\u00faz\u00e1sbeseny\u0151, 1931. m\u00e1rc. 22., \u2020\u00a0?: politikai fogoly. \u2013 Letart\u00f3ztatt\u00e1k (1958. okt. 8.) \u00e9s 7 \u00e9vre \u00edt\u00e9lt\u00e9k (szabadult: 1962. okt. 4.). Elh\u00fanyt. \u2013 Irod: 1956 Erd\u00e9lyben<\/p>\n","protected":false},"featured_media":0,"comment_status":"open","ping_status":"closed","template":"","meta":[],"product_brand":[],"product_cat":[137],"product_tag":[],"class_list":{"0":"post-8404","1":"product","2":"type-product","3":"status-publish","5":"product_cat-maros-megyei-eletrajzi-lexikon","7":"first","8":"instock","9":"shipping-taxable","10":"product-type-simple"},"_links":{"self":[{"href":"https:\/\/uj.adatbank.ro\/lexikon\/wp-json\/wp\/v2\/product\/8404","targetHints":{"allow":["GET"]}}],"collection":[{"href":"https:\/\/uj.adatbank.ro\/lexikon\/wp-json\/wp\/v2\/product"}],"about":[{"href":"https:\/\/uj.adatbank.ro\/lexikon\/wp-json\/wp\/v2\/types\/product"}],"replies":[{"embeddable":true,"href":"https:\/\/uj.adatbank.ro\/lexikon\/wp-json\/wp\/v2\/comments?post=8404"}],"wp:attachment":[{"href":"https:\/\/uj.adatbank.ro\/lexikon\/wp-json\/wp\/v2\/media?parent=8404"}],"wp:term":[{"taxonomy":"product_brand","embeddable":true,"href":"https:\/\/uj.adatbank.ro\/lexikon\/wp-json\/wp\/v2\/product_brand?post=8404"},{"taxonomy":"product_cat","embeddable":true,"href":"https:\/\/uj.adatbank.ro\/lexikon\/wp-json\/wp\/v2\/product_cat?post=8404"},{"taxonomy":"product_tag","embeddable":true,"href":"https:\/\/uj.adatbank.ro\/lexikon\/wp-json\/wp\/v2\/product_tag?post=8404"}],"curies":[{"name":"wp","href":"https:\/\/api.w.org\/{rel}","templated":true}]}}