{"id":8406,"date":"2025-06-29T10:25:02","date_gmt":"2025-06-29T08:25:02","guid":{"rendered":"https:\/\/uj.adatbank.ro\/lexikon\/termek\/fulop-nyilka-katalin\/"},"modified":"2025-06-29T10:25:02","modified_gmt":"2025-06-29T08:25:02","slug":"fulop-nyilka-katalin","status":"publish","type":"product","link":"https:\/\/uj.adatbank.ro\/lexikon\/termek\/fulop-nyilka-katalin\/","title":{"rendered":"F\u00dcL\u00d6P NYILKA Katalin"},"content":{"rendered":"<p>Mv., 1935, \u2020 Mv., 1864: orvos. \u2013 F\u00e9rje Nyilka R\u00f3bert. Mv.-en v\u00e9gezte az orvosi egyetemet (1959). Als\u00f3idecsen k\u00f6rzeti orvos. <br \/><strong>Irod.:<\/strong> Kiss\u2013P\u00e9terffy\u2013P\u00e9terffy<\/br><\/p>\n","protected":false},"excerpt":{"rendered":"<p>Mv., 1935, \u2020 Mv., 1864: orvos. \u2013 F\u00e9rje Nyilka R\u00f3bert. Mv.-en v\u00e9gezte az orvosi egyetemet (1959). Als\u00f3idecsen k\u00f6rzeti orvos. Irod.: Kiss\u2013P\u00e9terffy\u2013P\u00e9terffy<\/p>\n","protected":false},"featured_media":0,"comment_status":"open","ping_status":"closed","template":"","meta":[],"product_brand":[],"product_cat":[137],"product_tag":[],"class_list":{"0":"post-8406","1":"product","2":"type-product","3":"status-publish","5":"product_cat-maros-megyei-eletrajzi-lexikon","7":"first","8":"instock","9":"shipping-taxable","10":"product-type-simple"},"_links":{"self":[{"href":"https:\/\/uj.adatbank.ro\/lexikon\/wp-json\/wp\/v2\/product\/8406","targetHints":{"allow":["GET"]}}],"collection":[{"href":"https:\/\/uj.adatbank.ro\/lexikon\/wp-json\/wp\/v2\/product"}],"about":[{"href":"https:\/\/uj.adatbank.ro\/lexikon\/wp-json\/wp\/v2\/types\/product"}],"replies":[{"embeddable":true,"href":"https:\/\/uj.adatbank.ro\/lexikon\/wp-json\/wp\/v2\/comments?post=8406"}],"wp:attachment":[{"href":"https:\/\/uj.adatbank.ro\/lexikon\/wp-json\/wp\/v2\/media?parent=8406"}],"wp:term":[{"taxonomy":"product_brand","embeddable":true,"href":"https:\/\/uj.adatbank.ro\/lexikon\/wp-json\/wp\/v2\/product_brand?post=8406"},{"taxonomy":"product_cat","embeddable":true,"href":"https:\/\/uj.adatbank.ro\/lexikon\/wp-json\/wp\/v2\/product_cat?post=8406"},{"taxonomy":"product_tag","embeddable":true,"href":"https:\/\/uj.adatbank.ro\/lexikon\/wp-json\/wp\/v2\/product_tag?post=8406"}],"curies":[{"name":"wp","href":"https:\/\/api.w.org\/{rel}","templated":true}]}}